{"id":4521,"date":"2021-11-29T20:04:47","date_gmt":"2021-11-29T20:04:47","guid":{"rendered":"https:\/\/carloscaballerosa.com\/?page_id=4521"},"modified":"2022-04-17T14:16:45","modified_gmt":"2022-04-17T14:16:45","slug":"obras-y-montaje","status":"publish","type":"page","link":"https:\/\/carloscaballerosa.com\/en\/unidades-de-negocio\/obras-y-montaje\/","title":{"rendered":"Obras y Montaje"},"content":{"rendered":"<div data-elementor-type=\"wp-page\" data-elementor-id=\"4521\" class=\"elementor elementor-4521\" data-elementor-settings=\"[]\">\n\t\t\t\t\t\t\t<div class=\"elementor-section-wrap\">\n\t\t\t\t\t\t\t<div class=\"elementor-section elementor-inner-section elementor-element elementor-element-62cf29c6 elementor-section-boxed elementor-section-height-default elementor-section-height-default\" data-id=\"62cf29c6\" data-element_type=\"section\">\n\t\t\t\t\t\t<div class=\"elementor-container elementor-column-gap-default\">\n\t\t\t\t\t<div class=\"elementor-column elementor-col-100 elementor-inner-column elementor-element elementor-element-93ab036\" data-id=\"93ab036\" data-element_type=\"column\">\n\t\t\t<div class=\"elementor-widget-wrap elementor-element-populated\">\n\t\t\t\t\t\t\t\t<div class=\"elementor-element elementor-element-fcab56c elementor-widget elementor-widget-section_title\" data-id=\"fcab56c\" data-element_type=\"widget\" data-widget_type=\"section_title.default\">\n\t\t\t\t<div class=\"elementor-widget-container\">\n\t\t\t\r\n\r\n\r\n<div class=\"pt-section-title-box\">   \r\n   \t\t<span class=\"pt-section-sub-title\">unidades de negocio<\/span>     \t<h5 class=\"pt-section-title\">Obras Y Montaje<\/h5>     \t<p class=\"pt-section-description\"><p>Trabajamos de acuerdo a las normas internacionales ASME (American Society Of Mechanical Engineers), API(American Petroliun Institure), UBC (Uniform Building Code), AWS (Amerian Welding Society), NFPA (National fire Protection Association), NEC (National Electric code), ASTM(American Society of Testing Materials), ACI (American Concrete Institute)<\/p><p>Contamos\/ Hemos realizado m\u00e1s de 60 proyectos EPC y m\u00e1s de 120 montajes desarrollados exitosamente para rubros como ser petrolero, minero, cementero, industrial y energ\u00e9tico, la Unidad de negocios Obras y Montaje de Carlos Caballero ofrece al mercado soluciones integrales en ingenier\u00eda, procura, montaje, construcci\u00f3n y puesta en marcha de proyectos.<\/p><p>Trabajamos comprometidos con el cumplimiento estricto de la legislaci\u00f3n vigente, normas y lineamientos de calidad, seguridad, salud ocupacional y medio ambiente, respetando nuestro entorno, aportando siempre a lograr los resultados esperados en obra a trav\u00e9s de equipos profesionales comprometidos y creativos.(National fire Protection Association), NEC (National Electric code), ASTM(American Society of Testing Materials), ACI (American Concrete Institute).<\/p><p>\u00a0<\/p>   \r\n<\/div>\t\t<\/div>\n\t\t\t\t<\/div>\n\t\t\t\t<div class=\"elementor-element elementor-element-38b11c7 elementor-widget elementor-widget-accordion\" data-id=\"38b11c7\" data-element_type=\"widget\" data-widget_type=\"accordion.default\">\n\t\t\t\t<div class=\"elementor-widget-container\">\n\t\t\t\t\t<div class=\"elementor-accordion\" role=\"tablist\">\n\t\t\t\t\t\t\t<div class=\"elementor-accordion-item\">\n\t\t\t\t\t<div id=\"elementor-tab-title-5941\" class=\"elementor-tab-title\" data-tab=\"1\" role=\"tab\" aria-controls=\"elementor-tab-content-5941\" aria-expanded=\"false\">\n\t\t\t\t\t\t\t\t\t\t\t\t\t<span class=\"elementor-accordion-icon elementor-accordion-icon-left\" aria-hidden=\"true\">\n\t\t\t\t\t\t\t\t\t\t\t\t\t\t\t<span class=\"elementor-accordion-icon-closed\"><i class=\"fas fa-angle-double-down\"><\/i><\/span>\n\t\t\t\t\t\t\t\t<span class=\"elementor-accordion-icon-opened\"><i class=\"fas fa-angle-double-up\"><\/i><\/span>\n\t\t\t\t\t\t\t\t\t\t\t\t\t\t<\/span>\n\t\t\t\t\t\t\t\t\t\t\t\t<a class=\"elementor-accordion-title\" href=\"\">Equipamiento<\/a>\n\t\t\t\t\t<\/div>\n\t\t\t\t\t<div id=\"elementor-tab-content-5941\" class=\"elementor-tab-content elementor-clearfix\" data-tab=\"1\" role=\"tabpanel\" aria-labelledby=\"elementor-tab-title-5941\"><ul><li>Gr\u00faas Torre de distintas capacidades<\/li><li>Soldadura por arco (SMAW) \/MIG\/ MAG \/ TIG \/ Arco Sumergido (SAW)<\/li><li>Equipos de soldadura orbital para piping de \u00bd\u201d a 42\u201d y rieles p\/ mayores di\u00e1metros,<\/li><li>Equipos de Tratamiento t\u00e9rmico inductivo y tratamiento t\u00e9rmico resistivo<\/li><li>Sistema IRIZAR p\/montaje vertical hidr\u00e1ulico de TK\u2019s API de hasta 80 m de di\u00e1metro<\/li><li>Tratamiento de superficies in situ (arenado\/granallado\/pintado)<\/li><li>Flota de camionetas 4\u00d74<\/li><li>Flota de Camiones tipo tr\u00e1iler y est\u00e1ndar<\/li><li>Estaciones Totales para relevamiento topogr\u00e1fico<\/li><li>Escanner 3D para optimizar el relevamiento de instalaciones superficiales (Piping, equipos, tableros, entre otros)<\/li><li>Software de simulaci\u00f3n PIPE-FLO\u00ae Professional<\/li><li>Alianzas estrat\u00e9gicas en proceso, para contar con los software de \u00faltima generaci\u00f3n<\/li><li>Camiones mixers de cemento<\/li><li>Plantas de hormig\u00f3n<\/li><\/ul><\/div>\n\t\t\t\t<\/div>\n\t\t\t\t\t\t\t<div class=\"elementor-accordion-item\">\n\t\t\t\t\t<div id=\"elementor-tab-title-5942\" class=\"elementor-tab-title\" data-tab=\"2\" role=\"tab\" aria-controls=\"elementor-tab-content-5942\" aria-expanded=\"false\">\n\t\t\t\t\t\t\t\t\t\t\t\t\t<span class=\"elementor-accordion-icon elementor-accordion-icon-left\" aria-hidden=\"true\">\n\t\t\t\t\t\t\t\t\t\t\t\t\t\t\t<span class=\"elementor-accordion-icon-closed\"><i class=\"fas fa-angle-double-down\"><\/i><\/span>\n\t\t\t\t\t\t\t\t<span class=\"elementor-accordion-icon-opened\"><i class=\"fas fa-angle-double-up\"><\/i><\/span>\n\t\t\t\t\t\t\t\t\t\t\t\t\t\t<\/span>\n\t\t\t\t\t\t\t\t\t\t\t\t<a class=\"elementor-accordion-title\" href=\"\">Productos<\/a>\n\t\t\t\t\t<\/div>\n\t\t\t\t\t<div id=\"elementor-tab-content-5942\" class=\"elementor-tab-content elementor-clearfix\" data-tab=\"2\" role=\"tabpanel\" aria-labelledby=\"elementor-tab-title-5942\"><section class=\"elementor-section elementor-top-section elementor-element elementor-element-f31a07b elementor-section-boxed elementor-section-height-default elementor-section-height-default\" data-id=\"f31a07b\" data-element_type=\"section\"><div class=\"elementor-container elementor-column-gap-default\"><div class=\"elementor-column elementor-col-33 elementor-top-column elementor-element elementor-element-2db09ce\" data-id=\"2db09ce\" data-element_type=\"column\"><div class=\"elementor-widget-wrap elementor-element-populated\"><div class=\"elementor-element elementor-element-ca196bc elementor-widget elementor-widget-image\" data-id=\"ca196bc\" data-element_type=\"widget\" data-widget_type=\"image.default\"><div class=\"elementor-widget-container\"><img loading=\"lazy\" decoding=\"async\" class=\"alignnone size-medium wp-image-4131\" src=\"https:\/\/carloscaballerosa.com\/wp-content\/uploads\/2021\/11\/portada-proyectos-epc-300x300.jpg\" alt=\"\" width=\"300\" height=\"300\" srcset=\"https:\/\/carloscaballerosa.com\/wp-content\/uploads\/2021\/11\/portada-proyectos-epc-300x300.jpg 300w, https:\/\/carloscaballerosa.com\/wp-content\/uploads\/2021\/11\/portada-proyectos-epc-150x150.jpg 150w, https:\/\/carloscaballerosa.com\/wp-content\/uploads\/2021\/11\/portada-proyectos-epc-120x120.jpg 120w, https:\/\/carloscaballerosa.com\/wp-content\/uploads\/2021\/11\/portada-proyectos-epc-100x100.jpg 100w, https:\/\/carloscaballerosa.com\/wp-content\/uploads\/2021\/11\/portada-proyectos-epc.jpg 500w\" sizes=\"auto, (max-width: 300px) 100vw, 300px\" \/><\/div><\/div><\/div><\/div><div class=\"elementor-column elementor-col-66 elementor-top-column elementor-element elementor-element-058bafb\" data-id=\"058bafb\" data-element_type=\"column\"><div class=\"elementor-widget-wrap elementor-element-populated\"><div class=\"elementor-element elementor-element-bace077 elementor-widget elementor-widget-text-editor\" data-id=\"bace077\" data-element_type=\"widget\" data-widget_type=\"text-editor.default\"><div class=\"elementor-widget-container\"><p><strong>PROYECTOS EPC \u2013 INGENIER\u00cdA, PROCURA Y MONTAJE<\/strong><\/p><ul><li>Instalaciones en refiner\u00edas<\/li><li>Parques de almacenamiento de fluidos y\/o gases<\/li><li>Plantas industriales<\/li><li>Plantas cementeras<\/li><li>Plantas mineras<\/li><li>Plantas de fundici\u00f3n<\/li><li>Infraestructura<\/li><\/ul><\/div><\/div><\/div><\/div><\/div><\/section><section class=\"elementor-section elementor-top-section elementor-element elementor-element-0752fa9 elementor-section-boxed elementor-section-height-default elementor-section-height-default\" data-id=\"0752fa9\" data-element_type=\"section\"><div class=\"elementor-container elementor-column-gap-default\"><div class=\"elementor-column elementor-col-66 elementor-top-column elementor-element elementor-element-0da2aaf\" data-id=\"0da2aaf\" data-element_type=\"column\"><div class=\"elementor-widget-wrap elementor-element-populated\"><div class=\"elementor-element elementor-element-479da25 elementor-widget elementor-widget-text-editor\" data-id=\"479da25\" data-element_type=\"widget\" data-widget_type=\"text-editor.default\"><div class=\"elementor-widget-container\"><p><strong>MONTAJE Y CONSTRUCCIONES<\/strong><\/p><ul><li>Fabricaci\u00f3n, instalaci\u00f3n y mantenimiento de hornos de proceso<\/li><li>Sistemas de redes contra incendios para plantas industriales y refiner\u00edas<\/li><li>Fabricaci\u00f3n y montaje de tanques API<\/li><li>Fabricaci\u00f3n, construcci\u00f3n y montaje de tanques esf\u00e9ricos<\/li><li>Sistemas de separaci\u00f3n y acondicionamiento de gas<\/li><li>Columnas y Torres de proceso<\/li><li>Edificios y plantas industriales<\/li><li>Turbogeneradores<\/li><li>Revamp\u00a0y adecuaciones a normas<\/li><\/ul><\/div><\/div><\/div><\/div><div class=\"elementor-column elementor-col-33 elementor-top-column elementor-element elementor-element-670b6cd\" data-id=\"670b6cd\" data-element_type=\"column\"><div class=\"elementor-widget-wrap elementor-element-populated\"><div class=\"elementor-element elementor-element-3471f2b elementor-widget elementor-widget-image\" data-id=\"3471f2b\" data-element_type=\"widget\" data-widget_type=\"image.default\"><div class=\"elementor-widget-container\"><img loading=\"lazy\" decoding=\"async\" class=\"alignnone size-medium wp-image-4130\" src=\"https:\/\/carloscaballerosa.com\/wp-content\/uploads\/2021\/11\/portada-montaje-300x300.jpg\" alt=\"\" width=\"300\" height=\"300\" srcset=\"https:\/\/carloscaballerosa.com\/wp-content\/uploads\/2021\/11\/portada-montaje-300x300.jpg 300w, https:\/\/carloscaballerosa.com\/wp-content\/uploads\/2021\/11\/portada-montaje-150x150.jpg 150w, https:\/\/carloscaballerosa.com\/wp-content\/uploads\/2021\/11\/portada-montaje-120x120.jpg 120w, https:\/\/carloscaballerosa.com\/wp-content\/uploads\/2021\/11\/portada-montaje-100x100.jpg 100w, https:\/\/carloscaballerosa.com\/wp-content\/uploads\/2021\/11\/portada-montaje.jpg 750w\" sizes=\"auto, (max-width: 300px) 100vw, 300px\" \/><\/div><\/div><\/div><\/div><\/div><\/section><div class=\"elementor-container elementor-column-gap-default\"><div class=\"elementor-column elementor-col-33 elementor-top-column elementor-element elementor-element-1d735f0\" data-id=\"1d735f0\" data-element_type=\"column\"><div class=\"elementor-widget-wrap elementor-element-populated\"><div class=\"elementor-element elementor-element-aec7be1 elementor-widget elementor-widget-image\" data-id=\"aec7be1\" data-element_type=\"widget\" data-widget_type=\"image.default\"><div class=\"elementor-widget-container\"><img loading=\"lazy\" decoding=\"async\" class=\"alignnone size-medium wp-image-4132\" src=\"https:\/\/carloscaballerosa.com\/wp-content\/uploads\/2021\/11\/portada-servicios-especiales-300x300.jpg\" alt=\"\" width=\"300\" height=\"300\" srcset=\"https:\/\/carloscaballerosa.com\/wp-content\/uploads\/2021\/11\/portada-servicios-especiales-300x300.jpg 300w, https:\/\/carloscaballerosa.com\/wp-content\/uploads\/2021\/11\/portada-servicios-especiales-150x150.jpg 150w, https:\/\/carloscaballerosa.com\/wp-content\/uploads\/2021\/11\/portada-servicios-especiales-120x120.jpg 120w, https:\/\/carloscaballerosa.com\/wp-content\/uploads\/2021\/11\/portada-servicios-especiales-100x100.jpg 100w, https:\/\/carloscaballerosa.com\/wp-content\/uploads\/2021\/11\/portada-servicios-especiales.jpg 400w\" sizes=\"auto, (max-width: 300px) 100vw, 300px\" \/><\/div><\/div><\/div><\/div><div class=\"elementor-column elementor-col-66 elementor-top-column elementor-element elementor-element-6d447c8\" data-id=\"6d447c8\" data-element_type=\"column\"><div class=\"elementor-widget-wrap elementor-element-populated\"><div class=\"elementor-element elementor-element-4568444 elementor-widget elementor-widget-text-editor\" data-id=\"4568444\" data-element_type=\"widget\" data-widget_type=\"text-editor.default\"><div class=\"elementor-widget-container\"><p><strong>SERVICIOS COMPLEMENTARIOS<\/strong><\/p><ul><li>Recubrimientos\/Pintura industrial o especializada<\/li><li>Servicio de soldadura en campo<\/li><li>Ensayos no destructivos END<\/li><\/ul><\/div><\/div><\/div><\/div><\/div><section class=\"elementor-section elementor-top-section elementor-element elementor-element-997bd8f elementor-section-boxed elementor-section-height-default elementor-section-height-default\" data-id=\"997bd8f\" data-element_type=\"section\"><div class=\"elementor-container elementor-column-gap-default\"><div class=\"elementor-column elementor-col-33 elementor-top-column elementor-element elementor-element-e8a1cfb\" data-id=\"e8a1cfb\" data-element_type=\"column\"><div class=\"elementor-widget-wrap elementor-element-populated\"><div class=\"elementor-element elementor-element-743d326 elementor-widget elementor-widget-image\" data-id=\"743d326\" data-element_type=\"widget\" data-widget_type=\"image.default\"><div class=\"elementor-widget-container\">\u00a0<\/div><\/div><\/div><\/div><\/div><\/section><\/div>\n\t\t\t\t<\/div>\n\t\t\t\t\t\t\t\t<\/div>\n\t\t\t\t<\/div>\n\t\t\t\t<\/div>\n\t\t\t\t\t<\/div>\n\t\t<\/div>\n\t\t\t\t\t\t\t<\/div>\n\t\t<\/div>\n\t\t\t\t\t\t<\/div>\n\t\t\t\t\t<\/div>","protected":false},"excerpt":{"rendered":"<p>unidades de negocio Obras Y Montaje Trabajamos de acuerdo a las normas internacionales ASME (American Society Of Mechanical Engineers), API(American Petroliun Institure), UBC (Uniform Building Code), AWS (Amerian Welding Society), NFPA (National fire Protection Association), NEC (National Electric code), ASTM(American Society of Testing Materials), ACI (American Concrete Institute)Contamos\/ Hemos realizado m\u00e1s de 60 proyectos EPC [&hellip;]<\/p>","protected":false},"author":2,"featured_media":0,"parent":331,"menu_order":0,"comment_status":"closed","ping_status":"closed","template":"","meta":{"_acf_changed":false,"_monsterinsights_skip_tracking":false,"_monsterinsights_sitenote_active":false,"_monsterinsights_sitenote_note":"","_monsterinsights_sitenote_category":0,"footnotes":""},"class_list":["post-4521","page","type-page","status-publish","hentry"],"acf":[],"aioseo_notices":[],"_links":{"self":[{"href":"https:\/\/carloscaballerosa.com\/en\/wp-json\/wp\/v2\/pages\/4521","targetHints":{"allow":["GET"]}}],"collection":[{"href":"https:\/\/carloscaballerosa.com\/en\/wp-json\/wp\/v2\/pages"}],"about":[{"href":"https:\/\/carloscaballerosa.com\/en\/wp-json\/wp\/v2\/types\/page"}],"author":[{"embeddable":true,"href":"https:\/\/carloscaballerosa.com\/en\/wp-json\/wp\/v2\/users\/2"}],"replies":[{"embeddable":true,"href":"https:\/\/carloscaballerosa.com\/en\/wp-json\/wp\/v2\/comments?post=4521"}],"version-history":[{"count":19,"href":"https:\/\/carloscaballerosa.com\/en\/wp-json\/wp\/v2\/pages\/4521\/revisions"}],"predecessor-version":[{"id":5627,"href":"https:\/\/carloscaballerosa.com\/en\/wp-json\/wp\/v2\/pages\/4521\/revisions\/5627"}],"up":[{"embeddable":true,"href":"https:\/\/carloscaballerosa.com\/en\/wp-json\/wp\/v2\/pages\/331"}],"wp:attachment":[{"href":"https:\/\/carloscaballerosa.com\/en\/wp-json\/wp\/v2\/media?parent=4521"}],"curies":[{"name":"wp","href":"https:\/\/api.w.org\/{rel}","templated":true}]}}