{"id":4278,"date":"2021-11-27T13:53:43","date_gmt":"2021-11-27T13:53:43","guid":{"rendered":"https:\/\/carloscaballerosa.com\/?page_id=4278"},"modified":"2021-11-27T13:57:53","modified_gmt":"2021-11-27T13:57:53","slug":"industria-cementera","status":"publish","type":"page","link":"https:\/\/carloscaballerosa.com\/en\/experiencia\/rubros\/industria-cementera\/","title":{"rendered":"Industria Cementera"},"content":{"rendered":"<div data-elementor-type=\"wp-page\" data-elementor-id=\"4278\" class=\"elementor elementor-4278\" data-elementor-settings=\"[]\">\n\t\t\t\t\t\t\t<div class=\"elementor-section-wrap\">\n\t\t\t\t\t\t\t<section class=\"elementor-section elementor-top-section elementor-element elementor-element-97a222d elementor-section-boxed elementor-section-height-default elementor-section-height-default\" data-id=\"97a222d\" data-element_type=\"section\">\n\t\t\t\t\t\t<div class=\"elementor-container elementor-column-gap-default\">\n\t\t\t\t\t<div class=\"elementor-column elementor-col-100 elementor-top-column elementor-element elementor-element-6c0db11\" data-id=\"6c0db11\" data-element_type=\"column\">\n\t\t\t<div class=\"elementor-widget-wrap elementor-element-populated\">\n\t\t\t\t\t\t\t\t<div class=\"elementor-element elementor-element-70acd91 elementor-widget elementor-widget-section_title\" data-id=\"70acd91\" data-element_type=\"widget\" data-widget_type=\"section_title.default\">\n\t\t\t\t<div class=\"elementor-widget-container\">\n\t\t\t\r\n\r\n\r\n<div class=\"pt-section-title-box text-center\">   \r\n   \t\t<span class=\"pt-section-sub-title\">Rubro<\/span>     \t<h5 class=\"pt-section-title\">Industria Cementera<\/h5>     \t   \r\n<\/div>\t\t<\/div>\n\t\t\t\t<\/div>\n\t\t\t\t\t<\/div>\n\t\t<\/div>\n\t\t\t\t\t\t\t<\/div>\n\t\t<\/section>\n\t\t\t\t<section class=\"elementor-section elementor-top-section elementor-element elementor-element-c3df95b elementor-section-boxed elementor-section-height-default elementor-section-height-default\" data-id=\"c3df95b\" data-element_type=\"section\">\n\t\t\t\t\t\t<div class=\"elementor-container elementor-column-gap-default\">\n\t\t\t\t\t<div class=\"elementor-column elementor-col-100 elementor-top-column elementor-element elementor-element-3c0dab1\" data-id=\"3c0dab1\" data-element_type=\"column\">\n\t\t\t<div class=\"elementor-widget-wrap elementor-element-populated\">\n\t\t\t\t\t\t\t\t<div class=\"elementor-element elementor-element-3c70184 elementor-widget elementor-widget-text-editor\" data-id=\"3c70184\" data-element_type=\"widget\" data-widget_type=\"text-editor.default\">\n\t\t\t\t<div class=\"elementor-widget-container\">\n\t\t\t\t\t\t\t<h5><strong>Ofrecemos al sector Cementero desde el dise\u00f1o de ingenier\u00eda, provisi\u00f3n y construcci\u00f3n, especializados en proyectos EPC.<\/strong><\/h5>\t\t\t\t\t\t<\/div>\n\t\t\t\t<\/div>\n\t\t\t\t\t<\/div>\n\t\t<\/div>\n\t\t\t\t\t\t\t<\/div>\n\t\t<\/section>\n\t\t\t\t<section class=\"elementor-section elementor-top-section elementor-element elementor-element-19ff1dc elementor-section-boxed elementor-section-height-default elementor-section-height-default\" data-id=\"19ff1dc\" data-element_type=\"section\">\n\t\t\t\t\t\t<div class=\"elementor-container elementor-column-gap-default\">\n\t\t\t\t\t<div class=\"elementor-column elementor-col-100 elementor-top-column elementor-element elementor-element-08bc8f0\" data-id=\"08bc8f0\" data-element_type=\"column\">\n\t\t\t<div class=\"elementor-widget-wrap elementor-element-populated\">\n\t\t\t\t\t\t\t\t<div class=\"elementor-element elementor-element-a0bdb36 elementor-widget elementor-widget-heading\" data-id=\"a0bdb36\" data-element_type=\"widget\" data-widget_type=\"heading.default\">\n\t\t\t\t<div class=\"elementor-widget-container\">\n\t\t\t<h2 class=\"elementor-heading-title elementor-size-default\">Descripci\u00f3n<\/h2>\t\t<\/div>\n\t\t\t\t<\/div>\n\t\t\t\t<div class=\"elementor-element elementor-element-9008e4c elementor-widget-divider--view-line elementor-widget elementor-widget-divider\" data-id=\"9008e4c\" data-element_type=\"widget\" data-widget_type=\"divider.default\">\n\t\t\t\t<div class=\"elementor-widget-container\">\n\t\t\t\t\t<div class=\"elementor-divider\">\n\t\t\t<span class=\"elementor-divider-separator\">\n\t\t\t\t\t\t<\/span>\n\t\t<\/div>\n\t\t\t\t<\/div>\n\t\t\t\t<\/div>\n\t\t\t\t\t<\/div>\n\t\t<\/div>\n\t\t\t\t\t\t\t<\/div>\n\t\t<\/section>\n\t\t\t\t<section class=\"elementor-section elementor-top-section elementor-element elementor-element-9839372 elementor-section-boxed elementor-section-height-default elementor-section-height-default\" data-id=\"9839372\" data-element_type=\"section\">\n\t\t\t\t\t\t<div class=\"elementor-container elementor-column-gap-default\">\n\t\t\t\t\t<div class=\"elementor-column elementor-col-100 elementor-top-column elementor-element elementor-element-6c34179\" data-id=\"6c34179\" data-element_type=\"column\">\n\t\t\t<div class=\"elementor-widget-wrap elementor-element-populated\">\n\t\t\t\t\t\t\t\t<div class=\"elementor-element elementor-element-43f42a8 elementor-widget elementor-widget-text-editor\" data-id=\"43f42a8\" data-element_type=\"widget\" data-widget_type=\"text-editor.default\">\n\t\t\t\t<div class=\"elementor-widget-container\">\n\t\t\t\t\t\t\t<p>La ejecuci\u00f3n llave en mano de diferentes tipos de instalaciones para el sector Cementero. Carlos Caballero desarrolla proyectos en diferentes departamentos de Bolivia.<\/p>\t\t\t\t\t\t<\/div>\n\t\t\t\t<\/div>\n\t\t\t\t\t<\/div>\n\t\t<\/div>\n\t\t\t\t\t\t\t<\/div>\n\t\t<\/section>\n\t\t\t\t<section class=\"elementor-section elementor-top-section elementor-element elementor-element-9babebc elementor-section-boxed elementor-section-height-default elementor-section-height-default\" data-id=\"9babebc\" data-element_type=\"section\">\n\t\t\t\t\t\t<div class=\"elementor-container elementor-column-gap-default\">\n\t\t\t\t\t<div class=\"elementor-column elementor-col-100 elementor-top-column elementor-element elementor-element-f04d395\" data-id=\"f04d395\" data-element_type=\"column\">\n\t\t\t<div class=\"elementor-widget-wrap elementor-element-populated\">\n\t\t\t\t\t\t\t\t<div class=\"elementor-element elementor-element-c12e615 elementor-widget elementor-widget-heading\" data-id=\"c12e615\" data-element_type=\"widget\" data-widget_type=\"heading.default\">\n\t\t\t\t<div class=\"elementor-widget-container\">\n\t\t\t<h2 class=\"elementor-heading-title elementor-size-default\">Proyectos Llave en Mano<\/h2>\t\t<\/div>\n\t\t\t\t<\/div>\n\t\t\t\t<div class=\"elementor-element elementor-element-861aa56 elementor-widget-divider--view-line elementor-widget elementor-widget-divider\" data-id=\"861aa56\" data-element_type=\"widget\" data-widget_type=\"divider.default\">\n\t\t\t\t<div class=\"elementor-widget-container\">\n\t\t\t\t\t<div class=\"elementor-divider\">\n\t\t\t<span class=\"elementor-divider-separator\">\n\t\t\t\t\t\t<\/span>\n\t\t<\/div>\n\t\t\t\t<\/div>\n\t\t\t\t<\/div>\n\t\t\t\t\t<\/div>\n\t\t<\/div>\n\t\t\t\t\t\t\t<\/div>\n\t\t<\/section>\n\t\t\t\t<section class=\"elementor-section elementor-top-section elementor-element elementor-element-1067aa5 elementor-section-boxed elementor-section-height-default elementor-section-height-default\" data-id=\"1067aa5\" data-element_type=\"section\">\n\t\t\t\t\t\t<div class=\"elementor-container elementor-column-gap-default\">\n\t\t\t\t\t<div class=\"elementor-column elementor-col-100 elementor-top-column elementor-element elementor-element-f452d0f\" data-id=\"f452d0f\" data-element_type=\"column\">\n\t\t\t<div class=\"elementor-widget-wrap elementor-element-populated\">\n\t\t\t\t\t\t\t\t<div class=\"elementor-element elementor-element-424af74 elementor-widget elementor-widget-text-editor\" data-id=\"424af74\" data-element_type=\"widget\" data-widget_type=\"text-editor.default\">\n\t\t\t\t<div class=\"elementor-widget-container\">\n\t\t\t\t\t\t\t<p>Carlos Caballero SRL., realiza proyectos de llave en mano desde la ingenier\u00eda en detalle, provisi\u00f3n de material y construcci\u00f3n<\/p>\t\t\t\t\t\t<\/div>\n\t\t\t\t<\/div>\n\t\t\t\t\t<\/div>\n\t\t<\/div>\n\t\t\t\t\t\t\t<\/div>\n\t\t<\/section>\n\t\t\t\t<section class=\"elementor-section elementor-top-section elementor-element elementor-element-e6f6b5b elementor-section-boxed elementor-section-height-default elementor-section-height-default\" data-id=\"e6f6b5b\" data-element_type=\"section\">\n\t\t\t\t\t\t<div class=\"elementor-container elementor-column-gap-default\">\n\t\t\t\t\t<div class=\"elementor-column elementor-col-100 elementor-top-column elementor-element elementor-element-77f0053\" data-id=\"77f0053\" data-element_type=\"column\">\n\t\t\t<div class=\"elementor-widget-wrap elementor-element-populated\">\n\t\t\t\t\t\t\t\t<div class=\"elementor-element elementor-element-5d3e119 elementor-widget elementor-widget-heading\" data-id=\"5d3e119\" data-element_type=\"widget\" data-widget_type=\"heading.default\">\n\t\t\t\t<div class=\"elementor-widget-container\">\n\t\t\t<h2 class=\"elementor-heading-title elementor-size-default\">Fabricaci\u00f3n<\/h2>\t\t<\/div>\n\t\t\t\t<\/div>\n\t\t\t\t<div class=\"elementor-element elementor-element-eb03ec9 elementor-widget-divider--view-line elementor-widget elementor-widget-divider\" data-id=\"eb03ec9\" data-element_type=\"widget\" data-widget_type=\"divider.default\">\n\t\t\t\t<div class=\"elementor-widget-container\">\n\t\t\t\t\t<div class=\"elementor-divider\">\n\t\t\t<span class=\"elementor-divider-separator\">\n\t\t\t\t\t\t<\/span>\n\t\t<\/div>\n\t\t\t\t<\/div>\n\t\t\t\t<\/div>\n\t\t\t\t\t<\/div>\n\t\t<\/div>\n\t\t\t\t\t\t\t<\/div>\n\t\t<\/section>\n\t\t\t\t<section class=\"elementor-section elementor-top-section elementor-element elementor-element-7dfd35e elementor-section-boxed elementor-section-height-default elementor-section-height-default\" data-id=\"7dfd35e\" data-element_type=\"section\">\n\t\t\t\t\t\t<div class=\"elementor-container elementor-column-gap-default\">\n\t\t\t\t\t<div class=\"elementor-column elementor-col-100 elementor-top-column elementor-element elementor-element-62d8ee6\" data-id=\"62d8ee6\" data-element_type=\"column\">\n\t\t\t<div class=\"elementor-widget-wrap elementor-element-populated\">\n\t\t\t\t\t\t\t\t<div class=\"elementor-element elementor-element-dd4ecf8 elementor-widget elementor-widget-text-editor\" data-id=\"dd4ecf8\" data-element_type=\"widget\" data-widget_type=\"text-editor.default\">\n\t\t\t\t<div class=\"elementor-widget-container\">\n\t\t\t\t\t\t\t<ul><li>Recipientes a presi\u00f3n estampados ASME VIII Div. 1 \u201cU\u201d y \u201cU2\u201d<\/li><li>Separadores bif\u00e1sicos y trif\u00e1sicos<\/li><li>Filtros<\/li><li>Tanques de almacenamiento con monograma API<\/li><li>Calderos<\/li><li>Columnas y torres de refinaci\u00f3n<\/li><li>Piping, paquetizados<\/li><li>Estructuras met\u00e1licas<\/li><li>Soluciones integrales<\/li><\/ul>\t\t\t\t\t\t<\/div>\n\t\t\t\t<\/div>\n\t\t\t\t\t<\/div>\n\t\t<\/div>\n\t\t\t\t\t\t\t<\/div>\n\t\t<\/section>\n\t\t\t\t<section class=\"elementor-section elementor-top-section elementor-element elementor-element-dc4e9e3 elementor-section-boxed elementor-section-height-default elementor-section-height-default\" data-id=\"dc4e9e3\" data-element_type=\"section\">\n\t\t\t\t\t\t<div class=\"elementor-container elementor-column-gap-default\">\n\t\t\t\t\t<div class=\"elementor-column elementor-col-100 elementor-top-column elementor-element elementor-element-801885a\" data-id=\"801885a\" data-element_type=\"column\">\n\t\t\t<div class=\"elementor-widget-wrap elementor-element-populated\">\n\t\t\t\t\t\t\t\t<div class=\"elementor-element elementor-element-a7a0e7f elementor-widget elementor-widget-heading\" data-id=\"a7a0e7f\" data-element_type=\"widget\" data-widget_type=\"heading.default\">\n\t\t\t\t<div class=\"elementor-widget-container\">\n\t\t\t<h2 class=\"elementor-heading-title elementor-size-default\">Servicios<\/h2>\t\t<\/div>\n\t\t\t\t<\/div>\n\t\t\t\t<div class=\"elementor-element elementor-element-6c92c69 elementor-widget-divider--view-line elementor-widget elementor-widget-divider\" data-id=\"6c92c69\" data-element_type=\"widget\" data-widget_type=\"divider.default\">\n\t\t\t\t<div class=\"elementor-widget-container\">\n\t\t\t\t\t<div class=\"elementor-divider\">\n\t\t\t<span class=\"elementor-divider-separator\">\n\t\t\t\t\t\t<\/span>\n\t\t<\/div>\n\t\t\t\t<\/div>\n\t\t\t\t<\/div>\n\t\t\t\t\t<\/div>\n\t\t<\/div>\n\t\t\t\t\t\t\t<\/div>\n\t\t<\/section>\n\t\t\t\t<section class=\"elementor-section elementor-top-section elementor-element elementor-element-7008ace elementor-section-boxed elementor-section-height-default elementor-section-height-default\" data-id=\"7008ace\" data-element_type=\"section\">\n\t\t\t\t\t\t<div class=\"elementor-container elementor-column-gap-default\">\n\t\t\t\t\t<div class=\"elementor-column elementor-col-100 elementor-top-column elementor-element elementor-element-2aa7f0a\" data-id=\"2aa7f0a\" data-element_type=\"column\">\n\t\t\t<div class=\"elementor-widget-wrap elementor-element-populated\">\n\t\t\t\t\t\t\t\t<div class=\"elementor-element elementor-element-491b842 elementor-widget elementor-widget-text-editor\" data-id=\"491b842\" data-element_type=\"widget\" data-widget_type=\"text-editor.default\">\n\t\t\t\t<div class=\"elementor-widget-container\">\n\t\t\t\t\t\t\t<h6><strong>Ingenier\u00eda:<\/strong><\/h6><ul><li>Relevamiento de Datos<\/li><li>Ingenier\u00eda de detalle<\/li><li>Dise\u00f1o Estructural<\/li><li>Ingenier\u00eda Civil<\/li><li>Ingenier\u00eda El\u00e9ctrica e Instrumentaci\u00f3n<\/li><li>Dise\u00f1o final (as built drawings)<\/li><li>Modelaci\u00f3n 3D<\/li><\/ul><h6><strong>Recubrimiento :<\/strong><\/h6><ul><li>Limpieza superficial<\/li><li>Pintura base<\/li><li>Pintura Final<\/li><\/ul><h6><strong>Montaje y Construcci\u00f3n:<\/strong><\/h6><p>Montaje de estructuras, columnas, vigas, tensores, cubierta, revestimiento lateral con placas, enmallado, montaje de accesorios seg\u00fan a especificaciones solicitadas por el Cliente.<\/p><p>Construcci\u00f3n de Obra civil como: replanteo, excavaci\u00f3n, relleno, hormig\u00f3n cicl\u00f3peo, emplantillado, armaduras, provisi\u00f3n y colocado de hormig\u00f3n)<\/p>\t\t\t\t\t\t<\/div>\n\t\t\t\t<\/div>\n\t\t\t\t\t<\/div>\n\t\t<\/div>\n\t\t\t\t\t\t\t<\/div>\n\t\t<\/section>\n\t\t\t\t\t\t<\/div>\n\t\t\t\t\t<\/div>","protected":false},"excerpt":{"rendered":"<p>Rubro Industria Cementera Ofrecemos al sector Cementero desde el dise\u00f1o de ingenier\u00eda, provisi\u00f3n y construcci\u00f3n, especializados en proyectos EPC. Descripci\u00f3n La ejecuci\u00f3n llave en mano de diferentes tipos de instalaciones para el sector Cementero. Carlos Caballero desarrolla proyectos en diferentes departamentos de Bolivia. Proyectos Llave en Mano Carlos Caballero SRL., realiza proyectos de llave en [&hellip;]<\/p>","protected":false},"author":2,"featured_media":0,"parent":3818,"menu_order":0,"comment_status":"closed","ping_status":"closed","template":"","meta":{"_acf_changed":false,"_monsterinsights_skip_tracking":false,"_monsterinsights_sitenote_active":false,"_monsterinsights_sitenote_note":"","_monsterinsights_sitenote_category":0,"footnotes":""},"class_list":["post-4278","page","type-page","status-publish","hentry"],"acf":[],"aioseo_notices":[],"_links":{"self":[{"href":"https:\/\/carloscaballerosa.com\/en\/wp-json\/wp\/v2\/pages\/4278","targetHints":{"allow":["GET"]}}],"collection":[{"href":"https:\/\/carloscaballerosa.com\/en\/wp-json\/wp\/v2\/pages"}],"about":[{"href":"https:\/\/carloscaballerosa.com\/en\/wp-json\/wp\/v2\/types\/page"}],"author":[{"embeddable":true,"href":"https:\/\/carloscaballerosa.com\/en\/wp-json\/wp\/v2\/users\/2"}],"replies":[{"embeddable":true,"href":"https:\/\/carloscaballerosa.com\/en\/wp-json\/wp\/v2\/comments?post=4278"}],"version-history":[{"count":4,"href":"https:\/\/carloscaballerosa.com\/en\/wp-json\/wp\/v2\/pages\/4278\/revisions"}],"predecessor-version":[{"id":4282,"href":"https:\/\/carloscaballerosa.com\/en\/wp-json\/wp\/v2\/pages\/4278\/revisions\/4282"}],"up":[{"embeddable":true,"href":"https:\/\/carloscaballerosa.com\/en\/wp-json\/wp\/v2\/pages\/3818"}],"wp:attachment":[{"href":"https:\/\/carloscaballerosa.com\/en\/wp-json\/wp\/v2\/media?parent=4278"}],"curies":[{"name":"wp","href":"https:\/\/api.w.org\/{rel}","templated":true}]}}