{"id":4273,"date":"2021-11-27T13:45:23","date_gmt":"2021-11-27T13:45:23","guid":{"rendered":"https:\/\/carloscaballerosa.com\/?page_id=4273"},"modified":"2021-11-27T13:46:54","modified_gmt":"2021-11-27T13:46:54","slug":"industria-petrolera","status":"publish","type":"page","link":"https:\/\/carloscaballerosa.com\/en\/experiencia\/rubros\/industria-petrolera\/","title":{"rendered":"Industria Petrolera"},"content":{"rendered":"<div data-elementor-type=\"wp-page\" data-elementor-id=\"4273\" class=\"elementor elementor-4273\" data-elementor-settings=\"[]\">\n\t\t\t\t\t\t\t<div class=\"elementor-section-wrap\">\n\t\t\t\t\t\t\t<section class=\"elementor-section elementor-top-section elementor-element elementor-element-97a222d elementor-section-boxed elementor-section-height-default elementor-section-height-default\" data-id=\"97a222d\" data-element_type=\"section\">\n\t\t\t\t\t\t<div class=\"elementor-container elementor-column-gap-default\">\n\t\t\t\t\t<div class=\"elementor-column elementor-col-100 elementor-top-column elementor-element elementor-element-6c0db11\" data-id=\"6c0db11\" data-element_type=\"column\">\n\t\t\t<div class=\"elementor-widget-wrap elementor-element-populated\">\n\t\t\t\t\t\t\t\t<div class=\"elementor-element elementor-element-70acd91 elementor-widget elementor-widget-section_title\" data-id=\"70acd91\" data-element_type=\"widget\" data-widget_type=\"section_title.default\">\n\t\t\t\t<div class=\"elementor-widget-container\">\n\t\t\t\r\n\r\n\r\n<div class=\"pt-section-title-box text-center\">   \r\n   \t\t<span class=\"pt-section-sub-title\">Rubro<\/span>     \t<h5 class=\"pt-section-title\">Industria Petrolera<\/h5>     \t   \r\n<\/div>\t\t<\/div>\n\t\t\t\t<\/div>\n\t\t\t\t\t<\/div>\n\t\t<\/div>\n\t\t\t\t\t\t\t<\/div>\n\t\t<\/section>\n\t\t\t\t<section class=\"elementor-section elementor-top-section elementor-element elementor-element-c3df95b elementor-section-boxed elementor-section-height-default elementor-section-height-default\" data-id=\"c3df95b\" data-element_type=\"section\">\n\t\t\t\t\t\t<div class=\"elementor-container elementor-column-gap-default\">\n\t\t\t\t\t<div class=\"elementor-column elementor-col-100 elementor-top-column elementor-element elementor-element-3c0dab1\" data-id=\"3c0dab1\" data-element_type=\"column\">\n\t\t\t<div class=\"elementor-widget-wrap elementor-element-populated\">\n\t\t\t\t\t\t\t\t<div class=\"elementor-element elementor-element-3c70184 elementor-widget elementor-widget-text-editor\" data-id=\"3c70184\" data-element_type=\"widget\" data-widget_type=\"text-editor.default\">\n\t\t\t\t<div class=\"elementor-widget-container\">\n\t\t\t\t\t\t\t<h5><strong>Ofrecemos al sector Petrolero ingenier\u00eda, procura y construcci\u00f3n, somos especializados en proyectos EPC.<\/strong><\/h5><p>Llave en mano, librando al Cliente todo el proceso de dise\u00f1o, fabricaci\u00f3n o adquisici\u00f3n de equipos, construcci\u00f3n, montaje y puesta en marcha de los proyectos, directamente o con el soporte de proveedores externos complementarios a nuestras \u00e1reas de expertisse.<\/p>\t\t\t\t\t\t<\/div>\n\t\t\t\t<\/div>\n\t\t\t\t\t<\/div>\n\t\t<\/div>\n\t\t\t\t\t\t\t<\/div>\n\t\t<\/section>\n\t\t\t\t<section class=\"elementor-section elementor-top-section elementor-element elementor-element-19ff1dc elementor-section-boxed elementor-section-height-default elementor-section-height-default\" data-id=\"19ff1dc\" data-element_type=\"section\">\n\t\t\t\t\t\t<div class=\"elementor-container elementor-column-gap-default\">\n\t\t\t\t\t<div class=\"elementor-column elementor-col-100 elementor-top-column elementor-element elementor-element-08bc8f0\" data-id=\"08bc8f0\" data-element_type=\"column\">\n\t\t\t<div class=\"elementor-widget-wrap elementor-element-populated\">\n\t\t\t\t\t\t\t\t<div class=\"elementor-element elementor-element-a0bdb36 elementor-widget elementor-widget-heading\" data-id=\"a0bdb36\" data-element_type=\"widget\" data-widget_type=\"heading.default\">\n\t\t\t\t<div class=\"elementor-widget-container\">\n\t\t\t<h2 class=\"elementor-heading-title elementor-size-default\">Descripci\u00f3n<\/h2>\t\t<\/div>\n\t\t\t\t<\/div>\n\t\t\t\t<div class=\"elementor-element elementor-element-9008e4c elementor-widget-divider--view-line elementor-widget elementor-widget-divider\" data-id=\"9008e4c\" data-element_type=\"widget\" data-widget_type=\"divider.default\">\n\t\t\t\t<div class=\"elementor-widget-container\">\n\t\t\t\t\t<div class=\"elementor-divider\">\n\t\t\t<span class=\"elementor-divider-separator\">\n\t\t\t\t\t\t<\/span>\n\t\t<\/div>\n\t\t\t\t<\/div>\n\t\t\t\t<\/div>\n\t\t\t\t\t<\/div>\n\t\t<\/div>\n\t\t\t\t\t\t\t<\/div>\n\t\t<\/section>\n\t\t\t\t<section class=\"elementor-section elementor-top-section elementor-element elementor-element-9839372 elementor-section-boxed elementor-section-height-default elementor-section-height-default\" data-id=\"9839372\" data-element_type=\"section\">\n\t\t\t\t\t\t<div class=\"elementor-container elementor-column-gap-default\">\n\t\t\t\t\t<div class=\"elementor-column elementor-col-100 elementor-top-column elementor-element elementor-element-6c34179\" data-id=\"6c34179\" data-element_type=\"column\">\n\t\t\t<div class=\"elementor-widget-wrap elementor-element-populated\">\n\t\t\t\t\t\t\t\t<div class=\"elementor-element elementor-element-43f42a8 elementor-widget elementor-widget-text-editor\" data-id=\"43f42a8\" data-element_type=\"widget\" data-widget_type=\"text-editor.default\">\n\t\t\t\t<div class=\"elementor-widget-container\">\n\t\t\t\t\t\t\t<p><span style=\"color: #444444; font-family: 'Titillium Web', sans-serif; font-size: 14px; text-align: justify;\">La ejecuci\u00f3n llave en mano de diferentes tipos de instalaciones para el sector Petrolero, es una de las especialidades de CC. Carlos Caballero desarrolla proyectos en diferentes departamentos de Santa Cruz , Tarija y Cochabamba<\/span><\/p>\t\t\t\t\t\t<\/div>\n\t\t\t\t<\/div>\n\t\t\t\t\t<\/div>\n\t\t<\/div>\n\t\t\t\t\t\t\t<\/div>\n\t\t<\/section>\n\t\t\t\t<section class=\"elementor-section elementor-top-section elementor-element elementor-element-9babebc elementor-section-boxed elementor-section-height-default elementor-section-height-default\" data-id=\"9babebc\" data-element_type=\"section\">\n\t\t\t\t\t\t<div class=\"elementor-container elementor-column-gap-default\">\n\t\t\t\t\t<div class=\"elementor-column elementor-col-100 elementor-top-column elementor-element elementor-element-f04d395\" data-id=\"f04d395\" data-element_type=\"column\">\n\t\t\t<div class=\"elementor-widget-wrap elementor-element-populated\">\n\t\t\t\t\t\t\t\t<div class=\"elementor-element elementor-element-c12e615 elementor-widget elementor-widget-heading\" data-id=\"c12e615\" data-element_type=\"widget\" data-widget_type=\"heading.default\">\n\t\t\t\t<div class=\"elementor-widget-container\">\n\t\t\t<h2 class=\"elementor-heading-title elementor-size-default\">Proyectos Llave en Mano<\/h2>\t\t<\/div>\n\t\t\t\t<\/div>\n\t\t\t\t<div class=\"elementor-element elementor-element-861aa56 elementor-widget-divider--view-line elementor-widget elementor-widget-divider\" data-id=\"861aa56\" data-element_type=\"widget\" data-widget_type=\"divider.default\">\n\t\t\t\t<div class=\"elementor-widget-container\">\n\t\t\t\t\t<div class=\"elementor-divider\">\n\t\t\t<span class=\"elementor-divider-separator\">\n\t\t\t\t\t\t<\/span>\n\t\t<\/div>\n\t\t\t\t<\/div>\n\t\t\t\t<\/div>\n\t\t\t\t\t<\/div>\n\t\t<\/div>\n\t\t\t\t\t\t\t<\/div>\n\t\t<\/section>\n\t\t\t\t<section class=\"elementor-section elementor-top-section elementor-element elementor-element-1067aa5 elementor-section-boxed elementor-section-height-default elementor-section-height-default\" data-id=\"1067aa5\" data-element_type=\"section\">\n\t\t\t\t\t\t<div class=\"elementor-container elementor-column-gap-default\">\n\t\t\t\t\t<div class=\"elementor-column elementor-col-100 elementor-top-column elementor-element elementor-element-f452d0f\" data-id=\"f452d0f\" data-element_type=\"column\">\n\t\t\t<div class=\"elementor-widget-wrap elementor-element-populated\">\n\t\t\t\t\t\t\t\t<div class=\"elementor-element elementor-element-424af74 elementor-widget elementor-widget-text-editor\" data-id=\"424af74\" data-element_type=\"widget\" data-widget_type=\"text-editor.default\">\n\t\t\t\t<div class=\"elementor-widget-container\">\n\t\t\t\t\t\t\t<p>Proyectos llave en mano, descansando todo el proceso de dise\u00f1o, fabricaci\u00f3n o adquisici\u00f3n de equipos, construcci\u00f3n, montaje y puesta en marcha de los proyectos, directamente o con el soporte de proveedores externos complementarios a nuestras \u00e1reas de expertisse.<\/p>\t\t\t\t\t\t<\/div>\n\t\t\t\t<\/div>\n\t\t\t\t\t<\/div>\n\t\t<\/div>\n\t\t\t\t\t\t\t<\/div>\n\t\t<\/section>\n\t\t\t\t<section class=\"elementor-section elementor-top-section elementor-element elementor-element-e6f6b5b elementor-section-boxed elementor-section-height-default elementor-section-height-default\" data-id=\"e6f6b5b\" data-element_type=\"section\">\n\t\t\t\t\t\t<div class=\"elementor-container elementor-column-gap-default\">\n\t\t\t\t\t<div class=\"elementor-column elementor-col-100 elementor-top-column elementor-element elementor-element-77f0053\" data-id=\"77f0053\" data-element_type=\"column\">\n\t\t\t<div class=\"elementor-widget-wrap elementor-element-populated\">\n\t\t\t\t\t\t\t\t<div class=\"elementor-element elementor-element-5d3e119 elementor-widget elementor-widget-heading\" data-id=\"5d3e119\" data-element_type=\"widget\" data-widget_type=\"heading.default\">\n\t\t\t\t<div class=\"elementor-widget-container\">\n\t\t\t<h2 class=\"elementor-heading-title elementor-size-default\">Fabricaci\u00f3n<\/h2>\t\t<\/div>\n\t\t\t\t<\/div>\n\t\t\t\t<div class=\"elementor-element elementor-element-eb03ec9 elementor-widget-divider--view-line elementor-widget elementor-widget-divider\" data-id=\"eb03ec9\" data-element_type=\"widget\" data-widget_type=\"divider.default\">\n\t\t\t\t<div class=\"elementor-widget-container\">\n\t\t\t\t\t<div class=\"elementor-divider\">\n\t\t\t<span class=\"elementor-divider-separator\">\n\t\t\t\t\t\t<\/span>\n\t\t<\/div>\n\t\t\t\t<\/div>\n\t\t\t\t<\/div>\n\t\t\t\t\t<\/div>\n\t\t<\/div>\n\t\t\t\t\t\t\t<\/div>\n\t\t<\/section>\n\t\t\t\t<section class=\"elementor-section elementor-top-section elementor-element elementor-element-7dfd35e elementor-section-boxed elementor-section-height-default elementor-section-height-default\" data-id=\"7dfd35e\" data-element_type=\"section\">\n\t\t\t\t\t\t<div class=\"elementor-container elementor-column-gap-default\">\n\t\t\t\t\t<div class=\"elementor-column elementor-col-100 elementor-top-column elementor-element elementor-element-62d8ee6\" data-id=\"62d8ee6\" data-element_type=\"column\">\n\t\t\t<div class=\"elementor-widget-wrap elementor-element-populated\">\n\t\t\t\t\t\t\t\t<div class=\"elementor-element elementor-element-dd4ecf8 elementor-widget elementor-widget-text-editor\" data-id=\"dd4ecf8\" data-element_type=\"widget\" data-widget_type=\"text-editor.default\">\n\t\t\t\t<div class=\"elementor-widget-container\">\n\t\t\t\t\t\t\t<ul><li>Recipientes a presi\u00f3n estampados ASME VIII Div. 1 \u201cU\u201d y \u201cU2\u201d<\/li><li>Separadores bif\u00e1sicos y trif\u00e1sicos<\/li><li>Filtros<\/li><li>Tanques de almacenamiento con monograma API<\/li><li>Calderos<\/li><li>Columnas y torres de refinaci\u00f3n<\/li><li>Piping, paquetizados<\/li><li>Estructuras met\u00e1licas<\/li><li>Soluciones integrales<\/li><\/ul>\t\t\t\t\t\t<\/div>\n\t\t\t\t<\/div>\n\t\t\t\t\t<\/div>\n\t\t<\/div>\n\t\t\t\t\t\t\t<\/div>\n\t\t<\/section>\n\t\t\t\t<section class=\"elementor-section elementor-top-section elementor-element elementor-element-dc4e9e3 elementor-section-boxed elementor-section-height-default elementor-section-height-default\" data-id=\"dc4e9e3\" data-element_type=\"section\">\n\t\t\t\t\t\t<div class=\"elementor-container elementor-column-gap-default\">\n\t\t\t\t\t<div class=\"elementor-column elementor-col-100 elementor-top-column elementor-element elementor-element-801885a\" data-id=\"801885a\" data-element_type=\"column\">\n\t\t\t<div class=\"elementor-widget-wrap elementor-element-populated\">\n\t\t\t\t\t\t\t\t<div class=\"elementor-element elementor-element-a7a0e7f elementor-widget elementor-widget-heading\" data-id=\"a7a0e7f\" data-element_type=\"widget\" data-widget_type=\"heading.default\">\n\t\t\t\t<div class=\"elementor-widget-container\">\n\t\t\t<h2 class=\"elementor-heading-title elementor-size-default\">Servicios<\/h2>\t\t<\/div>\n\t\t\t\t<\/div>\n\t\t\t\t<div class=\"elementor-element elementor-element-6c92c69 elementor-widget-divider--view-line elementor-widget elementor-widget-divider\" data-id=\"6c92c69\" data-element_type=\"widget\" data-widget_type=\"divider.default\">\n\t\t\t\t<div class=\"elementor-widget-container\">\n\t\t\t\t\t<div class=\"elementor-divider\">\n\t\t\t<span class=\"elementor-divider-separator\">\n\t\t\t\t\t\t<\/span>\n\t\t<\/div>\n\t\t\t\t<\/div>\n\t\t\t\t<\/div>\n\t\t\t\t\t<\/div>\n\t\t<\/div>\n\t\t\t\t\t\t\t<\/div>\n\t\t<\/section>\n\t\t\t\t<section class=\"elementor-section elementor-top-section elementor-element elementor-element-7008ace elementor-section-boxed elementor-section-height-default elementor-section-height-default\" data-id=\"7008ace\" data-element_type=\"section\">\n\t\t\t\t\t\t<div class=\"elementor-container elementor-column-gap-default\">\n\t\t\t\t\t<div class=\"elementor-column elementor-col-100 elementor-top-column elementor-element elementor-element-2aa7f0a\" data-id=\"2aa7f0a\" data-element_type=\"column\">\n\t\t\t<div class=\"elementor-widget-wrap elementor-element-populated\">\n\t\t\t\t\t\t\t\t<div class=\"elementor-element elementor-element-491b842 elementor-widget elementor-widget-text-editor\" data-id=\"491b842\" data-element_type=\"widget\" data-widget_type=\"text-editor.default\">\n\t\t\t\t<div class=\"elementor-widget-container\">\n\t\t\t\t\t\t\t<h6><strong>Ingenier\u00eda:<\/strong><\/h6><ul><li>Ingenier\u00eda b\u00e1sica y de detalle<\/li><li><ul><li>C\u00e1lculo General<\/li><li>C\u00e1lculo de conexiones<\/li><\/ul><\/li><li>Especialidad en ingenier\u00eda de procesos, civil, mec\u00e1nica &amp; piping, el\u00e9ctrica e instrumentaci\u00f3n y control.<\/li><li>Dise\u00f1o final (as built drawings)<\/li><li>Ingenier\u00eda de procesos (asociados)<\/li><li>Ingenier\u00eda de obra civil<\/li><li>Modelaci\u00f3n 3D<\/li><li>Relevamiento de Datos<\/li><li>Dise\u00f1o de equipos paquetizados<\/li><li>Planos isom\u00e9tricos<\/li><li>An\u00e1lisis de estr\u00e9s<\/li><li>Detallamiento y dimensionamiento de tuber\u00edas (Spools prefabricados)<\/li><li>Fabricaci\u00f3n de l\u00edneas de presi\u00f3n estampa PP<\/li><li>Tuber\u00edas de procesos y servicios (a\u00e9rea o enterradas)<\/li><li>Cisternas estacionarios y rodantes para GLP<\/li><\/ul><h6><strong>Recubrimiento :<\/strong><\/h6><ul><li>Limpieza Superficial<\/li><li>Pintura Base<\/li><li>Pintura final<\/li><\/ul><h6><strong>Montaje y Construcci\u00f3n:<\/strong><\/h6><p>Montaje y construcci\u00f3n en EPC\u00b4s en general o proyectos llave en mano.<\/p><h6><strong>Puesta en Marcha:<\/strong><\/h6><p>Puesta en marcha de proyectos EPC\u00b4s<\/p>\t\t\t\t\t\t<\/div>\n\t\t\t\t<\/div>\n\t\t\t\t\t<\/div>\n\t\t<\/div>\n\t\t\t\t\t\t\t<\/div>\n\t\t<\/section>\n\t\t\t\t\t\t<\/div>\n\t\t\t\t\t<\/div>","protected":false},"excerpt":{"rendered":"<p>Rubro Industria Petrolera Ofrecemos al sector Petrolero ingenier\u00eda, procura y construcci\u00f3n, somos especializados en proyectos EPC. Llave en mano, librando al Cliente todo el proceso de dise\u00f1o, fabricaci\u00f3n o adquisici\u00f3n de equipos, construcci\u00f3n, montaje y puesta en marcha de los proyectos, directamente o con el soporte de proveedores externos complementarios a nuestras \u00e1reas de expertisse. [&hellip;]<\/p>","protected":false},"author":2,"featured_media":0,"parent":3818,"menu_order":0,"comment_status":"closed","ping_status":"closed","template":"","meta":{"_acf_changed":false,"_monsterinsights_skip_tracking":false,"_monsterinsights_sitenote_active":false,"_monsterinsights_sitenote_note":"","_monsterinsights_sitenote_category":0,"footnotes":""},"class_list":["post-4273","page","type-page","status-publish","hentry"],"acf":[],"aioseo_notices":[],"_links":{"self":[{"href":"https:\/\/carloscaballerosa.com\/en\/wp-json\/wp\/v2\/pages\/4273","targetHints":{"allow":["GET"]}}],"collection":[{"href":"https:\/\/carloscaballerosa.com\/en\/wp-json\/wp\/v2\/pages"}],"about":[{"href":"https:\/\/carloscaballerosa.com\/en\/wp-json\/wp\/v2\/types\/page"}],"author":[{"embeddable":true,"href":"https:\/\/carloscaballerosa.com\/en\/wp-json\/wp\/v2\/users\/2"}],"replies":[{"embeddable":true,"href":"https:\/\/carloscaballerosa.com\/en\/wp-json\/wp\/v2\/comments?post=4273"}],"version-history":[{"count":4,"href":"https:\/\/carloscaballerosa.com\/en\/wp-json\/wp\/v2\/pages\/4273\/revisions"}],"predecessor-version":[{"id":4277,"href":"https:\/\/carloscaballerosa.com\/en\/wp-json\/wp\/v2\/pages\/4273\/revisions\/4277"}],"up":[{"embeddable":true,"href":"https:\/\/carloscaballerosa.com\/en\/wp-json\/wp\/v2\/pages\/3818"}],"wp:attachment":[{"href":"https:\/\/carloscaballerosa.com\/en\/wp-json\/wp\/v2\/media?parent=4273"}],"curies":[{"name":"wp","href":"https:\/\/api.w.org\/{rel}","templated":true}]}}