{"id":4153,"date":"2021-11-26T22:14:39","date_gmt":"2021-11-26T22:14:39","guid":{"rendered":"https:\/\/carloscaballerosa.com\/?page_id=4153"},"modified":"2022-03-31T22:08:45","modified_gmt":"2022-03-31T22:08:45","slug":"fabricacion-de-caldereria-pesada-y-equipos-mayores","status":"publish","type":"page","link":"https:\/\/carloscaballerosa.com\/en\/unidades-de-negocio\/industria-metalurgica\/fabricacion-de-equipos-y-estructuras\/fabricacion-de-caldereria-pesada-y-equipos-mayores\/","title":{"rendered":"Fabricaci\u00f3n de Calderer\u00eda Pesada y Equipos Mayores"},"content":{"rendered":"<div data-elementor-type=\"wp-page\" data-elementor-id=\"4153\" class=\"elementor elementor-4153\" data-elementor-settings=\"[]\">\n\t\t\t\t\t\t\t<div class=\"elementor-section-wrap\">\n\t\t\t\t\t\t\t<div class=\"elementor-section elementor-top-section elementor-element elementor-element-b8f7673 elementor-section-full_width elementor-section-stretched elementor-section-height-default elementor-section-height-default\" data-id=\"b8f7673\" data-element_type=\"section\" data-settings=\"{&quot;stretch_section&quot;:&quot;section-stretched&quot;}\">\n\t\t\t\t\t\t<div class=\"elementor-container elementor-column-gap-default\">\n\t\t\t\t\t<div class=\"elementor-column elementor-col-100 elementor-top-column elementor-element elementor-element-c5ff815\" data-id=\"c5ff815\" data-element_type=\"column\">\n\t\t\t<div class=\"elementor-widget-wrap elementor-element-populated\">\n\t\t\t\t\t\t\t\t<section class=\"elementor-section elementor-inner-section elementor-element elementor-element-cb061d6 elementor-section-boxed elementor-section-height-default elementor-section-height-default\" data-id=\"cb061d6\" data-element_type=\"section\">\n\t\t\t\t\t\t<div class=\"elementor-container elementor-column-gap-default\">\n\t\t\t\t\t<div class=\"elementor-column elementor-col-100 elementor-inner-column elementor-element elementor-element-05e15e1\" data-id=\"05e15e1\" data-element_type=\"column\">\n\t\t\t<div class=\"elementor-widget-wrap elementor-element-populated\">\n\t\t\t\t\t\t\t\t<div class=\"elementor-element elementor-element-5ec68d2 elementor-widget elementor-widget-section_title\" data-id=\"5ec68d2\" data-element_type=\"widget\" data-widget_type=\"section_title.default\">\n\t\t\t\t<div class=\"elementor-widget-container\">\n\t\t\t\r\n\r\n\r\n<div class=\"pt-section-title-box text-center\">   \r\n   \t\t<span class=\"pt-section-sub-title\">Fabricaci\u00f3n de Equipos y Estructuras<\/span>     \t<h5 class=\"pt-section-title\">Fabricaci\u00f3n de calderer\u00eda pesada y equipos mayores<\/h5>     \t   \r\n<\/div>\t\t<\/div>\n\t\t\t\t<\/div>\n\t\t\t\t\t<\/div>\n\t\t<\/div>\n\t\t\t\t\t\t\t<\/div>\n\t\t<\/section>\n\t\t\t\t\t<\/div>\n\t\t<\/div>\n\t\t\t\t\t\t\t<\/div>\n\t\t<\/div>\n\t\t\t\t<section class=\"elementor-section elementor-top-section elementor-element elementor-element-ec91f6d elementor-section-boxed elementor-section-height-default elementor-section-height-default\" data-id=\"ec91f6d\" data-element_type=\"section\">\n\t\t\t\t\t\t<div class=\"elementor-container elementor-column-gap-default\">\n\t\t\t\t\t<div class=\"elementor-column elementor-col-100 elementor-top-column elementor-element elementor-element-69aded5\" data-id=\"69aded5\" data-element_type=\"column\">\n\t\t\t<div class=\"elementor-widget-wrap elementor-element-populated\">\n\t\t\t\t\t\t\t\t<div class=\"elementor-element elementor-element-c4797a8 elementor-widget elementor-widget-text-editor\" data-id=\"c4797a8\" data-element_type=\"widget\" data-widget_type=\"text-editor.default\">\n\t\t\t\t<div class=\"elementor-widget-container\">\n\t\t\t\t\t\t\t<div class=\"wpb_wrapper\"><div class=\"wpb_text_column wpb_content_element\"><div class=\"wpb_wrapper\"><p style=\"text-align: justify;\">Equipos de grandes dimensiones destinados al almacenaje de l\u00edquidos, a presi\u00f3n atmosf\u00e9rica o ligeramente presurizados. Dependiendo del producto a almacenar pueden contar con techos fijos o flotantes.<\/p><ul><li>Fabricaci\u00f3n de Calderas a presi\u00f3n estampa S<\/li><li>Tuber\u00eda forzada (penstock)<\/li><li>Tanques de almacenamiento con monograma api<\/li><li>Hornos de proceso<\/li><li>Reactores<\/li><li>Calderos<\/li><li>Columnas y torres de refinaci\u00f3n<\/li><li>Tanques doble pared<\/li><li>Tanques api 620<\/li><li>Tanques con techo flotante<\/li><li>Destiler\u00eda, (columnas de destilaci\u00f3n, evaporadores)<\/li><\/ul><\/div><\/div><h3 class=\"has-line\">\u00a0<\/h3><\/div>\t\t\t\t\t\t<\/div>\n\t\t\t\t<\/div>\n\t\t\t\t\t<\/div>\n\t\t<\/div>\n\t\t\t\t\t\t\t<\/div>\n\t\t<\/section>\n\t\t\t\t<section class=\"elementor-section elementor-top-section elementor-element elementor-element-c8cbf90 elementor-section-boxed elementor-section-height-default elementor-section-height-default\" data-id=\"c8cbf90\" data-element_type=\"section\">\n\t\t\t\t\t\t<div class=\"elementor-container elementor-column-gap-default\">\n\t\t\t\t\t<div class=\"elementor-column elementor-col-100 elementor-top-column elementor-element elementor-element-319d969\" data-id=\"319d969\" data-element_type=\"column\">\n\t\t\t<div class=\"elementor-widget-wrap elementor-element-populated\">\n\t\t\t\t\t\t\t\t<div class=\"elementor-element elementor-element-49c1616 elementor-widget elementor-widget-section_title\" data-id=\"49c1616\" data-element_type=\"widget\" data-widget_type=\"section_title.default\">\n\t\t\t\t<div class=\"elementor-widget-container\">\n\t\t\t\r\n\r\n\r\n<div class=\"pt-section-title-box\">   \r\n   \t\t     \t<h5 class=\"pt-section-title\">Experiencia<\/h5>     \t   \r\n<\/div>\t\t<\/div>\n\t\t\t\t<\/div>\n\t\t\t\t<div class=\"elementor-element elementor-element-6c086e2 elementor-widget elementor-widget-accordion\" data-id=\"6c086e2\" data-element_type=\"widget\" data-widget_type=\"accordion.default\">\n\t\t\t\t<div class=\"elementor-widget-container\">\n\t\t\t\t\t<div class=\"elementor-accordion\" role=\"tablist\">\n\t\t\t\t\t\t\t<div class=\"elementor-accordion-item\">\n\t\t\t\t\t<div id=\"elementor-tab-title-1131\" class=\"elementor-tab-title\" data-tab=\"1\" role=\"tab\" aria-controls=\"elementor-tab-content-1131\" aria-expanded=\"false\">\n\t\t\t\t\t\t\t\t\t\t\t\t\t<span class=\"elementor-accordion-icon elementor-accordion-icon-left\" aria-hidden=\"true\">\n\t\t\t\t\t\t\t\t\t\t\t\t\t\t\t<span class=\"elementor-accordion-icon-closed\"><i class=\"fas fa-angle-double-down\"><\/i><\/span>\n\t\t\t\t\t\t\t\t<span class=\"elementor-accordion-icon-opened\"><i class=\"fas fa-angle-double-up\"><\/i><\/span>\n\t\t\t\t\t\t\t\t\t\t\t\t\t\t<\/span>\n\t\t\t\t\t\t\t\t\t\t\t\t<a class=\"elementor-accordion-title\" href=\"\">EXTERRAN \/ PLANTA ITA\u00da<\/a>\n\t\t\t\t\t<\/div>\n\t\t\t\t\t<div id=\"elementor-tab-content-1131\" class=\"elementor-tab-content elementor-clearfix\" data-tab=\"1\" role=\"tabpanel\" aria-labelledby=\"elementor-tab-title-1131\"><div class=\"wpb_wrapper\"><p>PROVISI\u00d3N\/ FABRICACI\u00d3N DEL HORNO DE HOT OIL; M\u00d3DULO DE CARGA DEL HORNO; INSTRUMENTOS DE CONTROL DEL HORNO Y DEL MODULO DE CARGA; INGENIER\u00cdA Y CONFIGURACI\u00d3N DE INSTRUMENTOS; ASISTENCIA T\u00c9CNICA PARA MONTAJE E INSTALACI\u00d3N, PRE-COMISIONADO, COMISIONADO Y PUESTA EN MARCHA<\/p><p><a href=\"https:\/\/carloscaballerosa.com\/en\/portfolio\/fabricacion-de-horno-hot-oil-flargent\/\">Ver m\u00e1s&#8230;<\/a><\/p><\/div><\/div>\n\t\t\t\t<\/div>\n\t\t\t\t\t\t\t<div class=\"elementor-accordion-item\">\n\t\t\t\t\t<div id=\"elementor-tab-title-1132\" class=\"elementor-tab-title\" data-tab=\"2\" role=\"tab\" aria-controls=\"elementor-tab-content-1132\" aria-expanded=\"false\">\n\t\t\t\t\t\t\t\t\t\t\t\t\t<span class=\"elementor-accordion-icon elementor-accordion-icon-left\" aria-hidden=\"true\">\n\t\t\t\t\t\t\t\t\t\t\t\t\t\t\t<span class=\"elementor-accordion-icon-closed\"><i class=\"fas fa-angle-double-down\"><\/i><\/span>\n\t\t\t\t\t\t\t\t<span class=\"elementor-accordion-icon-opened\"><i class=\"fas fa-angle-double-up\"><\/i><\/span>\n\t\t\t\t\t\t\t\t\t\t\t\t\t\t<\/span>\n\t\t\t\t\t\t\t\t\t\t\t\t<a class=\"elementor-accordion-title\" href=\"\">TECNA S.A. \u2013 PROYECTO INCAHUASI<\/a>\n\t\t\t\t\t<\/div>\n\t\t\t\t\t<div id=\"elementor-tab-content-1132\" class=\"elementor-tab-content elementor-clearfix\" data-tab=\"2\" role=\"tabpanel\" aria-labelledby=\"elementor-tab-title-1132\"><div><p style=\"text-align: justify;\"><span style=\"font-size: 16px;\">INGENIER\u00cdA, FABRICACI\u00d3N Y SUPERVISI\u00d3N DE MONTAJE DE 9 TANQUES API<\/span><\/p><p style=\"text-align: justify;\">Alcance: Ingenier\u00eda bajo norma API650 ed 12, fabricaci\u00f3n, tratamiento t\u00e9rmico, rx para conexiones de acuerdo api 650, repuestos para puesta en marcha y dos a\u00f1os de operaci\u00f3n, transporte y supervisi\u00f3n de montaje de 9 tanques: fire fighting water tank 10-tr-0201; stabilized condensate storage tank 10-tr-2208; meg storage tank 10-tr-4401, material: sa-36 \u201cj\u201d; treated water tank 10-tr-5426; services\/potable water tank 10-tr-5501; hot oil tank 10-tr-7701, material sa-36 \u201cj\u201d; diesel storage tank 10-tr-7301, material sa-36 \u201cj\u201d; slop tank 10-tr-7007, incluye provisi\u00f3n succi\u00f3n flotante; cb-fire fightinh water tank 20-tr-0202<\/p><p><strong>Ubicaci\u00f3n:<\/strong>\u00a0PROYECTO INCAHUASI<\/p><\/div><p><a href=\"https:\/\/carloscaballerosa.com\/en\/portfolio\/fabricacion-y-prefabricacion-de-9-tanques-api\/\">Ver m\u00e1s&#8230;<\/a><\/p><\/div>\n\t\t\t\t<\/div>\n\t\t\t\t\t\t\t<div class=\"elementor-accordion-item\">\n\t\t\t\t\t<div id=\"elementor-tab-title-1133\" class=\"elementor-tab-title\" data-tab=\"3\" role=\"tab\" aria-controls=\"elementor-tab-content-1133\" aria-expanded=\"false\">\n\t\t\t\t\t\t\t\t\t\t\t\t\t<span class=\"elementor-accordion-icon elementor-accordion-icon-left\" aria-hidden=\"true\">\n\t\t\t\t\t\t\t\t\t\t\t\t\t\t\t<span class=\"elementor-accordion-icon-closed\"><i class=\"fas fa-angle-double-down\"><\/i><\/span>\n\t\t\t\t\t\t\t\t<span class=\"elementor-accordion-icon-opened\"><i class=\"fas fa-angle-double-up\"><\/i><\/span>\n\t\t\t\t\t\t\t\t\t\t\t\t\t\t<\/span>\n\t\t\t\t\t\t\t\t\t\t\t\t<a class=\"elementor-accordion-title\" href=\"\">ENDE CORPORACI\u00d3N \u2013 PROYECTO CENTRAL HIDROEL\u00c9CTRICA MISICUNI<\/a>\n\t\t\t\t\t<\/div>\n\t\t\t\t\t<div id=\"elementor-tab-content-1133\" class=\"elementor-tab-content elementor-clearfix\" data-tab=\"3\" role=\"tabpanel\" aria-labelledby=\"elementor-tab-title-1133\"><p style=\"text-align: justify;\">EPC TUBER\u00cdA FORZADA<\/p><p>Descripci\u00f3n: Fabricaci\u00f3n y montaje de aprox. 5 km de tuber\u00eda forzada (Penstock) para la alimentaci\u00f3n de la central hidroel\u00e9ctrica de Misicuni. El montaje se realizo en pendientes de hasta los 35\u00b0 de inclinaci\u00f3n. Los di\u00e1metros de la tuber\u00eda oscilan entre los 1,2 m y los 2,4 m. Adem\u00e1s se realiza la provisi\u00f3n del blindaje para la chimenea de equilibrio, consistente en una tuber\u00eda vertical de 150 m de altura y 1.6 m de di\u00e1metro.<\/p><p>\u00a0 \u00a0 \u00a0 \u00a0 \u00a0 \u00a0 \u00a0 \u00a0 \u00a0 \u00a0 \u00a0 \u00a0 \u00a0 \u00a0 \u00a0 \u00a0 \u00a0 \u00a0 \u00a0 \u00a0 \u00a0 \u00a0 \u00a0 \u00a0 \u00a0 \u00a0 \u00a0 \u00a0 \u00a0 \u00a0 \u00a0 \u00a0 \u00a0 \u00a0 \u00a0 \u00a0 \u00a0 \u00a0 \u00a0 \u00a0 \u00a0 \u00a0 \u00a0 \u00a0 \u00a0 \u00a0 \u00a0 \u00a0 \u00a0 \u00a0 \u00a0 \u00a0 \u00a0 \u00a0 \u00a0 \u00a0 \u00a0 \u00a0 \u00a0 \u00a0 \u00a0 \u00a0 \u00a0 \u00a0 \u00a0 \u00a0 \u00a0 <img loading=\"lazy\" decoding=\"async\" class=\"wp-image-5576 aligncenter\" src=\"https:\/\/carloscaballerosa.com\/wp-content\/uploads\/2022\/03\/Misicuni01-300x169.jpeg\" alt=\"\" width=\"354\" height=\"200\" srcset=\"https:\/\/carloscaballerosa.com\/wp-content\/uploads\/2022\/03\/Misicuni01-300x169.jpeg 300w, https:\/\/carloscaballerosa.com\/wp-content\/uploads\/2022\/03\/Misicuni01-1024x576.jpeg 1024w, https:\/\/carloscaballerosa.com\/wp-content\/uploads\/2022\/03\/Misicuni01-768x432.jpeg 768w, https:\/\/carloscaballerosa.com\/wp-content\/uploads\/2022\/03\/Misicuni01-18x10.jpeg 18w, https:\/\/carloscaballerosa.com\/wp-content\/uploads\/2022\/03\/Misicuni01.jpeg 1280w\" sizes=\"auto, (max-width: 354px) 100vw, 354px\" \/><\/p><p><a href=\"https:\/\/carloscaballerosa.com\/en\/portfolio\/proyecto-hidroelectrico-misicuni-ende-corporacion\/\">Ver m\u00e1s&#8230;<\/a><\/p><\/div>\n\t\t\t\t<\/div>\n\t\t\t\t\t\t\t<div class=\"elementor-accordion-item\">\n\t\t\t\t\t<div id=\"elementor-tab-title-1134\" class=\"elementor-tab-title\" data-tab=\"4\" role=\"tab\" aria-controls=\"elementor-tab-content-1134\" aria-expanded=\"false\">\n\t\t\t\t\t\t\t\t\t\t\t\t\t<span class=\"elementor-accordion-icon elementor-accordion-icon-left\" aria-hidden=\"true\">\n\t\t\t\t\t\t\t\t\t\t\t\t\t\t\t<span class=\"elementor-accordion-icon-closed\"><i class=\"fas fa-angle-double-down\"><\/i><\/span>\n\t\t\t\t\t\t\t\t<span class=\"elementor-accordion-icon-opened\"><i class=\"fas fa-angle-double-up\"><\/i><\/span>\n\t\t\t\t\t\t\t\t\t\t\t\t\t\t<\/span>\n\t\t\t\t\t\t\t\t\t\t\t\t<a class=\"elementor-accordion-title\" href=\"\">EMPRESA METAL\u00daRGICA VINTO \u2013 PROYECTO AUSMELT<\/a>\n\t\t\t\t\t<\/div>\n\t\t\t\t\t<div id=\"elementor-tab-content-1134\" class=\"elementor-tab-content elementor-clearfix\" data-tab=\"4\" role=\"tabpanel\" aria-labelledby=\"elementor-tab-title-1134\"><p>EPC Y FABRICACI\u00d3N DE HORNO AUSMELT<\/p><p>Descripci\u00f3n: El proyecto Ausmelt contempl\u00f3 un amplio alcance: Fabricaci\u00f3n y montaje de horno con ingenier\u00eda Ausmelt; fabricaci\u00f3n y montaje del edificio estructural de 30 m y 2500 ton de acero; montaje e integraci\u00f3n del caldero Orschatz; obras civiles y mec\u00e1nicas y montaje de equipos secundarios. Se emplearon gr\u00faas de 55, 70, 100 y 180 Ton en las distintas etapas del proyecto, as\u00ed como una torre gr\u00faa auto montable con una altura m\u00e1xima instalada en el proyecto de 65 metros. El proyecto concluy\u00f3 con \u00e9xito y sin accidentes.<\/p><p><img loading=\"lazy\" decoding=\"async\" class=\"aligncenter\" src=\"https:\/\/carloscaballerosa.com\/wp-content\/uploads\/2021\/12\/VINTO-12-1020x500-1.jpg\" alt=\"VINTO-12-1020x500\" width=\"377\" height=\"185\" \/><\/p><p><a href=\"https:\/\/carloscaballerosa.com\/en\/portfolio\/proyecto-ausmelt-empresa-metalurgica-vinto\/\">Ver mas&#8230;<\/a><\/p><\/div>\n\t\t\t\t<\/div>\n\t\t\t\t\t\t\t<div class=\"elementor-accordion-item\">\n\t\t\t\t\t<div id=\"elementor-tab-title-1135\" class=\"elementor-tab-title\" data-tab=\"5\" role=\"tab\" aria-controls=\"elementor-tab-content-1135\" aria-expanded=\"false\">\n\t\t\t\t\t\t\t\t\t\t\t\t\t<span class=\"elementor-accordion-icon elementor-accordion-icon-left\" aria-hidden=\"true\">\n\t\t\t\t\t\t\t\t\t\t\t\t\t\t\t<span class=\"elementor-accordion-icon-closed\"><i class=\"fas fa-angle-double-down\"><\/i><\/span>\n\t\t\t\t\t\t\t\t<span class=\"elementor-accordion-icon-opened\"><i class=\"fas fa-angle-double-up\"><\/i><\/span>\n\t\t\t\t\t\t\t\t\t\t\t\t\t\t<\/span>\n\t\t\t\t\t\t\t\t\t\t\t\t<a class=\"elementor-accordion-title\" href=\"\">YPFB REFINACI\u00d3N \u2013 PROYECTO NUTANK<\/a>\n\t\t\t\t\t<\/div>\n\t\t\t\t\t<div id=\"elementor-tab-content-1135\" class=\"elementor-tab-content elementor-clearfix\" data-tab=\"5\" role=\"tabpanel\" aria-labelledby=\"elementor-tab-title-1135\"><p>EPC \u2013 NUTANKS SCZ \u2013 6 TANQUES API NUEVOS, 3 ESFERAS NUEVAS, MTTO DE 10 TANQUES API<\/p><p>Descripci\u00f3n:\u00a0Ingenier\u00eda, fabricaci\u00f3n, construcci\u00f3n y montaje de 3 tanques esf\u00e9ricos de 4000 bbl de capacidad, 3 tanques API 620 de 10300 bbl de capacidad, y 3 tanques API 620 de 11200 bbl de capacidad, servicio de mantenimiento y adecuaci\u00f3n de 10 tanques API.<\/p><p><a href=\"https:\/\/carloscaballerosa.com\/en\/portfolio\/proyecto-nutanks-scz-ypfb-refinacion\/\">Ver m\u00e1s&#8230;<\/a><\/p><\/div>\n\t\t\t\t<\/div>\n\t\t\t\t\t\t\t<div class=\"elementor-accordion-item\">\n\t\t\t\t\t<div id=\"elementor-tab-title-1136\" class=\"elementor-tab-title\" data-tab=\"6\" role=\"tab\" aria-controls=\"elementor-tab-content-1136\" aria-expanded=\"false\">\n\t\t\t\t\t\t\t\t\t\t\t\t\t<span class=\"elementor-accordion-icon elementor-accordion-icon-left\" aria-hidden=\"true\">\n\t\t\t\t\t\t\t\t\t\t\t\t\t\t\t<span class=\"elementor-accordion-icon-closed\"><i class=\"fas fa-angle-double-down\"><\/i><\/span>\n\t\t\t\t\t\t\t\t<span class=\"elementor-accordion-icon-opened\"><i class=\"fas fa-angle-double-up\"><\/i><\/span>\n\t\t\t\t\t\t\t\t\t\t\t\t\t\t<\/span>\n\t\t\t\t\t\t\t\t\t\t\t\t<a class=\"elementor-accordion-title\" href=\"\">FLUOR CHILE \u2013 PROYECTO MINERO SAN BARTOLOM\u00c9<\/a>\n\t\t\t\t\t<\/div>\n\t\t\t\t\t<div id=\"elementor-tab-content-1136\" class=\"elementor-tab-content elementor-clearfix\" data-tab=\"6\" role=\"tabpanel\" aria-labelledby=\"elementor-tab-title-1136\"><p>FABRICACI\u00d3N DE CALDERER\u00cdA, MONTAJE DE CA\u00d1ER\u00cdAS, MONTAJE MEC\u00c1NICO,CIVIL, FABRICACI\u00d3N Y MONTAJE DE ESTRUCTURAS, MONTAJE EL\u00c9CTRICO E INTRUMENTACI\u00d3N DE LA AMPLIACI\u00d3N DE LA PLANTA.<\/p><p>Descripci\u00f3n:\u00a0Suministro de materiales, Dise\u00f1o, Fabricaci\u00f3n y montaje de:<br \/>\u2022 Fabricaci\u00f3n de casing en acero carbono, cuatro ( 4) casing en acero carbono de 30\u201d, sch 40, largo 37 y 36 metros para las piscinas FDF y DSF Storm Water pond, fabricado seg\u00fan detalle indicado en plano 3031-50T-103 y 104, a instalar en las piscina Reclaim Water System FDF<br \/>\u2022 Fabricaci\u00f3n de casing en acero carbono , dos (2) casing de 54\u201d de un largo de 130 metros , espesor 10 mm , fabricado seg\u00fan detalle indicado en plano 3031-50T-106, a instalar en las piscina Reclaim Water System FDF<br \/>\u2022 Fabricaci\u00f3n de seis (6) carros de mantenci\u00f3n de bombas 3031-PPS-001\/002\/003 \/004 \/006\/007 a usar en las piscinas FDF y DSF Storm Water pond y la piscina Reclaim Water System FDF, seg\u00fan los planos de fabricaci\u00f3n 3031-50A-105, 106 y 107<\/p><p><strong>UBICACI\u00d3N:<\/strong>\u00a0MINERA SAN BARTOLOM\u00c9<\/p><p><a href=\"https:\/\/carloscaballerosa.com\/en\/portfolio\/fabricacion-y-montaje-de-casing\/\">Ver m\u00e1s&#8230;<\/a><\/p><\/div>\n\t\t\t\t<\/div>\n\t\t\t\t\t\t\t\t<\/div>\n\t\t\t\t<\/div>\n\t\t\t\t<\/div>\n\t\t\t\t\t<\/div>\n\t\t<\/div>\n\t\t\t\t\t\t\t<\/div>\n\t\t<\/section>\n\t\t\t\t<section class=\"elementor-section elementor-top-section elementor-element elementor-element-a6563c9 elementor-section-boxed elementor-section-height-default elementor-section-height-default\" data-id=\"a6563c9\" data-element_type=\"section\">\n\t\t\t\t\t\t<div class=\"elementor-container elementor-column-gap-default\">\n\t\t\t\t\t<div class=\"elementor-column elementor-col-100 elementor-top-column elementor-element elementor-element-51b5ef1\" data-id=\"51b5ef1\" data-element_type=\"column\">\n\t\t\t<div class=\"elementor-widget-wrap elementor-element-populated\">\n\t\t\t\t\t\t\t\t<div class=\"elementor-element elementor-element-8f1342f elementor-widget elementor-widget-image-gallery\" data-id=\"8f1342f\" data-element_type=\"widget\" data-widget_type=\"image-gallery.default\">\n\t\t\t\t<div class=\"elementor-widget-container\">\n\t\t\t\t\t<div class=\"elementor-image-gallery\">\n\t\t\t<div id='gallery-1' class='gallery galleryid-4153 gallery-columns-2 gallery-size-full'><figure class='gallery-item'>\n\t\t\t<div class='gallery-icon landscape'>\n\t\t\t\t<a data-elementor-open-lightbox=\"yes\" data-elementor-lightbox-slideshow=\"8f1342f\" data-elementor-lightbox-title=\"carloscaballerosa-fabricacion-calderas-00\" href='https:\/\/carloscaballerosa.com\/wp-content\/uploads\/2021\/11\/carloscaballerosa-fabricacion-calderas-00.jpg'><img loading=\"lazy\" decoding=\"async\" width=\"1024\" height=\"512\" src=\"https:\/\/carloscaballerosa.com\/wp-content\/uploads\/2021\/11\/carloscaballerosa-fabricacion-calderas-00.jpg\" class=\"attachment-full size-full\" alt=\"\" srcset=\"https:\/\/carloscaballerosa.com\/wp-content\/uploads\/2021\/11\/carloscaballerosa-fabricacion-calderas-00.jpg 1024w, https:\/\/carloscaballerosa.com\/wp-content\/uploads\/2021\/11\/carloscaballerosa-fabricacion-calderas-00-300x150.jpg 300w, https:\/\/carloscaballerosa.com\/wp-content\/uploads\/2021\/11\/carloscaballerosa-fabricacion-calderas-00-768x384.jpg 768w\" sizes=\"auto, (max-width: 1024px) 100vw, 1024px\" \/><\/a>\n\t\t\t<\/div><\/figure><figure class='gallery-item'>\n\t\t\t<div class='gallery-icon landscape'>\n\t\t\t\t<a data-elementor-open-lightbox=\"yes\" data-elementor-lightbox-slideshow=\"8f1342f\" data-elementor-lightbox-title=\"carloscaballerosa-fabricacion-calderas-11\" href='https:\/\/carloscaballerosa.com\/wp-content\/uploads\/2021\/11\/carloscaballerosa-fabricacion-calderas-11.jpg'><img loading=\"lazy\" decoding=\"async\" width=\"1024\" height=\"512\" src=\"https:\/\/carloscaballerosa.com\/wp-content\/uploads\/2021\/11\/carloscaballerosa-fabricacion-calderas-11.jpg\" class=\"attachment-full size-full\" alt=\"\" srcset=\"https:\/\/carloscaballerosa.com\/wp-content\/uploads\/2021\/11\/carloscaballerosa-fabricacion-calderas-11.jpg 1024w, https:\/\/carloscaballerosa.com\/wp-content\/uploads\/2021\/11\/carloscaballerosa-fabricacion-calderas-11-300x150.jpg 300w, https:\/\/carloscaballerosa.com\/wp-content\/uploads\/2021\/11\/carloscaballerosa-fabricacion-calderas-11-768x384.jpg 768w\" sizes=\"auto, (max-width: 1024px) 100vw, 1024px\" \/><\/a>\n\t\t\t<\/div><\/figure><figure class='gallery-item'>\n\t\t\t<div class='gallery-icon landscape'>\n\t\t\t\t<a data-elementor-open-lightbox=\"yes\" data-elementor-lightbox-slideshow=\"8f1342f\" data-elementor-lightbox-title=\"carloscaballerosa-fabricacion-calderas-22\" href='https:\/\/carloscaballerosa.com\/wp-content\/uploads\/2021\/11\/carloscaballerosa-fabricacion-calderas-22.jpg'><img loading=\"lazy\" decoding=\"async\" width=\"1024\" height=\"512\" src=\"https:\/\/carloscaballerosa.com\/wp-content\/uploads\/2021\/11\/carloscaballerosa-fabricacion-calderas-22.jpg\" class=\"attachment-full size-full\" alt=\"\" srcset=\"https:\/\/carloscaballerosa.com\/wp-content\/uploads\/2021\/11\/carloscaballerosa-fabricacion-calderas-22.jpg 1024w, https:\/\/carloscaballerosa.com\/wp-content\/uploads\/2021\/11\/carloscaballerosa-fabricacion-calderas-22-300x150.jpg 300w, https:\/\/carloscaballerosa.com\/wp-content\/uploads\/2021\/11\/carloscaballerosa-fabricacion-calderas-22-768x384.jpg 768w\" sizes=\"auto, (max-width: 1024px) 100vw, 1024px\" \/><\/a>\n\t\t\t<\/div><\/figure><figure class='gallery-item'>\n\t\t\t<div class='gallery-icon landscape'>\n\t\t\t\t<a data-elementor-open-lightbox=\"yes\" data-elementor-lightbox-slideshow=\"8f1342f\" data-elementor-lightbox-title=\"carloscaballerosa-fabricacion-calderas-33\" href='https:\/\/carloscaballerosa.com\/wp-content\/uploads\/2021\/11\/carloscaballerosa-fabricacion-calderas-33.jpg'><img loading=\"lazy\" decoding=\"async\" width=\"1024\" height=\"512\" src=\"https:\/\/carloscaballerosa.com\/wp-content\/uploads\/2021\/11\/carloscaballerosa-fabricacion-calderas-33.jpg\" class=\"attachment-full size-full\" alt=\"\" srcset=\"https:\/\/carloscaballerosa.com\/wp-content\/uploads\/2021\/11\/carloscaballerosa-fabricacion-calderas-33.jpg 1024w, https:\/\/carloscaballerosa.com\/wp-content\/uploads\/2021\/11\/carloscaballerosa-fabricacion-calderas-33-300x150.jpg 300w, https:\/\/carloscaballerosa.com\/wp-content\/uploads\/2021\/11\/carloscaballerosa-fabricacion-calderas-33-768x384.jpg 768w\" sizes=\"auto, (max-width: 1024px) 100vw, 1024px\" \/><\/a>\n\t\t\t<\/div><\/figure>\n\t\t<\/div>\n\t\t<\/div>\n\t\t\t\t<\/div>\n\t\t\t\t<\/div>\n\t\t\t\t\t<\/div>\n\t\t<\/div>\n\t\t\t\t\t\t\t<\/div>\n\t\t<\/section>\n\t\t\t\t<section class=\"elementor-section elementor-top-section elementor-element elementor-element-91eed1f elementor-section-boxed elementor-section-height-default elementor-section-height-default\" data-id=\"91eed1f\" data-element_type=\"section\">\n\t\t\t\t\t\t<div class=\"elementor-container elementor-column-gap-default\">\n\t\t\t\t\t<div class=\"elementor-column elementor-col-100 elementor-top-column elementor-element elementor-element-fe54037\" data-id=\"fe54037\" data-element_type=\"column\">\n\t\t\t<div class=\"elementor-widget-wrap\">\n\t\t\t\t\t\t\t\t\t<\/div>\n\t\t<\/div>\n\t\t\t\t\t\t\t<\/div>\n\t\t<\/section>\n\t\t\t\t\t\t<\/div>\n\t\t\t\t\t<\/div>","protected":false},"excerpt":{"rendered":"<p>Fabricaci\u00f3n de Equipos y Estructuras Fabricaci\u00f3n de calderer\u00eda pesada y equipos mayores Equipos de grandes dimensiones destinados al almacenaje de l\u00edquidos, a presi\u00f3n atmosf\u00e9rica o ligeramente presurizados. Dependiendo del producto a almacenar pueden contar con techos fijos o flotantes.Fabricaci\u00f3n de Calderas a presi\u00f3n estampa STuber\u00eda forzada (penstock)Tanques de almacenamiento con monograma apiHornos de procesoReactoresCalderosColumnas y [&hellip;]<\/p>","protected":false},"author":1,"featured_media":0,"parent":4055,"menu_order":0,"comment_status":"closed","ping_status":"closed","template":"","meta":{"_acf_changed":false,"_monsterinsights_skip_tracking":false,"_monsterinsights_sitenote_active":false,"_monsterinsights_sitenote_note":"","_monsterinsights_sitenote_category":0,"footnotes":""},"class_list":["post-4153","page","type-page","status-publish","hentry"],"acf":[],"aioseo_notices":[],"_links":{"self":[{"href":"https:\/\/carloscaballerosa.com\/en\/wp-json\/wp\/v2\/pages\/4153","targetHints":{"allow":["GET"]}}],"collection":[{"href":"https:\/\/carloscaballerosa.com\/en\/wp-json\/wp\/v2\/pages"}],"about":[{"href":"https:\/\/carloscaballerosa.com\/en\/wp-json\/wp\/v2\/types\/page"}],"author":[{"embeddable":true,"href":"https:\/\/carloscaballerosa.com\/en\/wp-json\/wp\/v2\/users\/1"}],"replies":[{"embeddable":true,"href":"https:\/\/carloscaballerosa.com\/en\/wp-json\/wp\/v2\/comments?post=4153"}],"version-history":[{"count":26,"href":"https:\/\/carloscaballerosa.com\/en\/wp-json\/wp\/v2\/pages\/4153\/revisions"}],"predecessor-version":[{"id":5579,"href":"https:\/\/carloscaballerosa.com\/en\/wp-json\/wp\/v2\/pages\/4153\/revisions\/5579"}],"up":[{"embeddable":true,"href":"https:\/\/carloscaballerosa.com\/en\/wp-json\/wp\/v2\/pages\/4055"}],"wp:attachment":[{"href":"https:\/\/carloscaballerosa.com\/en\/wp-json\/wp\/v2\/media?parent=4153"}],"curies":[{"name":"wp","href":"https:\/\/api.w.org\/{rel}","templated":true}]}}