{"id":4151,"date":"2021-11-26T22:13:30","date_gmt":"2021-11-26T22:13:30","guid":{"rendered":"https:\/\/carloscaballerosa.com\/?page_id=4151"},"modified":"2022-02-17T02:32:02","modified_gmt":"2022-02-17T02:32:02","slug":"fabricacion-de-recipientes-a-presion","status":"publish","type":"page","link":"https:\/\/carloscaballerosa.com\/en\/unidades-de-negocio\/industria-metalurgica\/fabricacion-de-equipos-y-estructuras\/fabricacion-de-recipientes-a-presion\/","title":{"rendered":"Fabricaci\u00f3n de Recipientes a Presi\u00f3n"},"content":{"rendered":"<div data-elementor-type=\"wp-page\" data-elementor-id=\"4151\" class=\"elementor elementor-4151\" data-elementor-settings=\"[]\">\n\t\t\t\t\t\t\t<div class=\"elementor-section-wrap\">\n\t\t\t\t\t\t\t<div class=\"elementor-section elementor-top-section elementor-element elementor-element-b8f7673 elementor-section-full_width elementor-section-stretched elementor-section-height-default elementor-section-height-default\" data-id=\"b8f7673\" data-element_type=\"section\" data-settings=\"{&quot;stretch_section&quot;:&quot;section-stretched&quot;}\">\n\t\t\t\t\t\t<div class=\"elementor-container elementor-column-gap-default\">\n\t\t\t\t\t<div class=\"elementor-column elementor-col-100 elementor-top-column elementor-element elementor-element-c5ff815\" data-id=\"c5ff815\" data-element_type=\"column\">\n\t\t\t<div class=\"elementor-widget-wrap elementor-element-populated\">\n\t\t\t\t\t\t\t\t<section class=\"elementor-section elementor-inner-section elementor-element elementor-element-cb061d6 elementor-section-boxed elementor-section-height-default elementor-section-height-default\" data-id=\"cb061d6\" data-element_type=\"section\">\n\t\t\t\t\t\t<div class=\"elementor-container elementor-column-gap-default\">\n\t\t\t\t\t<div class=\"elementor-column elementor-col-100 elementor-inner-column elementor-element elementor-element-05e15e1\" data-id=\"05e15e1\" data-element_type=\"column\">\n\t\t\t<div class=\"elementor-widget-wrap elementor-element-populated\">\n\t\t\t\t\t\t\t\t<div class=\"elementor-element elementor-element-5ec68d2 elementor-widget elementor-widget-section_title\" data-id=\"5ec68d2\" data-element_type=\"widget\" data-widget_type=\"section_title.default\">\n\t\t\t\t<div class=\"elementor-widget-container\">\n\t\t\t\r\n\r\n\r\n<div class=\"pt-section-title-box text-center\">   \r\n   \t\t<span class=\"pt-section-sub-title\">Fabricaci\u00f3n de Equipos y Estructuras<\/span>     \t<h5 class=\"pt-section-title\">Fabricaci\u00f3n de recipientes a presi\u00f3n<\/h5>     \t   \r\n<\/div>\t\t<\/div>\n\t\t\t\t<\/div>\n\t\t\t\t\t<\/div>\n\t\t<\/div>\n\t\t\t\t\t\t\t<\/div>\n\t\t<\/section>\n\t\t\t\t\t<\/div>\n\t\t<\/div>\n\t\t\t\t\t\t\t<\/div>\n\t\t<\/div>\n\t\t\t\t<section class=\"elementor-section elementor-top-section elementor-element elementor-element-ec91f6d elementor-section-boxed elementor-section-height-default elementor-section-height-default\" data-id=\"ec91f6d\" data-element_type=\"section\">\n\t\t\t\t\t\t<div class=\"elementor-container elementor-column-gap-default\">\n\t\t\t\t\t<div class=\"elementor-column elementor-col-100 elementor-top-column elementor-element elementor-element-69aded5\" data-id=\"69aded5\" data-element_type=\"column\">\n\t\t\t<div class=\"elementor-widget-wrap elementor-element-populated\">\n\t\t\t\t\t\t\t\t<div class=\"elementor-element elementor-element-c4797a8 elementor-widget elementor-widget-text-editor\" data-id=\"c4797a8\" data-element_type=\"widget\" data-widget_type=\"text-editor.default\">\n\t\t\t\t<div class=\"elementor-widget-container\">\n\t\t\t\t\t\t\t<div class=\"wpb_wrapper\">\n<blockquote class=\"\">\n<p style=\"text-align: justify;\">Los recipientes para fluidos de alta presi\u00f3n son entregados: fabricados, con ensayos END, pruebas, pintados, embalados adecuadamente y\/o montados sobre su skid y\/o soportes definitivo, para facilitar el montaje en campo.<\/p>\n<p><\/p>\n<\/blockquote>\n<div class=\"wpb_text_column wpb_content_element\">\n<div class=\"wpb_wrapper\">\n<p style=\"text-align: justify;\">Contamos con m\u00e1s de 100 procedimientos aprobados de soldadura, bajo c\u00f3digos ASME IX, ASME B31.3, NACE MR0175, AWS D1.1, API 1104 y AWS D1.6 y la capacidad de generarlos en caso que el cliente as\u00ed lo requiera.<\/p>\n<ul>\n<li>Recipientes a presi\u00f3n estampados ASME VIII Div. 1 \u201cU\u201d y \u201cU2\u201d<\/li>\n<li>Separadores bif\u00e1sicos y trif\u00e1sicos<\/li>\n<li>Desarenadores<\/li>\n<li>Filtros<\/li>\n<li>Columnas de refinaci\u00f3n<\/li>\n<li>Tanques esf\u00e9ricos<\/li>\n<li>Paquetizados, soluciones integrales<\/li>\n<li>Fabricaci\u00f3n de l\u00edneas de presi\u00f3n estampa PP<\/li>\n<li>Tuber\u00edas de procesos y servicios (a\u00e9rea o enterradas)<\/li>\n<li>Cisternas estacionarios y rodantes para GLP<\/li>\n<\/ul>\n<\/div>\n<\/div>\n<h3 class=\"has-line\"><br><\/h3>\n<\/div>\t\t\t\t\t\t<\/div>\n\t\t\t\t<\/div>\n\t\t\t\t\t<\/div>\n\t\t<\/div>\n\t\t\t\t\t\t\t<\/div>\n\t\t<\/section>\n\t\t\t\t<section class=\"elementor-section elementor-top-section elementor-element elementor-element-2f347e5 elementor-section-boxed elementor-section-height-default elementor-section-height-default\" data-id=\"2f347e5\" data-element_type=\"section\">\n\t\t\t\t\t\t<div class=\"elementor-container elementor-column-gap-default\">\n\t\t\t\t\t<div class=\"elementor-column elementor-col-100 elementor-top-column elementor-element elementor-element-decccb3\" data-id=\"decccb3\" data-element_type=\"column\">\n\t\t\t<div class=\"elementor-widget-wrap elementor-element-populated\">\n\t\t\t\t\t\t\t\t<div class=\"elementor-element elementor-element-a885e24 elementor-widget elementor-widget-section_title\" data-id=\"a885e24\" data-element_type=\"widget\" data-widget_type=\"section_title.default\">\n\t\t\t\t<div class=\"elementor-widget-container\">\n\t\t\t\r\n\r\n\r\n<div class=\"pt-section-title-box\">   \r\n   \t\t     \t<h5 class=\"pt-section-title\">Experiencia<\/h5>     \t   \r\n<\/div>\t\t<\/div>\n\t\t\t\t<\/div>\n\t\t\t\t<div class=\"elementor-element elementor-element-38f9821 elementor-widget elementor-widget-accordion\" data-id=\"38f9821\" data-element_type=\"widget\" data-widget_type=\"accordion.default\">\n\t\t\t\t<div class=\"elementor-widget-container\">\n\t\t\t\t\t<div class=\"elementor-accordion\" role=\"tablist\">\n\t\t\t\t\t\t\t<div class=\"elementor-accordion-item\">\n\t\t\t\t\t<div id=\"elementor-tab-title-5971\" class=\"elementor-tab-title\" data-tab=\"1\" role=\"tab\" aria-controls=\"elementor-tab-content-5971\" aria-expanded=\"false\">\n\t\t\t\t\t\t\t\t\t\t\t\t\t<span class=\"elementor-accordion-icon elementor-accordion-icon-left\" aria-hidden=\"true\">\n\t\t\t\t\t\t\t\t\t\t\t\t\t\t\t<span class=\"elementor-accordion-icon-closed\"><i class=\"fas fa-angle-double-down\"><\/i><\/span>\n\t\t\t\t\t\t\t\t<span class=\"elementor-accordion-icon-opened\"><i class=\"fas fa-angle-double-up\"><\/i><\/span>\n\t\t\t\t\t\t\t\t\t\t\t\t\t\t<\/span>\n\t\t\t\t\t\t\t\t\t\t\t\t<a class=\"elementor-accordion-title\" href=\"\">T\u00c9CNICAS REUNIDAS\/PROYECTO MARGARITA<\/a>\n\t\t\t\t\t<\/div>\n\t\t\t\t\t<div id=\"elementor-tab-content-5971\" class=\"elementor-tab-content elementor-clearfix\" data-tab=\"1\" role=\"tabpanel\" aria-labelledby=\"elementor-tab-title-5971\"><div class=\"wpb_wrapper\"><p>FABRICACI\u00d3N DE TORRES ESTABILIZADORAS DE CONDENSADO \u2013 PROYECTO MARGARITA- PLANTA CPF<\/p><div class=\"uxb-col large-9 height-280 white-bg for-nested columns\"><div class=\"row\"><div class=\"uxb-col large-12 columns\"><p>DEGASIFICADOR DE GASOLINA 40-V-008; Torre estabilizadora de condensado 11-T-03; plataformas y racking; repuestos por 2 a\u00f1os.<\/p><p><strong>Ubicaci\u00f3n:<\/strong> UTE MARGARITA \u2013 PLANTA CPF<\/p><p><a href=\"https:\/\/carloscaballerosa.com\/en\/portfolio\/provision-y-fabricacion-de-columnas-proyecto-516-ute-margarita-planta-cpf\/\">Ver m\u00e1s&#8230;<\/a><\/p><\/div><\/div><\/div><\/div><\/div>\n\t\t\t\t<\/div>\n\t\t\t\t\t\t\t<div class=\"elementor-accordion-item\">\n\t\t\t\t\t<div id=\"elementor-tab-title-5972\" class=\"elementor-tab-title\" data-tab=\"2\" role=\"tab\" aria-controls=\"elementor-tab-content-5972\" aria-expanded=\"false\">\n\t\t\t\t\t\t\t\t\t\t\t\t\t<span class=\"elementor-accordion-icon elementor-accordion-icon-left\" aria-hidden=\"true\">\n\t\t\t\t\t\t\t\t\t\t\t\t\t\t\t<span class=\"elementor-accordion-icon-closed\"><i class=\"fas fa-angle-double-down\"><\/i><\/span>\n\t\t\t\t\t\t\t\t<span class=\"elementor-accordion-icon-opened\"><i class=\"fas fa-angle-double-up\"><\/i><\/span>\n\t\t\t\t\t\t\t\t\t\t\t\t\t\t<\/span>\n\t\t\t\t\t\t\t\t\t\t\t\t<a class=\"elementor-accordion-title\" href=\"\">SENER INGENIER\u00cdA Y SISTEMAS S.A<\/a>\n\t\t\t\t\t<\/div>\n\t\t\t\t\t<div id=\"elementor-tab-content-5972\" class=\"elementor-tab-content elementor-clearfix\" data-tab=\"2\" role=\"tabpanel\" aria-labelledby=\"elementor-tab-title-5972\"><div class=\"wpb_wrapper\"><p style=\"text-align: justify;\">FABRICACI\u00d3N DE RECIPIENTES A PRESI\u00d3N TAG 22-T-11, 23-V-01, 25-V-01, 26-V-01, 26-V-02<\/p><\/div><p><strong>Ubicaci\u00f3n:<\/strong> RIO GRANDE\/SANTA CRUZ\u00a0<\/p><p><a href=\"https:\/\/carloscaballerosa.com\/en\/portfolio\/fabricacion-y-construccion-de-recipientes-a-presion-tag-22-t-11-23-v-01-25-v-01-26-v-01-26-v-02\/\">Ver m\u00e1s&#8230;\u00a0<\/a><\/p><\/div>\n\t\t\t\t<\/div>\n\t\t\t\t\t\t\t<div class=\"elementor-accordion-item\">\n\t\t\t\t\t<div id=\"elementor-tab-title-5973\" class=\"elementor-tab-title\" data-tab=\"3\" role=\"tab\" aria-controls=\"elementor-tab-content-5973\" aria-expanded=\"false\">\n\t\t\t\t\t\t\t\t\t\t\t\t\t<span class=\"elementor-accordion-icon elementor-accordion-icon-left\" aria-hidden=\"true\">\n\t\t\t\t\t\t\t\t\t\t\t\t\t\t\t<span class=\"elementor-accordion-icon-closed\"><i class=\"fas fa-angle-double-down\"><\/i><\/span>\n\t\t\t\t\t\t\t\t<span class=\"elementor-accordion-icon-opened\"><i class=\"fas fa-angle-double-up\"><\/i><\/span>\n\t\t\t\t\t\t\t\t\t\t\t\t\t\t<\/span>\n\t\t\t\t\t\t\t\t\t\t\t\t<a class=\"elementor-accordion-title\" href=\"\">ASTRA EVANGELISTA S.A<\/a>\n\t\t\t\t\t<\/div>\n\t\t\t\t\t<div id=\"elementor-tab-content-5973\" class=\"elementor-tab-content elementor-clearfix\" data-tab=\"3\" role=\"tabpanel\" aria-labelledby=\"elementor-tab-title-5973\"><p>PROYECTO R\u00cdO GRANDE: INGENIER\u00cdA Y FABRICACI\u00d3N DE 6 TANQUES TIPO BULLET \u2013 PLANTA R\u00cdO GRANDE DE ALMACENAMIENTO DE GLP TAG: V-966\/971<\/p><p><strong>Alcance:<\/strong>\u00a0ingenier\u00eda y fabricaci\u00f3n de 6 tanques tipo bullet para almacenamiento de glp: c\u00f3digo estampa: \u201cu\u201d e inscripci\u00f3n al \u201cnb\u201d capacidad nominal: 415,0 m3.; espesores cuerpo: 1,25\u201d (31,75mm) di\u00e1metro interior: 3.820 mm; largo cuerpo: 33.750 mm.<\/p><p><strong>Ubicaci\u00f3n:<\/strong> R\u00cdO GRANDE\/BOLIVIA\u00a0<\/p><p><a href=\"https:\/\/carloscaballerosa.com\/en\/portfolio\/ingenieria-y-fabricacion-de-6-tanques-tipo-bullet-planta-rio-grande-de-almacenamiento-de-glp-tag-v-966971\/\">Ver m\u00e1s&#8230;<\/a><\/p><\/div>\n\t\t\t\t<\/div>\n\t\t\t\t\t\t\t<div class=\"elementor-accordion-item\">\n\t\t\t\t\t<div id=\"elementor-tab-title-5974\" class=\"elementor-tab-title\" data-tab=\"4\" role=\"tab\" aria-controls=\"elementor-tab-content-5974\" aria-expanded=\"false\">\n\t\t\t\t\t\t\t\t\t\t\t\t\t<span class=\"elementor-accordion-icon elementor-accordion-icon-left\" aria-hidden=\"true\">\n\t\t\t\t\t\t\t\t\t\t\t\t\t\t\t<span class=\"elementor-accordion-icon-closed\"><i class=\"fas fa-angle-double-down\"><\/i><\/span>\n\t\t\t\t\t\t\t\t<span class=\"elementor-accordion-icon-opened\"><i class=\"fas fa-angle-double-up\"><\/i><\/span>\n\t\t\t\t\t\t\t\t\t\t\t\t\t\t<\/span>\n\t\t\t\t\t\t\t\t\t\t\t\t<a class=\"elementor-accordion-title\" href=\"\">EPC \u2013 AMPLIACI\u00d3N REFINER\u00cdA ORO NEGRO<\/a>\n\t\t\t\t\t<\/div>\n\t\t\t\t\t<div id=\"elementor-tab-content-5974\" class=\"elementor-tab-content elementor-clearfix\" data-tab=\"4\" role=\"tabpanel\" aria-labelledby=\"elementor-tab-title-5974\"><p>FABRICACI\u00d3N Y MONTAJE DE 17 TANQUES ATMOSF\u00c9RICOS DESDE 500 HASTA 16.000 BBL; PIPING, CONEXIONES Y SISTEMAS C\/INCENDIO. FABRICACI\u00d3N DE RECIPIENTES DE PRESI\u00d3N. MODIFICACIONES DE INTERNO EN TORRE VERTICAL ESTAMPADA \u201cU\u201d \u2013 CAMPO LA PE\u00d1A\u00a0<\/p><p><a href=\"https:\/\/carloscaballerosa.com\/en\/unidades-de-negocio\/industria-metalurgica\/fabricacion-de-equipos-y-estructuras\/fabricacion-de-recipientes-a-presion\/\">Ver m\u00e1s&#8230;<\/a><\/p><\/div>\n\t\t\t\t<\/div>\n\t\t\t\t\t\t\t<div class=\"elementor-accordion-item\">\n\t\t\t\t\t<div id=\"elementor-tab-title-5975\" class=\"elementor-tab-title\" data-tab=\"5\" role=\"tab\" aria-controls=\"elementor-tab-content-5975\" aria-expanded=\"false\">\n\t\t\t\t\t\t\t\t\t\t\t\t\t<span class=\"elementor-accordion-icon elementor-accordion-icon-left\" aria-hidden=\"true\">\n\t\t\t\t\t\t\t\t\t\t\t\t\t\t\t<span class=\"elementor-accordion-icon-closed\"><i class=\"fas fa-angle-double-down\"><\/i><\/span>\n\t\t\t\t\t\t\t\t<span class=\"elementor-accordion-icon-opened\"><i class=\"fas fa-angle-double-up\"><\/i><\/span>\n\t\t\t\t\t\t\t\t\t\t\t\t\t\t<\/span>\n\t\t\t\t\t\t\t\t\t\t\t\t<a class=\"elementor-accordion-title\" href=\"\">PARQUE DE ESFERAS DE LA PLANTA SEPARADORA DE L\u00cdQUIDOS LIC. CARLOS VILLEGAS<\/a>\n\t\t\t\t\t<\/div>\n\t\t\t\t\t<div id=\"elementor-tab-content-5975\" class=\"elementor-tab-content elementor-clearfix\" data-tab=\"5\" role=\"tabpanel\" aria-labelledby=\"elementor-tab-title-5975\"><p>CONSTRUCCI\u00d3N DE 4 TANQUES ESF\u00c9RICOS DE 7590 M3 PARA ALMACENAMIENTO DE GLP Y 3 TANQUES ESF\u00c9RICOS DE 690 M3 PARA ALMACENAMIENTO DE ISOPENTANO. EPC DEL SISTEMA CONTRAINCENDIOS Y OBRAS COMPLEMENTARIAS.<\/p><p><strong>Ubicaci\u00f3n:<\/strong> GRAN CHACO \/ BOLIVIA\u00a0<\/p><p><a href=\"https:\/\/carloscaballerosa.com\/en\/portfolio\/parque-de-esferas-de-la-planta-separadora-de-liquidos-lic-carlos-villegas\/\">Ver m\u00e1s&#8230;<\/a><\/p><\/div>\n\t\t\t\t<\/div>\n\t\t\t\t\t\t\t\t<\/div>\n\t\t\t\t<\/div>\n\t\t\t\t<\/div>\n\t\t\t\t\t<\/div>\n\t\t<\/div>\n\t\t\t\t\t\t\t<\/div>\n\t\t<\/section>\n\t\t\t\t<section class=\"elementor-section elementor-top-section elementor-element elementor-element-b2685de elementor-section-boxed elementor-section-height-default elementor-section-height-default\" data-id=\"b2685de\" data-element_type=\"section\">\n\t\t\t\t\t\t<div class=\"elementor-container elementor-column-gap-default\">\n\t\t\t\t\t<div class=\"elementor-column elementor-col-100 elementor-top-column elementor-element elementor-element-3da95b0\" data-id=\"3da95b0\" data-element_type=\"column\">\n\t\t\t<div class=\"elementor-widget-wrap elementor-element-populated\">\n\t\t\t\t\t\t\t\t<div class=\"elementor-element elementor-element-11e50b3 elementor-widget elementor-widget-image-gallery\" data-id=\"11e50b3\" data-element_type=\"widget\" data-widget_type=\"image-gallery.default\">\n\t\t\t\t<div class=\"elementor-widget-container\">\n\t\t\t\t\t<div class=\"elementor-image-gallery\">\n\t\t\t<div id='gallery-1' class='gallery galleryid-4151 gallery-columns-2 gallery-size-full'><figure class='gallery-item'>\n\t\t\t<div class='gallery-icon landscape'>\n\t\t\t\t<a data-elementor-open-lightbox=\"yes\" data-elementor-lightbox-slideshow=\"11e50b3\" data-elementor-lightbox-title=\"carloscaballerosa-recipiente-presion-00\" href='https:\/\/carloscaballerosa.com\/wp-content\/uploads\/2021\/11\/carloscaballerosa-recipiente-presion-00.jpg'><img loading=\"lazy\" decoding=\"async\" width=\"1024\" height=\"512\" src=\"https:\/\/carloscaballerosa.com\/wp-content\/uploads\/2021\/11\/carloscaballerosa-recipiente-presion-00.jpg\" class=\"attachment-full size-full\" alt=\"\" srcset=\"https:\/\/carloscaballerosa.com\/wp-content\/uploads\/2021\/11\/carloscaballerosa-recipiente-presion-00.jpg 1024w, https:\/\/carloscaballerosa.com\/wp-content\/uploads\/2021\/11\/carloscaballerosa-recipiente-presion-00-300x150.jpg 300w, https:\/\/carloscaballerosa.com\/wp-content\/uploads\/2021\/11\/carloscaballerosa-recipiente-presion-00-768x384.jpg 768w\" sizes=\"auto, (max-width: 1024px) 100vw, 1024px\" \/><\/a>\n\t\t\t<\/div><\/figure><figure class='gallery-item'>\n\t\t\t<div class='gallery-icon landscape'>\n\t\t\t\t<a data-elementor-open-lightbox=\"yes\" data-elementor-lightbox-slideshow=\"11e50b3\" data-elementor-lightbox-title=\"carloscaballerosa-recipiente-presion-11\" href='https:\/\/carloscaballerosa.com\/wp-content\/uploads\/2021\/11\/carloscaballerosa-recipiente-presion-11.jpg'><img loading=\"lazy\" decoding=\"async\" width=\"1024\" height=\"512\" src=\"https:\/\/carloscaballerosa.com\/wp-content\/uploads\/2021\/11\/carloscaballerosa-recipiente-presion-11.jpg\" class=\"attachment-full size-full\" alt=\"\" srcset=\"https:\/\/carloscaballerosa.com\/wp-content\/uploads\/2021\/11\/carloscaballerosa-recipiente-presion-11.jpg 1024w, https:\/\/carloscaballerosa.com\/wp-content\/uploads\/2021\/11\/carloscaballerosa-recipiente-presion-11-300x150.jpg 300w, https:\/\/carloscaballerosa.com\/wp-content\/uploads\/2021\/11\/carloscaballerosa-recipiente-presion-11-768x384.jpg 768w\" sizes=\"auto, (max-width: 1024px) 100vw, 1024px\" \/><\/a>\n\t\t\t<\/div><\/figure><figure class='gallery-item'>\n\t\t\t<div class='gallery-icon landscape'>\n\t\t\t\t<a data-elementor-open-lightbox=\"yes\" data-elementor-lightbox-slideshow=\"11e50b3\" data-elementor-lightbox-title=\"carloscaballerosa-recipiente-presion-22\" href='https:\/\/carloscaballerosa.com\/wp-content\/uploads\/2021\/11\/carloscaballerosa-recipiente-presion-22.jpg'><img loading=\"lazy\" decoding=\"async\" width=\"1024\" height=\"512\" src=\"https:\/\/carloscaballerosa.com\/wp-content\/uploads\/2021\/11\/carloscaballerosa-recipiente-presion-22.jpg\" class=\"attachment-full size-full\" alt=\"\" srcset=\"https:\/\/carloscaballerosa.com\/wp-content\/uploads\/2021\/11\/carloscaballerosa-recipiente-presion-22.jpg 1024w, https:\/\/carloscaballerosa.com\/wp-content\/uploads\/2021\/11\/carloscaballerosa-recipiente-presion-22-300x150.jpg 300w, https:\/\/carloscaballerosa.com\/wp-content\/uploads\/2021\/11\/carloscaballerosa-recipiente-presion-22-768x384.jpg 768w\" sizes=\"auto, (max-width: 1024px) 100vw, 1024px\" \/><\/a>\n\t\t\t<\/div><\/figure><figure class='gallery-item'>\n\t\t\t<div class='gallery-icon landscape'>\n\t\t\t\t<a data-elementor-open-lightbox=\"yes\" data-elementor-lightbox-slideshow=\"11e50b3\" data-elementor-lightbox-title=\"carloscaballerosa-recipiente-presion-33\" href='https:\/\/carloscaballerosa.com\/wp-content\/uploads\/2021\/11\/carloscaballerosa-recipiente-presion-33.jpg'><img loading=\"lazy\" decoding=\"async\" width=\"1024\" height=\"512\" src=\"https:\/\/carloscaballerosa.com\/wp-content\/uploads\/2021\/11\/carloscaballerosa-recipiente-presion-33.jpg\" class=\"attachment-full size-full\" alt=\"\" srcset=\"https:\/\/carloscaballerosa.com\/wp-content\/uploads\/2021\/11\/carloscaballerosa-recipiente-presion-33.jpg 1024w, https:\/\/carloscaballerosa.com\/wp-content\/uploads\/2021\/11\/carloscaballerosa-recipiente-presion-33-300x150.jpg 300w, https:\/\/carloscaballerosa.com\/wp-content\/uploads\/2021\/11\/carloscaballerosa-recipiente-presion-33-768x384.jpg 768w\" sizes=\"auto, (max-width: 1024px) 100vw, 1024px\" \/><\/a>\n\t\t\t<\/div><\/figure>\n\t\t<\/div>\n\t\t<\/div>\n\t\t\t\t<\/div>\n\t\t\t\t<\/div>\n\t\t\t\t\t<\/div>\n\t\t<\/div>\n\t\t\t\t\t\t\t<\/div>\n\t\t<\/section>\n\t\t\t\t<section class=\"elementor-section elementor-top-section elementor-element elementor-element-ee87a0d elementor-section-boxed elementor-section-height-default elementor-section-height-default\" data-id=\"ee87a0d\" data-element_type=\"section\">\n\t\t\t\t\t\t<div class=\"elementor-container elementor-column-gap-default\">\n\t\t\t\t\t<div class=\"elementor-column elementor-col-100 elementor-top-column elementor-element elementor-element-615b55c\" data-id=\"615b55c\" data-element_type=\"column\">\n\t\t\t<div class=\"elementor-widget-wrap\">\n\t\t\t\t\t\t\t\t\t<\/div>\n\t\t<\/div>\n\t\t\t\t\t\t\t<\/div>\n\t\t<\/section>\n\t\t\t\t\t\t<\/div>\n\t\t\t\t\t<\/div>","protected":false},"excerpt":{"rendered":"<p>Fabricaci\u00f3n de Equipos y Estructuras Fabricaci\u00f3n de recipientes a presi\u00f3n Los recipientes para fluidos de alta presi\u00f3n son entregados: fabricados, con ensayos END, pruebas, pintados, embalados adecuadamente y\/o montados sobre su skid y\/o soportes definitivo, para facilitar el montaje en campo. Contamos con m\u00e1s de 100 procedimientos aprobados de soldadura, bajo c\u00f3digos ASME IX, ASME [&hellip;]<\/p>","protected":false},"author":1,"featured_media":0,"parent":4055,"menu_order":0,"comment_status":"closed","ping_status":"closed","template":"","meta":{"_acf_changed":false,"_monsterinsights_skip_tracking":false,"_monsterinsights_sitenote_active":false,"_monsterinsights_sitenote_note":"","_monsterinsights_sitenote_category":0,"footnotes":""},"class_list":["post-4151","page","type-page","status-publish","hentry"],"acf":[],"aioseo_notices":[],"_links":{"self":[{"href":"https:\/\/carloscaballerosa.com\/en\/wp-json\/wp\/v2\/pages\/4151","targetHints":{"allow":["GET"]}}],"collection":[{"href":"https:\/\/carloscaballerosa.com\/en\/wp-json\/wp\/v2\/pages"}],"about":[{"href":"https:\/\/carloscaballerosa.com\/en\/wp-json\/wp\/v2\/types\/page"}],"author":[{"embeddable":true,"href":"https:\/\/carloscaballerosa.com\/en\/wp-json\/wp\/v2\/users\/1"}],"replies":[{"embeddable":true,"href":"https:\/\/carloscaballerosa.com\/en\/wp-json\/wp\/v2\/comments?post=4151"}],"version-history":[{"count":19,"href":"https:\/\/carloscaballerosa.com\/en\/wp-json\/wp\/v2\/pages\/4151\/revisions"}],"predecessor-version":[{"id":5506,"href":"https:\/\/carloscaballerosa.com\/en\/wp-json\/wp\/v2\/pages\/4151\/revisions\/5506"}],"up":[{"embeddable":true,"href":"https:\/\/carloscaballerosa.com\/en\/wp-json\/wp\/v2\/pages\/4055"}],"wp:attachment":[{"href":"https:\/\/carloscaballerosa.com\/en\/wp-json\/wp\/v2\/media?parent=4151"}],"curies":[{"name":"wp","href":"https:\/\/api.w.org\/{rel}","templated":true}]}}