{"id":4057,"date":"2021-11-26T13:43:13","date_gmt":"2021-11-26T13:43:13","guid":{"rendered":"https:\/\/carloscaballerosa.com\/?page_id=4057"},"modified":"2022-03-31T21:40:07","modified_gmt":"2022-03-31T21:40:07","slug":"servicio-de-pre-fabricacion-de-spools","status":"publish","type":"page","link":"https:\/\/carloscaballerosa.com\/en\/unidades-de-negocio\/industria-metalurgica\/servicio-de-pre-fabricacion-de-spools\/","title":{"rendered":"Servicio de Pre-Fabricaci\u00f3n de Spools"},"content":{"rendered":"<div data-elementor-type=\"wp-page\" data-elementor-id=\"4057\" class=\"elementor elementor-4057\" data-elementor-settings=\"[]\">\n\t\t\t\t\t\t\t<div class=\"elementor-section-wrap\">\n\t\t\t\t\t\t\t<div class=\"elementor-section elementor-top-section elementor-element elementor-element-b8f7673 elementor-section-full_width elementor-section-stretched elementor-section-height-default elementor-section-height-default\" data-id=\"b8f7673\" data-element_type=\"section\" data-settings=\"{&quot;stretch_section&quot;:&quot;section-stretched&quot;}\">\n\t\t\t\t\t\t<div class=\"elementor-container elementor-column-gap-default\">\n\t\t\t\t\t<div class=\"elementor-column elementor-col-100 elementor-top-column elementor-element elementor-element-c5ff815\" data-id=\"c5ff815\" data-element_type=\"column\">\n\t\t\t<div class=\"elementor-widget-wrap elementor-element-populated\">\n\t\t\t\t\t\t\t\t<section class=\"elementor-section elementor-inner-section elementor-element elementor-element-cb061d6 elementor-section-boxed elementor-section-height-default elementor-section-height-default\" data-id=\"cb061d6\" data-element_type=\"section\">\n\t\t\t\t\t\t<div class=\"elementor-container elementor-column-gap-default\">\n\t\t\t\t\t<div class=\"elementor-column elementor-col-100 elementor-inner-column elementor-element elementor-element-05e15e1\" data-id=\"05e15e1\" data-element_type=\"column\">\n\t\t\t<div class=\"elementor-widget-wrap elementor-element-populated\">\n\t\t\t\t\t\t\t\t<div class=\"elementor-element elementor-element-5ec68d2 elementor-widget elementor-widget-section_title\" data-id=\"5ec68d2\" data-element_type=\"widget\" data-widget_type=\"section_title.default\">\n\t\t\t\t<div class=\"elementor-widget-container\">\n\t\t\t\r\n\r\n\r\n<div class=\"pt-section-title-box text-center\">   \r\n   \t\t<span class=\"pt-section-sub-title\">Industria metal\u00fargica<\/span>     \t<h5 class=\"pt-section-title\">Servicio de Pre-Fabricaci\u00f3n de Spools y M\u00f3dulos Paquetizados<\/h5>     \t   \r\n<\/div>\t\t<\/div>\n\t\t\t\t<\/div>\n\t\t\t\t\t<\/div>\n\t\t<\/div>\n\t\t\t\t\t\t\t<\/div>\n\t\t<\/section>\n\t\t\t\t\t<\/div>\n\t\t<\/div>\n\t\t\t\t\t\t\t<\/div>\n\t\t<\/div>\n\t\t\t\t<section class=\"elementor-section elementor-top-section elementor-element elementor-element-80ab4ce elementor-section-boxed elementor-section-height-default elementor-section-height-default\" data-id=\"80ab4ce\" data-element_type=\"section\">\n\t\t\t\t\t\t<div class=\"elementor-container elementor-column-gap-default\">\n\t\t\t\t\t<div class=\"elementor-column elementor-col-100 elementor-top-column elementor-element elementor-element-5dfbff8\" data-id=\"5dfbff8\" data-element_type=\"column\">\n\t\t\t<div class=\"elementor-widget-wrap elementor-element-populated\">\n\t\t\t\t\t\t\t\t<div class=\"elementor-element elementor-element-7e5dd54 elementor-widget elementor-widget-text-editor\" data-id=\"7e5dd54\" data-element_type=\"widget\" data-widget_type=\"text-editor.default\">\n\t\t\t\t<div class=\"elementor-widget-container\">\n\t\t\t\t\t\t\t<div class=\"wpb_wrapper\"><h3 class=\"light\">23 a\u00f1os aplicando tecnolog\u00eda de punta a la fabricaci\u00f3n en acero.<\/h3><blockquote class=\"\"><p>El sistema de spools prefabricados es la mejor forma de gestionar todo el piping de una instalaci\u00f3n. Los spools permiten dividir las tuber\u00edas en piezas y agruparlas en isom\u00e9tricos para su prefabricaci\u00f3n, acabado y facilidad para el transporte y montaje.<\/p><\/blockquote><h3>Tecnolog\u00eda y calidad para reducir costos y contratiempos en la construcci\u00f3n de tuber\u00edas<\/h3><div class=\"wpb_text_column wpb_content_element\"><div class=\"wpb_wrapper\"><p style=\"text-align: justify;\">Carlos Caballero SA, con 23 a\u00f1os de experiencia en dise\u00f1o, fabricaci\u00f3n, montaje y reparaci\u00f3n de m\u00e1s de 350 recipientes a presi\u00f3n, 100 tanques bajo c\u00f3digo API, 300.000\u201d de soldadura en prefabricados de piping bajo normas, c\u00f3digos de calidad mundiales, tecnolog\u00eda de punta y muchos otros servicios y proyectos desarrollados, pone a disposici\u00f3n del mercado el equipamiento m\u00e1s avanzado, amplia infraestructura (165.000 m2 de instalaciones) y personal calificado para la producci\u00f3n de prefabricados de alta calidad.<\/p><\/div><\/div><h3 class=\"has-line\">Ventajas<\/h3><div class=\"wpb_text_column wpb_content_element\"><div class=\"wpb_wrapper\"><ul><li>Como los prefabricados se fabrican en nuestra planta, se ahorra en tiempo y mano de obra, aisl\u00e1ndonos del clima, pudiendo tener fabricaci\u00f3n continua bajo cualquier circunstancia.<\/li><li>Los spools salen de planta: fabricados, con ensayos END, pintados, embalados adecuadamente y\/o montados sobre su skid definitivo, con tramos de ajuste, para facilitar su montaje en campo.<\/li><li>En Carlos Caballero SA tenemos la capacidad de procesar hasta 1.500 pulgadas \/ d\u00eda de spools en di\u00e1metros desde 2 pulgadas hasta 42 pulgadas. Prefabricamos en Acero al Carbono, Acero Inoxidable y Acero Aleado.<\/li><li>Contamos con m\u00e1s de 100 procedimientos aprobados de soldadura, bajo c\u00f3digos ASME IX, ASME B31.3, NACE MR0175, AWS D1.1 y la capacidad de generarlos en caso que el cliente as\u00ed lo requiera.<\/li><\/ul><\/div><\/div><h3 class=\"has-line\">Tecnolog\u00eda<\/h3><div class=\"wpb_text_column wpb_content_element\"><div class=\"wpb_wrapper\"><p style=\"text-align: justify;\">Trabajamos con procesos de soldadura certificada manual y semiautom\u00e1tica GTAW, SMAW, SAW, GMAW, FCAW, Soldadura Orbital autom\u00e1tica GTAW \u2013 GMAW \u2013 FCAWG con equipos capaces de operar en diversos di\u00e1metros y espesores, de acuerdo a las necesidades del proyecto.<\/p><ul><li>10 equipos Magnatech de soldadura orbital para piping de \u00bd\u201d a 42\u201d y rieles para mayores di\u00e1metros, con diversas aplicaciones (ej. Tanques). Esta tecnolog\u00eda para soldadura de alta calidad automatizada nos permite incrementar la productividad, control y calidad de la producci\u00f3n de prefabricados hasta en un 3:1.<\/li><li>Contamos con equipos hidr\u00e1ulicos y neum\u00e1ticos de biselado y presentaci\u00f3n, para los cuales hemos desarrollado programas exclusivos para manejo de soldadura a tope bisel en V y J.<\/li><li>Nuestros ingenieros en soldadura cuentan con extensa experiencia en el rubro metal\u00fargico y desarrollan capacitaciones y calificaciones permanentes para los operadores espec\u00edficos.<\/li><\/ul><\/div><\/div><h3 class=\"has-line\">Soporte T\u00e9cnico de Ingenier\u00eda en Taller<\/h3><div class=\"wpb_text_column wpb_content_element\"><div class=\"wpb_wrapper\"><ul><li>An\u00e1lisis de estr\u00e9s<\/li><li>Relevamiento y dimensionamiento de tuber\u00edas<\/li><li>Instrumentaci\u00f3n<\/li><li>Dise\u00f1o final (as built drawings)<\/li><li>Dise\u00f1o de equipos paquetizados<\/li><\/ul><\/div><\/div><\/div>\t\t\t\t\t\t<\/div>\n\t\t\t\t<\/div>\n\t\t\t\t\t<\/div>\n\t\t<\/div>\n\t\t\t\t\t\t\t<\/div>\n\t\t<\/section>\n\t\t\t\t<section class=\"elementor-section elementor-top-section elementor-element elementor-element-e36e753 elementor-section-boxed elementor-section-height-default elementor-section-height-default\" data-id=\"e36e753\" data-element_type=\"section\">\n\t\t\t\t\t\t<div class=\"elementor-container elementor-column-gap-default\">\n\t\t\t\t\t<div class=\"elementor-column elementor-col-100 elementor-top-column elementor-element elementor-element-087a0bf\" data-id=\"087a0bf\" data-element_type=\"column\">\n\t\t\t<div class=\"elementor-widget-wrap elementor-element-populated\">\n\t\t\t\t\t\t\t\t<div class=\"elementor-element elementor-element-eb9bf60 elementor-widget elementor-widget-image-gallery\" data-id=\"eb9bf60\" data-element_type=\"widget\" data-widget_type=\"image-gallery.default\">\n\t\t\t\t<div class=\"elementor-widget-container\">\n\t\t\t\t\t<div class=\"elementor-image-gallery\">\n\t\t\t<div id='gallery-1' class='gallery galleryid-4057 gallery-columns-2 gallery-size-full'><figure class='gallery-item'>\n\t\t\t<div class='gallery-icon portrait'>\n\t\t\t\t<a data-elementor-open-lightbox=\"no\" href='https:\/\/carloscaballerosa.com\/wp-content\/uploads\/2022\/03\/f-scaled.jpg'><img loading=\"lazy\" decoding=\"async\" width=\"1920\" height=\"2560\" src=\"https:\/\/carloscaballerosa.com\/wp-content\/uploads\/2022\/03\/f-scaled.jpg\" class=\"attachment-full size-full\" alt=\"\" srcset=\"https:\/\/carloscaballerosa.com\/wp-content\/uploads\/2022\/03\/f-scaled.jpg 1920w, https:\/\/carloscaballerosa.com\/wp-content\/uploads\/2022\/03\/f-225x300.jpg 225w, https:\/\/carloscaballerosa.com\/wp-content\/uploads\/2022\/03\/f-768x1024.jpg 768w, https:\/\/carloscaballerosa.com\/wp-content\/uploads\/2022\/03\/f-1152x1536.jpg 1152w, https:\/\/carloscaballerosa.com\/wp-content\/uploads\/2022\/03\/f-1536x2048.jpg 1536w, https:\/\/carloscaballerosa.com\/wp-content\/uploads\/2022\/03\/f-9x12.jpg 9w\" sizes=\"auto, (max-width: 1920px) 100vw, 1920px\" \/><\/a>\n\t\t\t<\/div><\/figure><figure class='gallery-item'>\n\t\t\t<div class='gallery-icon portrait'>\n\t\t\t\t<a data-elementor-open-lightbox=\"no\" href='https:\/\/carloscaballerosa.com\/wp-content\/uploads\/2022\/03\/k-scaled.jpg'><img loading=\"lazy\" decoding=\"async\" width=\"1920\" height=\"2560\" src=\"https:\/\/carloscaballerosa.com\/wp-content\/uploads\/2022\/03\/k-scaled.jpg\" class=\"attachment-full size-full\" alt=\"\" srcset=\"https:\/\/carloscaballerosa.com\/wp-content\/uploads\/2022\/03\/k-scaled.jpg 1920w, https:\/\/carloscaballerosa.com\/wp-content\/uploads\/2022\/03\/k-225x300.jpg 225w, https:\/\/carloscaballerosa.com\/wp-content\/uploads\/2022\/03\/k-768x1024.jpg 768w, https:\/\/carloscaballerosa.com\/wp-content\/uploads\/2022\/03\/k-1152x1536.jpg 1152w, https:\/\/carloscaballerosa.com\/wp-content\/uploads\/2022\/03\/k-1536x2048.jpg 1536w, https:\/\/carloscaballerosa.com\/wp-content\/uploads\/2022\/03\/k-9x12.jpg 9w\" sizes=\"auto, (max-width: 1920px) 100vw, 1920px\" \/><\/a>\n\t\t\t<\/div><\/figure><figure class='gallery-item'>\n\t\t\t<div class='gallery-icon landscape'>\n\t\t\t\t<a data-elementor-open-lightbox=\"no\" href='https:\/\/carloscaballerosa.com\/wp-content\/uploads\/2021\/11\/carloscaballerosa-ind-metal-spools-00.jpg'><img loading=\"lazy\" decoding=\"async\" width=\"560\" height=\"425\" src=\"https:\/\/carloscaballerosa.com\/wp-content\/uploads\/2021\/11\/carloscaballerosa-ind-metal-spools-00.jpg\" class=\"attachment-full size-full\" alt=\"\" srcset=\"https:\/\/carloscaballerosa.com\/wp-content\/uploads\/2021\/11\/carloscaballerosa-ind-metal-spools-00.jpg 560w, https:\/\/carloscaballerosa.com\/wp-content\/uploads\/2021\/11\/carloscaballerosa-ind-metal-spools-00-300x228.jpg 300w\" sizes=\"auto, (max-width: 560px) 100vw, 560px\" \/><\/a>\n\t\t\t<\/div><\/figure><figure class='gallery-item'>\n\t\t\t<div class='gallery-icon landscape'>\n\t\t\t\t<a data-elementor-open-lightbox=\"no\" href='https:\/\/carloscaballerosa.com\/wp-content\/uploads\/2021\/11\/carloscaballerosa-ind-metal-spools-.jpg'><img loading=\"lazy\" decoding=\"async\" width=\"560\" height=\"425\" src=\"https:\/\/carloscaballerosa.com\/wp-content\/uploads\/2021\/11\/carloscaballerosa-ind-metal-spools-.jpg\" class=\"attachment-full size-full\" alt=\"\" srcset=\"https:\/\/carloscaballerosa.com\/wp-content\/uploads\/2021\/11\/carloscaballerosa-ind-metal-spools-.jpg 560w, https:\/\/carloscaballerosa.com\/wp-content\/uploads\/2021\/11\/carloscaballerosa-ind-metal-spools--300x228.jpg 300w\" sizes=\"auto, (max-width: 560px) 100vw, 560px\" \/><\/a>\n\t\t\t<\/div><\/figure>\n\t\t<\/div>\n\t\t<\/div>\n\t\t\t\t<\/div>\n\t\t\t\t<\/div>\n\t\t\t\t\t<\/div>\n\t\t<\/div>\n\t\t\t\t\t\t\t<\/div>\n\t\t<\/section>\n\t\t\t\t\t\t<\/div>\n\t\t\t\t\t<\/div>","protected":false},"excerpt":{"rendered":"<p>Industria metal\u00fargica Servicio de Pre-Fabricaci\u00f3n de Spools y M\u00f3dulos Paquetizados 23 a\u00f1os aplicando tecnolog\u00eda de punta a la fabricaci\u00f3n en acero.El sistema de spools prefabricados es la mejor forma de gestionar todo el piping de una instalaci\u00f3n. Los spools permiten dividir las tuber\u00edas en piezas y agruparlas en isom\u00e9tricos para su prefabricaci\u00f3n, acabado y facilidad [&hellip;]<\/p>","protected":false},"author":1,"featured_media":0,"parent":3004,"menu_order":0,"comment_status":"closed","ping_status":"closed","template":"","meta":{"_acf_changed":false,"_monsterinsights_skip_tracking":false,"_monsterinsights_sitenote_active":false,"_monsterinsights_sitenote_note":"","_monsterinsights_sitenote_category":0,"footnotes":""},"class_list":["post-4057","page","type-page","status-publish","hentry"],"acf":[],"aioseo_notices":[],"_links":{"self":[{"href":"https:\/\/carloscaballerosa.com\/en\/wp-json\/wp\/v2\/pages\/4057","targetHints":{"allow":["GET"]}}],"collection":[{"href":"https:\/\/carloscaballerosa.com\/en\/wp-json\/wp\/v2\/pages"}],"about":[{"href":"https:\/\/carloscaballerosa.com\/en\/wp-json\/wp\/v2\/types\/page"}],"author":[{"embeddable":true,"href":"https:\/\/carloscaballerosa.com\/en\/wp-json\/wp\/v2\/users\/1"}],"replies":[{"embeddable":true,"href":"https:\/\/carloscaballerosa.com\/en\/wp-json\/wp\/v2\/comments?post=4057"}],"version-history":[{"count":13,"href":"https:\/\/carloscaballerosa.com\/en\/wp-json\/wp\/v2\/pages\/4057\/revisions"}],"predecessor-version":[{"id":5565,"href":"https:\/\/carloscaballerosa.com\/en\/wp-json\/wp\/v2\/pages\/4057\/revisions\/5565"}],"up":[{"embeddable":true,"href":"https:\/\/carloscaballerosa.com\/en\/wp-json\/wp\/v2\/pages\/3004"}],"wp:attachment":[{"href":"https:\/\/carloscaballerosa.com\/en\/wp-json\/wp\/v2\/media?parent=4057"}],"curies":[{"name":"wp","href":"https:\/\/api.w.org\/{rel}","templated":true}]}}