{"id":4056,"date":"2021-11-26T13:42:58","date_gmt":"2021-11-26T13:42:58","guid":{"rendered":"https:\/\/carloscaballerosa.com\/?page_id=4056"},"modified":"2022-03-31T21:48:58","modified_gmt":"2022-03-31T21:48:58","slug":"servicio-de-inspeccion-reparacion-y-mantenimiento-certificado","status":"publish","type":"page","link":"https:\/\/carloscaballerosa.com\/en\/unidades-de-negocio\/industria-metalurgica\/servicio-de-inspeccion-reparacion-y-mantenimiento-certificado\/","title":{"rendered":"Servicio de Inspecci\u00f3n, Reparaci\u00f3n y Mantenimiento Certificado"},"content":{"rendered":"<div data-elementor-type=\"wp-page\" data-elementor-id=\"4056\" class=\"elementor elementor-4056\" data-elementor-settings=\"[]\">\n\t\t\t\t\t\t\t<div class=\"elementor-section-wrap\">\n\t\t\t\t\t\t\t<div class=\"elementor-section elementor-top-section elementor-element elementor-element-b8f7673 elementor-section-full_width elementor-section-stretched elementor-section-height-default elementor-section-height-default\" data-id=\"b8f7673\" data-element_type=\"section\" data-settings=\"{&quot;stretch_section&quot;:&quot;section-stretched&quot;}\">\n\t\t\t\t\t\t<div class=\"elementor-container elementor-column-gap-default\">\n\t\t\t\t\t<div class=\"elementor-column elementor-col-100 elementor-top-column elementor-element elementor-element-c5ff815\" data-id=\"c5ff815\" data-element_type=\"column\">\n\t\t\t<div class=\"elementor-widget-wrap elementor-element-populated\">\n\t\t\t\t\t\t\t\t<section class=\"elementor-section elementor-inner-section elementor-element elementor-element-cb061d6 elementor-section-boxed elementor-section-height-default elementor-section-height-default\" data-id=\"cb061d6\" data-element_type=\"section\">\n\t\t\t\t\t\t<div class=\"elementor-container elementor-column-gap-default\">\n\t\t\t\t\t<div class=\"elementor-column elementor-col-100 elementor-inner-column elementor-element elementor-element-05e15e1\" data-id=\"05e15e1\" data-element_type=\"column\">\n\t\t\t<div class=\"elementor-widget-wrap elementor-element-populated\">\n\t\t\t\t\t\t\t\t<div class=\"elementor-element elementor-element-5ec68d2 elementor-widget elementor-widget-section_title\" data-id=\"5ec68d2\" data-element_type=\"widget\" data-widget_type=\"section_title.default\">\n\t\t\t\t<div class=\"elementor-widget-container\">\n\t\t\t\r\n\r\n\r\n<div class=\"pt-section-title-box text-center\">   \r\n   \t\t<span class=\"pt-section-sub-title\">Industria Metal\u00fargica<\/span>     \t<h5 class=\"pt-section-title\">Servicio de Inspecci\u00f3n, Reparaci\u00f3n y Mantenimiento Certificado<\/h5>     \t   \r\n<\/div>\t\t<\/div>\n\t\t\t\t<\/div>\n\t\t\t\t\t<\/div>\n\t\t<\/div>\n\t\t\t\t\t\t\t<\/div>\n\t\t<\/section>\n\t\t\t\t\t<\/div>\n\t\t<\/div>\n\t\t\t\t\t\t\t<\/div>\n\t\t<\/div>\n\t\t\t\t<section class=\"elementor-section elementor-top-section elementor-element elementor-element-d3fa635 elementor-section-boxed elementor-section-height-default elementor-section-height-default\" data-id=\"d3fa635\" data-element_type=\"section\">\n\t\t\t\t\t\t<div class=\"elementor-container elementor-column-gap-default\">\n\t\t\t\t\t<div class=\"elementor-column elementor-col-100 elementor-top-column elementor-element elementor-element-4269440\" data-id=\"4269440\" data-element_type=\"column\">\n\t\t\t<div class=\"elementor-widget-wrap elementor-element-populated\">\n\t\t\t\t\t\t\t\t<div class=\"elementor-element elementor-element-c0013ca elementor-widget elementor-widget-text-editor\" data-id=\"c0013ca\" data-element_type=\"widget\" data-widget_type=\"text-editor.default\">\n\t\t\t\t<div class=\"elementor-widget-container\">\n\t\t\t\t\t\t\t<div class=\"wpb_wrapper\"><blockquote class=\"\"><p>Mantenga la confiabilidad, rendimiento y valor de sus activos y equipos cr\u00edticos, a la vez que garantiza la seguridad de su personal, la comunidad y el medio ambiente.<\/p><\/blockquote><div class=\"wpb_text_column wpb_content_element\"><div class=\"wpb_wrapper\"><p style=\"text-align: justify;\">La evaluaci\u00f3n de integridad y mantenimiento calificado debe realizarse en todas las etapas del ciclo de vida del activo garantizando que los equipos o sistemas se encuentren aptos para el servicio que demanda cada aplicaci\u00f3n.<\/p><\/div><\/div><div class=\"wpb_text_column wpb_content_element\"><div class=\"wpb_wrapper\"><p style=\"text-align: justify;\"><em>El Decreto Supremo N\u00b0 25502 del Estado Plurinacional de Bolivia (Reglamento para la Construcci\u00f3n y Operaci\u00f3n de Refiner\u00edas, Plantas Petroqu\u00edmicas y Unidades de Proceso)<\/em> establece una serie de marcos normativos y regulatorios para garantizar con el <strong>mayor nivel de seguridad posible<\/strong>, que las <strong>instalaciones petroleras en territorio boliviano<\/strong> operen adecuadamente; para ello se apoya en c\u00f3digos de construcci\u00f3n, est\u00e1ndares y pr\u00e1cticas recomendadas por instituciones internacionales como ASME, API, AISC, AWS, NFPA, etc.<\/p><\/div><\/div><blockquote class=\"\"><p>El adecuado mantenimiento de sus equipos cr\u00edticos puede evitarle fuertes gastos no planificados, adem\u00e1s de evitar riesgos innecesarios, da\u00f1o a equipos aleda\u00f1os en su proceso y paros de alto costo en su producci\u00f3n.<\/p><\/blockquote><div class=\"wpb_text_column wpb_content_element\"><div class=\"wpb_wrapper\"><p style=\"text-align: justify;\">En Carlos Caballero SA contamos con 23 a\u00f1os de experiencia en dise\u00f1o, fabricaci\u00f3n, evaluaci\u00f3n y mantenimiento de recipientes a presi\u00f3n de acuerdo con las normas ASME para Calderos y Recipientes de Presi\u00f3n, Secci\u00f3n VIII, Divisi\u00f3n 1 o 2 y\/o API 510, know how bajo el cual le proponemos desarrollar planes integrales y calificados de:<\/p><\/div><\/div><div class=\"wpb_text_column wpb_content_element\"><div class=\"wpb_wrapper\"><ul><li>INSPECCI\u00d3N *<\/li><li>EVALUACI\u00d3N DE INTEGRIDAD MEC\u00c1NICA*<\/li><li>MANTENIMIENTO PREVENTIVO Y CORRECTIVO*<\/li><li>REPARACI\u00d3N Y\/O ALTERACI\u00d3N BAJO NORMAS APLICABLES.*<\/li><li>ASEGURAMIENTO DE CALIDAD EN INSPECCI\u00d3N Y MTTO.*<\/li><li>ADECUACI\u00d3N A NUEVAS VERSIONES DE NORMAS APLICADAS.*<\/li><\/ul><\/div><\/div><div class=\"wpb_text_column wpb_content_element\"><div class=\"wpb_wrapper\"><p style=\"text-align: justify;\"><strong>* Servicios realizables en campo (equipos en servicio) y\/o en instalaciones de Carlos Caballero SA (taller).<\/strong><\/p><\/div><\/div><h5>Todo trabajo es acompa\u00f1ado por un Plan de mantenimiento preventivo que correctamente aplicado, garantiza el \u00f3ptimo rendimiento del equipo tratado.<\/h5><h3 class=\"has-line\">Alcance<\/h3><div class=\"wpb_text_column wpb_content_element\"><div class=\"wpb_wrapper\"><ul><li>Recipientes a presi\u00f3n<\/li><li>Tanques de proceso y almacenaje.<\/li><li>Sistemas de tuber\u00edas y componentes (v\u00e1lvulas, conexiones, bridas, codos, juntas de expansi\u00f3n, mangueras, y brazos de carga y descarga, etc.) para transporte, bombeo e integraci\u00f3n.<\/li><li>Sistemas de separaci\u00f3n de hidrocarburos.<\/li><li>Sistemas de contra incendios (agua, CO2, espuma, polvo qu\u00edmico seco, etc.).<\/li><li>Equipos de procesos fijos y sus componentes (reactores, intercambiadores de calor, torres, etc.)<\/li><\/ul><\/div><\/div><h3 class=\"has-line\">C\u00f3digos Aplicados<\/h3><div class=\"wpb_text_column wpb_content_element\"><div class=\"wpb_wrapper\"><ul><li><strong>C\u00f3digos de Construcci\u00f3n<\/strong><ul><li>ASME B31.3<\/li><li>ASME SECCI\u00d3N VIII DIV 1 Y 2<\/li><li>API 650<\/li><\/ul><\/li><li><strong>C\u00f3digos de Servicio<\/strong><ul><li>ANSI NB 23<\/li><li>API 510<\/li><li>API 570<\/li><li>API 653<\/li><\/ul><\/li><li><strong>Pr\u00e1cticas recomendadas seg\u00fan:<\/strong><ul><li>AMERICAN NATIONAL STANDARDS INSTITUTE <strong>(ANSI)<\/strong><\/li><li>AMERICAN SOCIETY FOR NON DESTRUCTIVE TESTING <strong>(ASNT)<\/strong><\/li><li>AMERICAN PETROLEUM INSTITUTE <strong>(API)<\/strong><\/li><li>AMERICAN WELDING SOCIETY <strong>(AWS)<\/strong><\/li><li>NATIONAL BOARD INSPECTION CODE <strong>(NB)<\/strong><\/li><li>AMERICAN SOCIETY OF MECHANICAL ENGINEERS <strong>(ASME)<\/strong><\/li><\/ul><\/li><\/ul><\/div><\/div><h3 class=\"has-line\">Fases del servicio<\/h3><div class=\"wpb_text_column wpb_content_element\"><div class=\"wpb_wrapper\"><p><strong>Fase 1:<\/strong><\/p><ul><li>Inspecci\u00f3n y evaluaci\u00f3n de integridad (API \u2013 510)<\/li><li>Informe de evaluaci\u00f3n de integridad<\/li><li>Ingenier\u00eda de la reparaci\u00f3n<\/li><\/ul><p><strong>Fase 2:<\/strong><\/p><ul><li>Reparaci\u00f3n seg\u00fan c\u00f3digo y pr\u00e1cticas recomendadas (PIEZA CORTADA)<\/li><li>Ensayos no destructivos (ULTRA SONIDO AVANZADO)<\/li><li>Pruebas de hermeticidad y presi\u00f3n (PRUEBA HIDROST\u00c1TICA)<\/li><\/ul><p><strong>Fase 3:<\/strong><\/p><ul><li>Informe de la reparaci\u00f3n<\/li><li>Estampa (EXTERIORES)<\/li><li>Entrega de Databook y plan de mantenimiento<\/li><\/ul><\/div><\/div><h3 class=\"has-line\">Modalidades de Servicio o Contrataci\u00f3n<\/h3><div class=\"wpb_text_column wpb_content_element\"><div class=\"wpb_wrapper\"><ul><li>Contrato Marco<ul><li>Acuerdo de trabajo con plazo fijo, usualmente de dos a\u00f1os.<\/li><li>Precios establecidos para todas las actividades incluidas en el acuerdo.<\/li><li>Tiempos de atenci\u00f3n preferenciales.<\/li><\/ul><\/li><li>Solicitud Puntual de Servicio<ul><li>Atenci\u00f3n de acuerdo a requerimiento (ON DEMAND)<\/li><\/ul><\/li><\/ul><\/div><\/div><h3 class=\"has-line\">Proceso de Calidad y Control<\/h3><div class=\"wpb_text_column wpb_content_element\"><div class=\"wpb_wrapper\"><ul><li>Inspecci\u00f3n visual, dimensional de soldadura, control de variables de soldadura<\/li><li>Inspector de soldadura nivel I y II (IRAM, AWS, FBTS)<\/li><li>Ensayos no destructivos END, RT (Gamma y Rayos X), UT, PT, AUT(Ultrasonido avanzado), Part\u00edculas Magn\u00e9ticas (MT), Medici\u00f3n de dureza (HT)<\/li><li>Medici\u00f3n de Condiciones Ambientales \/ Perfil de anclaje \/ Control de Pel\u00edcula Seca y H\u00fameda \/ Prueba de adherencia \/ Control de continuidad de pel\u00edcula \/ Prueba de MEC<\/li><li>Control de curado final de pel\u00edcula \/ Cloruro de sodio de abrasivos<\/li><li>Ensayo de impacto (Charpy) \/ Ensayo de plegado<\/li><li>PMI (Identificaci\u00f3n positiva de materiales)<\/li><li>Pruebas de presi\u00f3n<\/li><li>Inspecci\u00f3n de recipientes dentro y fuera de servicio seg\u00fan API 510 y NB 23<\/li><\/ul><\/div><\/div><\/div>\t\t\t\t\t\t<\/div>\n\t\t\t\t<\/div>\n\t\t\t\t\t<\/div>\n\t\t<\/div>\n\t\t\t\t\t\t\t<\/div>\n\t\t<\/section>\n\t\t\t\t<section class=\"elementor-section elementor-top-section elementor-element elementor-element-7ebc3da elementor-section-boxed elementor-section-height-default elementor-section-height-default\" data-id=\"7ebc3da\" data-element_type=\"section\">\n\t\t\t\t\t\t<div class=\"elementor-container elementor-column-gap-default\">\n\t\t\t\t\t<div class=\"elementor-column elementor-col-100 elementor-top-column elementor-element elementor-element-21eb60a\" data-id=\"21eb60a\" data-element_type=\"column\">\n\t\t\t<div class=\"elementor-widget-wrap elementor-element-populated\">\n\t\t\t\t\t\t\t\t<div class=\"elementor-element elementor-element-be67a9c elementor-widget elementor-widget-image-gallery\" data-id=\"be67a9c\" data-element_type=\"widget\" data-widget_type=\"image-gallery.default\">\n\t\t\t\t<div class=\"elementor-widget-container\">\n\t\t\t\t\t<div class=\"elementor-image-gallery\">\n\t\t\t<div id='gallery-1' class='gallery galleryid-4056 gallery-columns-3 gallery-size-full'><figure class='gallery-item'>\n\t\t\t<div class='gallery-icon landscape'>\n\t\t\t\t<a data-elementor-open-lightbox=\"yes\" data-elementor-lightbox-slideshow=\"be67a9c\" data-elementor-lightbox-title=\"carloscaballerosa-ind-metal-ser-mant-00\" href='https:\/\/carloscaballerosa.com\/wp-content\/uploads\/2021\/11\/carloscaballerosa-ind-metal-ser-mant-00.jpg'><img loading=\"lazy\" decoding=\"async\" width=\"900\" height=\"600\" src=\"https:\/\/carloscaballerosa.com\/wp-content\/uploads\/2021\/11\/carloscaballerosa-ind-metal-ser-mant-00.jpg\" class=\"attachment-full size-full\" alt=\"\" srcset=\"https:\/\/carloscaballerosa.com\/wp-content\/uploads\/2021\/11\/carloscaballerosa-ind-metal-ser-mant-00.jpg 900w, https:\/\/carloscaballerosa.com\/wp-content\/uploads\/2021\/11\/carloscaballerosa-ind-metal-ser-mant-00-300x200.jpg 300w, https:\/\/carloscaballerosa.com\/wp-content\/uploads\/2021\/11\/carloscaballerosa-ind-metal-ser-mant-00-768x512.jpg 768w\" sizes=\"auto, (max-width: 900px) 100vw, 900px\" \/><\/a>\n\t\t\t<\/div><\/figure><figure class='gallery-item'>\n\t\t\t<div class='gallery-icon landscape'>\n\t\t\t\t<a data-elementor-open-lightbox=\"yes\" data-elementor-lightbox-slideshow=\"be67a9c\" data-elementor-lightbox-title=\"carloscaballerosa-ind-metal-ser-mant-11\" href='https:\/\/carloscaballerosa.com\/wp-content\/uploads\/2021\/11\/carloscaballerosa-ind-metal-ser-mant-11.jpg'><img loading=\"lazy\" decoding=\"async\" width=\"900\" height=\"600\" src=\"https:\/\/carloscaballerosa.com\/wp-content\/uploads\/2021\/11\/carloscaballerosa-ind-metal-ser-mant-11.jpg\" class=\"attachment-full size-full\" alt=\"\" srcset=\"https:\/\/carloscaballerosa.com\/wp-content\/uploads\/2021\/11\/carloscaballerosa-ind-metal-ser-mant-11.jpg 900w, https:\/\/carloscaballerosa.com\/wp-content\/uploads\/2021\/11\/carloscaballerosa-ind-metal-ser-mant-11-300x200.jpg 300w, https:\/\/carloscaballerosa.com\/wp-content\/uploads\/2021\/11\/carloscaballerosa-ind-metal-ser-mant-11-768x512.jpg 768w\" sizes=\"auto, (max-width: 900px) 100vw, 900px\" \/><\/a>\n\t\t\t<\/div><\/figure><figure class='gallery-item'>\n\t\t\t<div class='gallery-icon landscape'>\n\t\t\t\t<a data-elementor-open-lightbox=\"yes\" data-elementor-lightbox-slideshow=\"be67a9c\" data-elementor-lightbox-title=\"carloscaballerosa-ind-metal-ser-mant-22\" href='https:\/\/carloscaballerosa.com\/wp-content\/uploads\/2021\/11\/carloscaballerosa-ind-metal-ser-mant-22.jpg'><img loading=\"lazy\" decoding=\"async\" width=\"900\" height=\"600\" src=\"https:\/\/carloscaballerosa.com\/wp-content\/uploads\/2021\/11\/carloscaballerosa-ind-metal-ser-mant-22.jpg\" class=\"attachment-full size-full\" alt=\"\" srcset=\"https:\/\/carloscaballerosa.com\/wp-content\/uploads\/2021\/11\/carloscaballerosa-ind-metal-ser-mant-22.jpg 900w, https:\/\/carloscaballerosa.com\/wp-content\/uploads\/2021\/11\/carloscaballerosa-ind-metal-ser-mant-22-300x200.jpg 300w, https:\/\/carloscaballerosa.com\/wp-content\/uploads\/2021\/11\/carloscaballerosa-ind-metal-ser-mant-22-768x512.jpg 768w\" sizes=\"auto, (max-width: 900px) 100vw, 900px\" \/><\/a>\n\t\t\t<\/div><\/figure>\n\t\t<\/div>\n\t\t<\/div>\n\t\t\t\t<\/div>\n\t\t\t\t<\/div>\n\t\t\t\t\t<\/div>\n\t\t<\/div>\n\t\t\t\t\t\t\t<\/div>\n\t\t<\/section>\n\t\t\t\t\t\t<\/div>\n\t\t\t\t\t<\/div>","protected":false},"excerpt":{"rendered":"<p>Industria Metal\u00fargica Servicio de Inspecci\u00f3n, Reparaci\u00f3n y Mantenimiento Certificado Mantenga la confiabilidad, rendimiento y valor de sus activos y equipos cr\u00edticos, a la vez que garantiza la seguridad de su personal, la comunidad y el medio ambiente.La evaluaci\u00f3n de integridad y mantenimiento calificado debe realizarse en todas las etapas del ciclo de vida del activo [&hellip;]<\/p>","protected":false},"author":1,"featured_media":0,"parent":3004,"menu_order":0,"comment_status":"closed","ping_status":"closed","template":"","meta":{"_acf_changed":false,"_monsterinsights_skip_tracking":false,"_monsterinsights_sitenote_active":false,"_monsterinsights_sitenote_note":"","_monsterinsights_sitenote_category":0,"footnotes":""},"class_list":["post-4056","page","type-page","status-publish","hentry"],"acf":[],"aioseo_notices":[],"_links":{"self":[{"href":"https:\/\/carloscaballerosa.com\/en\/wp-json\/wp\/v2\/pages\/4056","targetHints":{"allow":["GET"]}}],"collection":[{"href":"https:\/\/carloscaballerosa.com\/en\/wp-json\/wp\/v2\/pages"}],"about":[{"href":"https:\/\/carloscaballerosa.com\/en\/wp-json\/wp\/v2\/types\/page"}],"author":[{"embeddable":true,"href":"https:\/\/carloscaballerosa.com\/en\/wp-json\/wp\/v2\/users\/1"}],"replies":[{"embeddable":true,"href":"https:\/\/carloscaballerosa.com\/en\/wp-json\/wp\/v2\/comments?post=4056"}],"version-history":[{"count":10,"href":"https:\/\/carloscaballerosa.com\/en\/wp-json\/wp\/v2\/pages\/4056\/revisions"}],"predecessor-version":[{"id":5573,"href":"https:\/\/carloscaballerosa.com\/en\/wp-json\/wp\/v2\/pages\/4056\/revisions\/5573"}],"up":[{"embeddable":true,"href":"https:\/\/carloscaballerosa.com\/en\/wp-json\/wp\/v2\/pages\/3004"}],"wp:attachment":[{"href":"https:\/\/carloscaballerosa.com\/en\/wp-json\/wp\/v2\/media?parent=4056"}],"curies":[{"name":"wp","href":"https:\/\/api.w.org\/{rel}","templated":true}]}}