{"id":4055,"date":"2021-11-26T13:42:36","date_gmt":"2021-11-26T13:42:36","guid":{"rendered":"https:\/\/carloscaballerosa.com\/?page_id=4055"},"modified":"2021-11-28T16:55:48","modified_gmt":"2021-11-28T16:55:48","slug":"fabricacion-de-equipos-y-estructuras","status":"publish","type":"page","link":"https:\/\/carloscaballerosa.com\/en\/unidades-de-negocio\/industria-metalurgica\/fabricacion-de-equipos-y-estructuras\/","title":{"rendered":"Fabricaci\u00f3n de Equipos y Estructuras"},"content":{"rendered":"<div data-elementor-type=\"wp-page\" data-elementor-id=\"4055\" class=\"elementor elementor-4055\" data-elementor-settings=\"[]\">\n\t\t\t\t\t\t\t<div class=\"elementor-section-wrap\">\n\t\t\t\t\t\t\t<div class=\"elementor-section elementor-top-section elementor-element elementor-element-b8f7673 elementor-section-full_width elementor-section-stretched elementor-section-height-default elementor-section-height-default\" data-id=\"b8f7673\" data-element_type=\"section\" data-settings=\"{&quot;stretch_section&quot;:&quot;section-stretched&quot;}\">\n\t\t\t\t\t\t<div class=\"elementor-container elementor-column-gap-default\">\n\t\t\t\t\t<div class=\"elementor-column elementor-col-100 elementor-top-column elementor-element elementor-element-c5ff815\" data-id=\"c5ff815\" data-element_type=\"column\">\n\t\t\t<div class=\"elementor-widget-wrap elementor-element-populated\">\n\t\t\t\t\t\t\t\t<section class=\"elementor-section elementor-inner-section elementor-element elementor-element-cb061d6 elementor-section-boxed elementor-section-height-default elementor-section-height-default\" data-id=\"cb061d6\" data-element_type=\"section\">\n\t\t\t\t\t\t<div class=\"elementor-container elementor-column-gap-default\">\n\t\t\t\t\t<div class=\"elementor-column elementor-col-100 elementor-inner-column elementor-element elementor-element-05e15e1\" data-id=\"05e15e1\" data-element_type=\"column\">\n\t\t\t<div class=\"elementor-widget-wrap elementor-element-populated\">\n\t\t\t\t\t\t\t\t<div class=\"elementor-element elementor-element-5ec68d2 elementor-widget elementor-widget-section_title\" data-id=\"5ec68d2\" data-element_type=\"widget\" data-widget_type=\"section_title.default\">\n\t\t\t\t<div class=\"elementor-widget-container\">\n\t\t\t\r\n\r\n\r\n<div class=\"pt-section-title-box text-center\">   \r\n   \t\t<span class=\"pt-section-sub-title\">Industria Metal\u00fargica<\/span>     \t<h5 class=\"pt-section-title\">Fabricaci\u00f3n de Equipos y Estructuras<\/h5>     \t   \r\n<\/div>\t\t<\/div>\n\t\t\t\t<\/div>\n\t\t\t\t\t<\/div>\n\t\t<\/div>\n\t\t\t\t\t\t\t<\/div>\n\t\t<\/section>\n\t\t\t\t\t<\/div>\n\t\t<\/div>\n\t\t\t\t\t\t\t<\/div>\n\t\t<\/div>\n\t\t\t\t<section class=\"elementor-section elementor-top-section elementor-element elementor-element-ec91f6d elementor-section-boxed elementor-section-height-default elementor-section-height-default\" data-id=\"ec91f6d\" data-element_type=\"section\">\n\t\t\t\t\t\t<div class=\"elementor-container elementor-column-gap-default\">\n\t\t\t\t\t<div class=\"elementor-column elementor-col-100 elementor-top-column elementor-element elementor-element-69aded5\" data-id=\"69aded5\" data-element_type=\"column\">\n\t\t\t<div class=\"elementor-widget-wrap elementor-element-populated\">\n\t\t\t\t\t\t\t\t<div class=\"elementor-element elementor-element-c4797a8 elementor-widget elementor-widget-text-editor\" data-id=\"c4797a8\" data-element_type=\"widget\" data-widget_type=\"text-editor.default\">\n\t\t\t\t<div class=\"elementor-widget-container\">\n\t\t\t\t\t\t\t<p>La capacidad instalada de procesamiento de 800 toneladas\/mes est\u00e1 distribuida en 5 l\u00edneas de producci\u00f3n:<\/p>\t\t\t\t\t\t<\/div>\n\t\t\t\t<\/div>\n\t\t\t\t\t<\/div>\n\t\t<\/div>\n\t\t\t\t\t\t\t<\/div>\n\t\t<\/section>\n\t\t\t\t<section class=\"elementor-section elementor-top-section elementor-element elementor-element-426317d elementor-section-boxed elementor-section-height-default elementor-section-height-default\" data-id=\"426317d\" data-element_type=\"section\">\n\t\t\t\t\t\t<div class=\"elementor-container elementor-column-gap-default\">\n\t\t\t\t\t<div class=\"elementor-column elementor-col-33 elementor-top-column elementor-element elementor-element-7f7e29f\" data-id=\"7f7e29f\" data-element_type=\"column\">\n\t\t\t<div class=\"elementor-widget-wrap elementor-element-populated\">\n\t\t\t\t\t\t\t\t<div class=\"elementor-element elementor-element-522de5f elementor-widget elementor-widget-image\" data-id=\"522de5f\" data-element_type=\"widget\" data-widget_type=\"image.default\">\n\t\t\t\t<div class=\"elementor-widget-container\">\n\t\t\t\t\t\t\t\t\t\t\t\t\t\t\t<img loading=\"lazy\" decoding=\"async\" width=\"510\" height=\"255\" src=\"https:\/\/carloscaballerosa.com\/wp-content\/uploads\/2021\/11\/Carloscaballerosa-fabricacion-00.jpg\" class=\"attachment-full size-full\" alt=\"\" srcset=\"https:\/\/carloscaballerosa.com\/wp-content\/uploads\/2021\/11\/Carloscaballerosa-fabricacion-00.jpg 510w, https:\/\/carloscaballerosa.com\/wp-content\/uploads\/2021\/11\/Carloscaballerosa-fabricacion-00-300x150.jpg 300w\" sizes=\"auto, (max-width: 510px) 100vw, 510px\" \/>\t\t\t\t\t\t\t\t\t\t\t\t\t\t\t<\/div>\n\t\t\t\t<\/div>\n\t\t\t\t\t<\/div>\n\t\t<\/div>\n\t\t\t\t<div class=\"elementor-column elementor-col-66 elementor-top-column elementor-element elementor-element-d0f85bd\" data-id=\"d0f85bd\" data-element_type=\"column\">\n\t\t\t<div class=\"elementor-widget-wrap elementor-element-populated\">\n\t\t\t\t\t\t\t\t<div class=\"elementor-element elementor-element-cb6c2ab elementor-widget elementor-widget-text-editor\" data-id=\"cb6c2ab\" data-element_type=\"widget\" data-widget_type=\"text-editor.default\">\n\t\t\t\t<div class=\"elementor-widget-container\">\n\t\t\t\t\t\t\t<p><strong>Fabricaci\u00f3n de Recipientes a Presi\u00f3n<\/strong><br \/>Los recipientes para fluidos de alta presi\u00f3n son dise\u00f1ados y fabricados bajo el c\u00f3digo ASME y altos est\u00e1ndares de calidad.<\/p><p><a title=\"Fabricaci\u00f3n de Recipientes a Presi\u00f3n\" href=\"https:\/\/carloscaballerosa.com\/en\/unidades-de-negocio\/industria-metalurgica\/fabricacion-de-equipos-y-estructuras\/fabricacion-de-recipientes-a-presion\/\"><strong>Leer M\u00e1s&gt;&gt;<\/strong><\/a><\/p>\t\t\t\t\t\t<\/div>\n\t\t\t\t<\/div>\n\t\t\t\t\t<\/div>\n\t\t<\/div>\n\t\t\t\t\t\t\t<\/div>\n\t\t<\/section>\n\t\t\t\t<section class=\"elementor-section elementor-top-section elementor-element elementor-element-2a429c3 elementor-section-boxed elementor-section-height-default elementor-section-height-default\" data-id=\"2a429c3\" data-element_type=\"section\">\n\t\t\t\t\t\t<div class=\"elementor-container elementor-column-gap-default\">\n\t\t\t\t\t<div class=\"elementor-column elementor-col-33 elementor-top-column elementor-element elementor-element-b44b60f\" data-id=\"b44b60f\" data-element_type=\"column\">\n\t\t\t<div class=\"elementor-widget-wrap elementor-element-populated\">\n\t\t\t\t\t\t\t\t<div class=\"elementor-element elementor-element-865de23 elementor-widget elementor-widget-image\" data-id=\"865de23\" data-element_type=\"widget\" data-widget_type=\"image.default\">\n\t\t\t\t<div class=\"elementor-widget-container\">\n\t\t\t\t\t\t\t\t\t\t\t\t\t\t\t<img loading=\"lazy\" decoding=\"async\" width=\"510\" height=\"255\" src=\"https:\/\/carloscaballerosa.com\/wp-content\/uploads\/2021\/11\/Carloscaballerosa-fabricacion-11.jpg\" class=\"attachment-full size-full\" alt=\"\" srcset=\"https:\/\/carloscaballerosa.com\/wp-content\/uploads\/2021\/11\/Carloscaballerosa-fabricacion-11.jpg 510w, https:\/\/carloscaballerosa.com\/wp-content\/uploads\/2021\/11\/Carloscaballerosa-fabricacion-11-300x150.jpg 300w\" sizes=\"auto, (max-width: 510px) 100vw, 510px\" \/>\t\t\t\t\t\t\t\t\t\t\t\t\t\t\t<\/div>\n\t\t\t\t<\/div>\n\t\t\t\t\t<\/div>\n\t\t<\/div>\n\t\t\t\t<div class=\"elementor-column elementor-col-66 elementor-top-column elementor-element elementor-element-338d840\" data-id=\"338d840\" data-element_type=\"column\">\n\t\t\t<div class=\"elementor-widget-wrap elementor-element-populated\">\n\t\t\t\t\t\t\t\t<div class=\"elementor-element elementor-element-6f64f7b elementor-widget elementor-widget-text-editor\" data-id=\"6f64f7b\" data-element_type=\"widget\" data-widget_type=\"text-editor.default\">\n\t\t\t\t<div class=\"elementor-widget-container\">\n\t\t\t\t\t\t\t<p><strong>Fabricaci\u00f3n de Calderer\u00eda Pesada y Equipos Mayores<\/strong><br \/>Equipos de grandes dimensiones destinados al almacenaje de l\u00edquidos, a presi\u00f3n atmosf\u00e9rica o ligeramente presurizados.<br \/><br \/><a title=\"Fabricaci\u00f3n de Calderer\u00eda Pesada y Equipos Mayores\" href=\"https:\/\/carloscaballerosa.com\/en\/unidades-de-negocio\/industria-metalurgica\/fabricacion-de-equipos-y-estructuras\/fabricacion-de-caldereria-pesada-y-equipos-mayores\/\"><strong>Leer M\u00e1s&gt;&gt;<\/strong><\/a><\/p>\t\t\t\t\t\t<\/div>\n\t\t\t\t<\/div>\n\t\t\t\t\t<\/div>\n\t\t<\/div>\n\t\t\t\t\t\t\t<\/div>\n\t\t<\/section>\n\t\t\t\t<section class=\"elementor-section elementor-top-section elementor-element elementor-element-4641177 elementor-section-boxed elementor-section-height-default elementor-section-height-default\" data-id=\"4641177\" data-element_type=\"section\">\n\t\t\t\t\t\t<div class=\"elementor-container elementor-column-gap-default\">\n\t\t\t\t\t<div class=\"elementor-column elementor-col-33 elementor-top-column elementor-element elementor-element-c9e73eb\" data-id=\"c9e73eb\" data-element_type=\"column\">\n\t\t\t<div class=\"elementor-widget-wrap elementor-element-populated\">\n\t\t\t\t\t\t\t\t<div class=\"elementor-element elementor-element-6b29dbc elementor-widget elementor-widget-image\" data-id=\"6b29dbc\" data-element_type=\"widget\" data-widget_type=\"image.default\">\n\t\t\t\t<div class=\"elementor-widget-container\">\n\t\t\t\t\t\t\t\t\t\t\t\t\t\t\t<img loading=\"lazy\" decoding=\"async\" width=\"510\" height=\"255\" src=\"https:\/\/carloscaballerosa.com\/wp-content\/uploads\/2021\/11\/carloscaballerosa-estructura-metalica.jpg\" class=\"attachment-full size-full\" alt=\"\" srcset=\"https:\/\/carloscaballerosa.com\/wp-content\/uploads\/2021\/11\/carloscaballerosa-estructura-metalica.jpg 510w, https:\/\/carloscaballerosa.com\/wp-content\/uploads\/2021\/11\/carloscaballerosa-estructura-metalica-300x150.jpg 300w\" sizes=\"auto, (max-width: 510px) 100vw, 510px\" \/>\t\t\t\t\t\t\t\t\t\t\t\t\t\t\t<\/div>\n\t\t\t\t<\/div>\n\t\t\t\t\t<\/div>\n\t\t<\/div>\n\t\t\t\t<div class=\"elementor-column elementor-col-66 elementor-top-column elementor-element elementor-element-4a0989d\" data-id=\"4a0989d\" data-element_type=\"column\">\n\t\t\t<div class=\"elementor-widget-wrap elementor-element-populated\">\n\t\t\t\t\t\t\t\t<div class=\"elementor-element elementor-element-addb5d1 elementor-widget elementor-widget-text-editor\" data-id=\"addb5d1\" data-element_type=\"widget\" data-widget_type=\"text-editor.default\">\n\t\t\t\t<div class=\"elementor-widget-container\">\n\t\t\t\t\t\t\t<p><strong>Fabricaci\u00f3n de Estructuras Met\u00e1licas<br \/><\/strong>Estructuras met\u00e1licas poseen una gran capacidad resistente, logrando soluciones de gran envergadura.<\/p><p><a title=\"Fabricaci\u00f3n de Estructuras Met\u00e1licas\" href=\"https:\/\/carloscaballerosa.com\/en\/unidades-de-negocio\/industria-metalurgica\/fabricacion-de-equipos-y-estructuras\/fabricacion-de-estructuras-metalicas\/\"><strong>Leer M\u00e1s&gt;&gt;<\/strong><\/a><\/p>\t\t\t\t\t\t<\/div>\n\t\t\t\t<\/div>\n\t\t\t\t\t<\/div>\n\t\t<\/div>\n\t\t\t\t\t\t\t<\/div>\n\t\t<\/section>\n\t\t\t\t<section class=\"elementor-section elementor-top-section elementor-element elementor-element-82f51bf elementor-section-boxed elementor-section-height-default elementor-section-height-default\" data-id=\"82f51bf\" data-element_type=\"section\">\n\t\t\t\t\t\t<div class=\"elementor-container elementor-column-gap-default\">\n\t\t\t\t\t<div class=\"elementor-column elementor-col-33 elementor-top-column elementor-element elementor-element-3f9fd6d\" data-id=\"3f9fd6d\" data-element_type=\"column\">\n\t\t\t<div class=\"elementor-widget-wrap elementor-element-populated\">\n\t\t\t\t\t\t\t\t<div class=\"elementor-element elementor-element-fd5a528 elementor-widget elementor-widget-image\" data-id=\"fd5a528\" data-element_type=\"widget\" data-widget_type=\"image.default\">\n\t\t\t\t<div class=\"elementor-widget-container\">\n\t\t\t\t\t\t\t\t\t\t\t\t\t\t\t<img loading=\"lazy\" decoding=\"async\" width=\"510\" height=\"255\" src=\"https:\/\/carloscaballerosa.com\/wp-content\/uploads\/2021\/11\/Carloscaballerosa-fabricacion-22.jpg\" class=\"attachment-full size-full\" alt=\"\" srcset=\"https:\/\/carloscaballerosa.com\/wp-content\/uploads\/2021\/11\/Carloscaballerosa-fabricacion-22.jpg 510w, https:\/\/carloscaballerosa.com\/wp-content\/uploads\/2021\/11\/Carloscaballerosa-fabricacion-22-300x150.jpg 300w\" sizes=\"auto, (max-width: 510px) 100vw, 510px\" \/>\t\t\t\t\t\t\t\t\t\t\t\t\t\t\t<\/div>\n\t\t\t\t<\/div>\n\t\t\t\t\t<\/div>\n\t\t<\/div>\n\t\t\t\t<div class=\"elementor-column elementor-col-66 elementor-top-column elementor-element elementor-element-0ce7e79\" data-id=\"0ce7e79\" data-element_type=\"column\">\n\t\t\t<div class=\"elementor-widget-wrap elementor-element-populated\">\n\t\t\t\t\t\t\t\t<div class=\"elementor-element elementor-element-936b02c elementor-widget elementor-widget-text-editor\" data-id=\"936b02c\" data-element_type=\"widget\" data-widget_type=\"text-editor.default\">\n\t\t\t\t<div class=\"elementor-widget-container\">\n\t\t\t\t\t\t\t<p><strong>Fabricaci\u00f3n Rodantes y Equipos Menores<br \/><\/strong>Equipos fabricados para transporte pesado como agr\u00edcola, hidrocarburos, ferrocarriles y otros.<br \/><br \/><strong><a title=\"Fabricaci\u00f3n de Rodantes y Equipos Menores\" href=\"https:\/\/carloscaballerosa.com\/en\/unidades-de-negocio\/industria-metalurgica\/fabricacion-de-equipos-y-estructuras\/fabricacion-de-rodantes-y-equipos-menores\/\">Leer M\u00e1s&gt;&gt;<\/a><\/strong><\/p>\t\t\t\t\t\t<\/div>\n\t\t\t\t<\/div>\n\t\t\t\t\t<\/div>\n\t\t<\/div>\n\t\t\t\t\t\t\t<\/div>\n\t\t<\/section>\n\t\t\t\t\t\t<\/div>\n\t\t\t\t\t<\/div>","protected":false},"excerpt":{"rendered":"<p>Industria Metal\u00fargica Fabricaci\u00f3n de Equipos y Estructuras La capacidad instalada de procesamiento de 800 toneladas\/mes est\u00e1 distribuida en 5 l\u00edneas de producci\u00f3n: Fabricaci\u00f3n de Recipientes a Presi\u00f3nLos recipientes para fluidos de alta presi\u00f3n son dise\u00f1ados y fabricados bajo el c\u00f3digo ASME y altos est\u00e1ndares de calidad.Leer M\u00e1s&gt;&gt; Fabricaci\u00f3n de Calderer\u00eda Pesada y Equipos MayoresEquipos de [&hellip;]<\/p>","protected":false},"author":1,"featured_media":0,"parent":3004,"menu_order":0,"comment_status":"closed","ping_status":"closed","template":"","meta":{"_acf_changed":false,"_monsterinsights_skip_tracking":false,"_monsterinsights_sitenote_active":false,"_monsterinsights_sitenote_note":"","_monsterinsights_sitenote_category":0,"footnotes":""},"class_list":["post-4055","page","type-page","status-publish","hentry"],"acf":[],"aioseo_notices":[],"_links":{"self":[{"href":"https:\/\/carloscaballerosa.com\/en\/wp-json\/wp\/v2\/pages\/4055","targetHints":{"allow":["GET"]}}],"collection":[{"href":"https:\/\/carloscaballerosa.com\/en\/wp-json\/wp\/v2\/pages"}],"about":[{"href":"https:\/\/carloscaballerosa.com\/en\/wp-json\/wp\/v2\/types\/page"}],"author":[{"embeddable":true,"href":"https:\/\/carloscaballerosa.com\/en\/wp-json\/wp\/v2\/users\/1"}],"replies":[{"embeddable":true,"href":"https:\/\/carloscaballerosa.com\/en\/wp-json\/wp\/v2\/comments?post=4055"}],"version-history":[{"count":26,"href":"https:\/\/carloscaballerosa.com\/en\/wp-json\/wp\/v2\/pages\/4055\/revisions"}],"predecessor-version":[{"id":5580,"href":"https:\/\/carloscaballerosa.com\/en\/wp-json\/wp\/v2\/pages\/4055\/revisions\/5580"}],"up":[{"embeddable":true,"href":"https:\/\/carloscaballerosa.com\/en\/wp-json\/wp\/v2\/pages\/3004"}],"wp:attachment":[{"href":"https:\/\/carloscaballerosa.com\/en\/wp-json\/wp\/v2\/media?parent=4055"}],"curies":[{"name":"wp","href":"https:\/\/api.w.org\/{rel}","templated":true}]}}