{"id":4053,"date":"2021-11-26T13:36:20","date_gmt":"2021-11-26T13:36:20","guid":{"rendered":"https:\/\/carloscaballerosa.com\/?page_id=4053"},"modified":"2021-11-26T21:03:11","modified_gmt":"2021-11-26T21:03:11","slug":"ingenieria-y-diseno","status":"publish","type":"page","link":"https:\/\/carloscaballerosa.com\/en\/unidades-de-negocio\/industria-metalurgica\/ingenieria-y-diseno\/","title":{"rendered":"Ingenier\u00eda y Dise\u00f1o"},"content":{"rendered":"<div data-elementor-type=\"wp-page\" data-elementor-id=\"4053\" class=\"elementor elementor-4053\" data-elementor-settings=\"[]\">\n\t\t\t\t\t\t\t<div class=\"elementor-section-wrap\">\n\t\t\t\t\t\t\t<div class=\"elementor-section elementor-top-section elementor-element elementor-element-b8f7673 elementor-section-full_width elementor-section-stretched elementor-section-height-default elementor-section-height-default\" data-id=\"b8f7673\" data-element_type=\"section\" data-settings=\"{&quot;stretch_section&quot;:&quot;section-stretched&quot;}\">\n\t\t\t\t\t\t<div class=\"elementor-container elementor-column-gap-default\">\n\t\t\t\t\t<div class=\"elementor-column elementor-col-100 elementor-top-column elementor-element elementor-element-c5ff815\" data-id=\"c5ff815\" data-element_type=\"column\">\n\t\t\t<div class=\"elementor-widget-wrap elementor-element-populated\">\n\t\t\t\t\t\t\t\t<section class=\"elementor-section elementor-inner-section elementor-element elementor-element-cb061d6 elementor-section-boxed elementor-section-height-default elementor-section-height-default\" data-id=\"cb061d6\" data-element_type=\"section\">\n\t\t\t\t\t\t<div class=\"elementor-container elementor-column-gap-default\">\n\t\t\t\t\t<div class=\"elementor-column elementor-col-100 elementor-inner-column elementor-element elementor-element-05e15e1\" data-id=\"05e15e1\" data-element_type=\"column\">\n\t\t\t<div class=\"elementor-widget-wrap elementor-element-populated\">\n\t\t\t\t\t\t\t\t<div class=\"elementor-element elementor-element-5ec68d2 elementor-widget elementor-widget-section_title\" data-id=\"5ec68d2\" data-element_type=\"widget\" data-widget_type=\"section_title.default\">\n\t\t\t\t<div class=\"elementor-widget-container\">\n\t\t\t\r\n\r\n\r\n<div class=\"pt-section-title-box text-center\">   \r\n   \t\t<span class=\"pt-section-sub-title\">Industria metal\u00fargica<\/span>     \t<h5 class=\"pt-section-title\">Ingenier\u00eda y Dise\u00f1o<\/h5>     \t   \r\n<\/div>\t\t<\/div>\n\t\t\t\t<\/div>\n\t\t\t\t\t<\/div>\n\t\t<\/div>\n\t\t\t\t\t\t\t<\/div>\n\t\t<\/section>\n\t\t\t\t\t<\/div>\n\t\t<\/div>\n\t\t\t\t\t\t\t<\/div>\n\t\t<\/div>\n\t\t\t\t<section class=\"elementor-section elementor-top-section elementor-element elementor-element-3cbc8af elementor-section-boxed elementor-section-height-default elementor-section-height-default\" data-id=\"3cbc8af\" data-element_type=\"section\">\n\t\t\t\t\t\t<div class=\"elementor-container elementor-column-gap-default\">\n\t\t\t\t\t<div class=\"elementor-column elementor-col-33 elementor-top-column elementor-element elementor-element-3bcc230\" data-id=\"3bcc230\" data-element_type=\"column\">\n\t\t\t<div class=\"elementor-widget-wrap elementor-element-populated\">\n\t\t\t\t\t\t\t\t<div class=\"elementor-element elementor-element-9d72827 elementor-widget elementor-widget-text-editor\" data-id=\"9d72827\" data-element_type=\"widget\" data-widget_type=\"text-editor.default\">\n\t\t\t\t<div class=\"elementor-widget-container\">\n\t\t\t\t\t\t\t<div class=\"wpb_wrapper\">\n\t\t\t<ul>\n<li>Ingenier\u00eda b\u00e1sica y de detalle\n<ul>\n<li>C\u00e1lculo General<\/li>\n<li>C\u00e1lculo de conexiones<\/li>\n<\/ul>\n<\/li>\n<li>Dise\u00f1o final (as built drawings)<\/li>\n<li>(FEED) Front End Engineering Design. (asociados)<\/li>\n<li>Ingenier\u00eda de procesos (asociados)<\/li>\n<li>Ingenier\u00eda de obra civil<\/li>\n<li>Modelaci\u00f3n 3D<\/li>\n<li>Relevamiento de Datos<\/li>\n<li>Dise\u00f1o de equipos paquetizados<\/li>\n<li>Planos isom\u00e9tricos<\/li>\n<li>An\u00e1lisis de estr\u00e9s<\/li>\n<li>Detallamiento y dimensionamiento de tuber\u00edas (Spools prefabricados)<\/li>\n<li>Instrumentaci\u00f3n<\/li>\n<\/ul>\n\n\t\t<\/div>\t\t\t\t\t\t<\/div>\n\t\t\t\t<\/div>\n\t\t\t\t\t<\/div>\n\t\t<\/div>\n\t\t\t\t<div class=\"elementor-column elementor-col-66 elementor-top-column elementor-element elementor-element-57eb44a\" data-id=\"57eb44a\" data-element_type=\"column\">\n\t\t\t<div class=\"elementor-widget-wrap elementor-element-populated\">\n\t\t\t\t\t\t\t\t<div class=\"elementor-element elementor-element-ffad8b2 elementor-arrows-position-inside elementor-pagination-position-outside elementor-widget elementor-widget-image-carousel\" data-id=\"ffad8b2\" data-element_type=\"widget\" data-settings=\"{&quot;slides_to_show&quot;:&quot;1&quot;,&quot;navigation&quot;:&quot;both&quot;,&quot;autoplay&quot;:&quot;yes&quot;,&quot;pause_on_hover&quot;:&quot;yes&quot;,&quot;pause_on_interaction&quot;:&quot;yes&quot;,&quot;autoplay_speed&quot;:5000,&quot;infinite&quot;:&quot;yes&quot;,&quot;effect&quot;:&quot;slide&quot;,&quot;speed&quot;:500}\" data-widget_type=\"image-carousel.default\">\n\t\t\t\t<div class=\"elementor-widget-container\">\n\t\t\t\t\t<div class=\"elementor-image-carousel-wrapper swiper-container\" dir=\"ltr\">\n\t\t\t<div class=\"elementor-image-carousel swiper-wrapper\">\n\t\t\t\t\t\t\t\t<div class=\"swiper-slide\"><figure class=\"swiper-slide-inner\"><img decoding=\"async\" class=\"swiper-slide-image\" src=\"https:\/\/carloscaballerosa.com\/wp-content\/uploads\/2021\/11\/carloscaballerosa-ind-metal-ing-dise-00.jpg\" alt=\"carloscaballerosa-ind-metal-ing-dise-00\" \/><\/figure><\/div><div class=\"swiper-slide\"><figure class=\"swiper-slide-inner\"><img decoding=\"async\" class=\"swiper-slide-image\" src=\"https:\/\/carloscaballerosa.com\/wp-content\/uploads\/2021\/11\/carloscaballerosa-ind-metal-ing-dise-11.jpg\" alt=\"carloscaballerosa-ind-metal-ing-dise-11\" \/><\/figure><\/div><div class=\"swiper-slide\"><figure class=\"swiper-slide-inner\"><img decoding=\"async\" class=\"swiper-slide-image\" src=\"https:\/\/carloscaballerosa.com\/wp-content\/uploads\/2021\/11\/carloscaballerosa-ind-metal-ing-dise-22.jpg\" alt=\"carloscaballerosa-ind-metal-ing-dise-22\" \/><\/figure><\/div>\t\t\t<\/div>\n\t\t\t\t\t\t\t\t\t\t\t\t<div class=\"swiper-pagination\"><\/div>\n\t\t\t\t\t\t\t\t\t\t\t\t\t<div class=\"elementor-swiper-button elementor-swiper-button-prev\">\n\t\t\t\t\t\t<i class=\"eicon-chevron-left\" aria-hidden=\"true\"><\/i>\n\t\t\t\t\t\t<span class=\"elementor-screen-only\">Previous<\/span>\n\t\t\t\t\t<\/div>\n\t\t\t\t\t<div class=\"elementor-swiper-button elementor-swiper-button-next\">\n\t\t\t\t\t\t<i class=\"eicon-chevron-right\" aria-hidden=\"true\"><\/i>\n\t\t\t\t\t\t<span class=\"elementor-screen-only\">Next<\/span>\n\t\t\t\t\t<\/div>\n\t\t\t\t\t\t\t\t\t<\/div>\n\t\t\t\t<\/div>\n\t\t\t\t<\/div>\n\t\t\t\t\t<\/div>\n\t\t<\/div>\n\t\t\t\t\t\t\t<\/div>\n\t\t<\/section>\n\t\t\t\t\t\t<\/div>\n\t\t\t\t\t<\/div>","protected":false},"excerpt":{"rendered":"<p>Industria metal\u00fargica Ingenier\u00eda y Dise\u00f1o Ingenier\u00eda b\u00e1sica y de detalle C\u00e1lculo General C\u00e1lculo de conexiones Dise\u00f1o final (as built drawings) (FEED) Front End Engineering Design. (asociados) Ingenier\u00eda de procesos (asociados) Ingenier\u00eda de obra civil Modelaci\u00f3n 3D Relevamiento de Datos Dise\u00f1o de equipos paquetizados Planos isom\u00e9tricos An\u00e1lisis de estr\u00e9s Detallamiento y dimensionamiento de tuber\u00edas (Spools prefabricados) [&hellip;]<\/p>","protected":false},"author":1,"featured_media":0,"parent":3004,"menu_order":0,"comment_status":"closed","ping_status":"closed","template":"","meta":{"_acf_changed":false,"_monsterinsights_skip_tracking":false,"_monsterinsights_sitenote_active":false,"_monsterinsights_sitenote_note":"","_monsterinsights_sitenote_category":0,"footnotes":""},"class_list":["post-4053","page","type-page","status-publish","hentry"],"acf":[],"aioseo_notices":[],"_links":{"self":[{"href":"https:\/\/carloscaballerosa.com\/en\/wp-json\/wp\/v2\/pages\/4053","targetHints":{"allow":["GET"]}}],"collection":[{"href":"https:\/\/carloscaballerosa.com\/en\/wp-json\/wp\/v2\/pages"}],"about":[{"href":"https:\/\/carloscaballerosa.com\/en\/wp-json\/wp\/v2\/types\/page"}],"author":[{"embeddable":true,"href":"https:\/\/carloscaballerosa.com\/en\/wp-json\/wp\/v2\/users\/1"}],"replies":[{"embeddable":true,"href":"https:\/\/carloscaballerosa.com\/en\/wp-json\/wp\/v2\/comments?post=4053"}],"version-history":[{"count":16,"href":"https:\/\/carloscaballerosa.com\/en\/wp-json\/wp\/v2\/pages\/4053\/revisions"}],"predecessor-version":[{"id":4107,"href":"https:\/\/carloscaballerosa.com\/en\/wp-json\/wp\/v2\/pages\/4053\/revisions\/4107"}],"up":[{"embeddable":true,"href":"https:\/\/carloscaballerosa.com\/en\/wp-json\/wp\/v2\/pages\/3004"}],"wp:attachment":[{"href":"https:\/\/carloscaballerosa.com\/en\/wp-json\/wp\/v2\/media?parent=4053"}],"curies":[{"name":"wp","href":"https:\/\/api.w.org\/{rel}","templated":true}]}}