{"id":3830,"date":"2021-11-24T23:32:49","date_gmt":"2021-11-24T23:32:49","guid":{"rendered":"https:\/\/carloscaballerosa.com\/?page_id=3830"},"modified":"2022-04-17T14:27:09","modified_gmt":"2022-04-17T14:27:09","slug":"trabaja-con-nosotros","status":"publish","type":"page","link":"https:\/\/carloscaballerosa.com\/en\/rr-hh\/trabaja-con-nosotros\/","title":{"rendered":"Trabaja con Nosotros"},"content":{"rendered":"<div data-elementor-type=\"wp-page\" data-elementor-id=\"3830\" class=\"elementor elementor-3830\" data-elementor-settings=\"[]\">\n\t\t\t\t\t\t\t<div class=\"elementor-section-wrap\">\n\t\t\t\t\t\t\t<div class=\"elementor-section elementor-top-section elementor-element elementor-element-752e8f5 elementor-section-full_width elementor-section-stretched elementor-section-height-default elementor-section-height-default\" data-id=\"752e8f5\" data-element_type=\"section\" data-settings=\"{&quot;stretch_section&quot;:&quot;section-stretched&quot;,&quot;background_background&quot;:&quot;classic&quot;}\">\n\t\t\t\t\t\t\t<div class=\"elementor-background-overlay\"><\/div>\n\t\t\t\t\t\t\t<div class=\"elementor-container elementor-column-gap-default\">\n\t\t\t\t\t<div class=\"elementor-column elementor-col-100 elementor-top-column elementor-element elementor-element-6e1d9b2\" data-id=\"6e1d9b2\" data-element_type=\"column\">\n\t\t\t<div class=\"elementor-widget-wrap elementor-element-populated\">\n\t\t\t\t\t\t\t\t<div class=\"elementor-section elementor-inner-section elementor-element elementor-element-25e61db elementor-section-boxed elementor-section-height-default elementor-section-height-default\" data-id=\"25e61db\" data-element_type=\"section\">\n\t\t\t\t\t\t<div class=\"elementor-container elementor-column-gap-default\">\n\t\t\t\t\t<div class=\"elementor-column elementor-col-100 elementor-inner-column elementor-element elementor-element-47e80ce\" data-id=\"47e80ce\" data-element_type=\"column\">\n\t\t\t<div class=\"elementor-widget-wrap elementor-element-populated\">\n\t\t\t\t\t\t\t\t<div class=\"elementor-element elementor-element-b759eaa elementor-widget elementor-widget-section_title\" data-id=\"b759eaa\" data-element_type=\"widget\" data-widget_type=\"section_title.default\">\n\t\t\t\t<div class=\"elementor-widget-container\">\n\t\t\t\r\n\r\n\r\n<div class=\"pt-section-title-box\">   \r\n   \t\t<span class=\"pt-section-sub-title\">nuestro equipo<\/span>     \t<h5 class=\"pt-section-title\">Trabaja con Nosotros<\/h5>     \t   \r\n<\/div>\t\t<\/div>\n\t\t\t\t<\/div>\n\t\t\t\t<div class=\"elementor-element elementor-element-107a8d0 elementor-widget elementor-widget-text-editor\" data-id=\"107a8d0\" data-element_type=\"widget\" data-widget_type=\"text-editor.default\">\n\t\t\t\t<div class=\"elementor-widget-container\">\n\t\t\t\t\t\t\t<p style=\"text-align: left;\"><strong>Nos interesa fortalecer nuestros equipos de trabajo sumando profesionales que sobresalga por sus valores, actitud, creatividad, profesionalismo y valent\u00eda.<br \/><\/strong><br \/>Somos un equipo de m\u00e1s de 1500 trabajadores comprometidos con nuestra exigente pol\u00edtica de calidad, seguridad, salud y medio ambiente, alineados a la obtenci\u00f3n de resultados con excelencia.<\/p><p>Ser\u00e1s parte del mejor equipo de trabajo, en un ambiente formado por gente jovial, comprometida, con car\u00e1cter e ideas innovadoras.<\/p><p>Tendr\u00e1s la oportunidad de ser parte de grandes proyectos, plagados de retos en los que podr\u00e1s ponerte a prueba y por supuesto, disfrutar el \u00e9xito al final de la jornada.<\/p><p><strong>PASANT\u00cdAS PROFESIONALES<\/strong><br \/>Brindamos oportunidades para entrar a desarrollar tus conocimientos universitarios realizando tu pasant\u00eda profesional bajo la direcci\u00f3n de excelentes profesionales.<\/p><p><strong>BENEFICIOS<\/strong><br \/>La Gesti\u00f3n Humana est\u00e1 enfocada en mejorar su competitividad, impulsando capacidades y aportando a lograr calidad de vida laboral, personal y familiar de cada uno de nuestros trabajadores.<\/p><p>Se desarrollan planes de formaci\u00f3n internas y externas enfocadas en fortalecer aquellas debilidades t\u00e9cnicas, tecnol\u00f3gicas y de gesti\u00f3n del personal para el mejoramiento del desempe\u00f1o de todos los equipos en las diferentes \u00e1reas.<\/p><p>Aprendes con la experiencia diaria, los conocimientos se imparten y comparten d\u00eda a d\u00eda a trav\u00e9s de nuestros profesionales expertos y comprometidos.<\/p><p>Algunos de los beneficios que Carlos Caballero S.A. a trav\u00e9s de su departamento de RRHH y DDHH pone a tu disposici\u00f3n son:<\/p><ul><li>Un proceso de contrataci\u00f3n claro y en tiempo establecido<\/li><li>Proceso de inducci\u00f3n y ex\u00e1menes m\u00e9dicos<\/li><li>Capacitaci\u00f3n permanente<\/li><li>Campa\u00f1as de salud preventiva en planta<\/li><li>Seguros de salud y contra accidente<\/li><li>Pr\u00e9stamos y anticipos<\/li><li>Planes de pr\u00e9stamos para formaci\u00f3n profesional<\/li><li>Buenas condiciones de infraestructura<\/li><li>Cr\u00e9dito abierto mensual en cadena de Farmacias<\/li><li>Plan de salud Dental para toda la familia<\/li><\/ul>\t\t\t\t\t\t<\/div>\n\t\t\t\t<\/div>\n\t\t\t\t\t<\/div>\n\t\t<\/div>\n\t\t\t\t\t\t\t<\/div>\n\t\t<\/div>\n\t\t\t\t\t<\/div>\n\t\t<\/div>\n\t\t\t\t\t\t\t<\/div>\n\t\t<\/div>\n\t\t\t\t\t\t<\/div>\n\t\t\t\t\t<\/div>","protected":false},"excerpt":{"rendered":"<p>nuestro equipo Trabaja con Nosotros Nos interesa fortalecer nuestros equipos de trabajo sumando profesionales que sobresalga por sus valores, actitud, creatividad, profesionalismo y valent\u00eda.Somos un equipo de m\u00e1s de 1500 trabajadores comprometidos con nuestra exigente pol\u00edtica de calidad, seguridad, salud y medio ambiente, alineados a la obtenci\u00f3n de resultados con excelencia.Ser\u00e1s parte del mejor equipo [&hellip;]<\/p>","protected":false},"author":1,"featured_media":0,"parent":1987,"menu_order":0,"comment_status":"closed","ping_status":"closed","template":"","meta":{"_acf_changed":false,"_monsterinsights_skip_tracking":false,"_monsterinsights_sitenote_active":false,"_monsterinsights_sitenote_note":"","_monsterinsights_sitenote_category":0,"footnotes":""},"class_list":["post-3830","page","type-page","status-publish","hentry"],"acf":[],"aioseo_notices":[],"_links":{"self":[{"href":"https:\/\/carloscaballerosa.com\/en\/wp-json\/wp\/v2\/pages\/3830","targetHints":{"allow":["GET"]}}],"collection":[{"href":"https:\/\/carloscaballerosa.com\/en\/wp-json\/wp\/v2\/pages"}],"about":[{"href":"https:\/\/carloscaballerosa.com\/en\/wp-json\/wp\/v2\/types\/page"}],"author":[{"embeddable":true,"href":"https:\/\/carloscaballerosa.com\/en\/wp-json\/wp\/v2\/users\/1"}],"replies":[{"embeddable":true,"href":"https:\/\/carloscaballerosa.com\/en\/wp-json\/wp\/v2\/comments?post=3830"}],"version-history":[{"count":25,"href":"https:\/\/carloscaballerosa.com\/en\/wp-json\/wp\/v2\/pages\/3830\/revisions"}],"predecessor-version":[{"id":5642,"href":"https:\/\/carloscaballerosa.com\/en\/wp-json\/wp\/v2\/pages\/3830\/revisions\/5642"}],"up":[{"embeddable":true,"href":"https:\/\/carloscaballerosa.com\/en\/wp-json\/wp\/v2\/pages\/1987"}],"wp:attachment":[{"href":"https:\/\/carloscaballerosa.com\/en\/wp-json\/wp\/v2\/media?parent=3830"}],"curies":[{"name":"wp","href":"https:\/\/api.w.org\/{rel}","templated":true}]}}