{"id":3821,"date":"2021-11-24T23:27:41","date_gmt":"2021-11-24T23:27:41","guid":{"rendered":"https:\/\/carloscaballerosa.com\/?page_id=3821"},"modified":"2022-04-17T14:24:38","modified_gmt":"2022-04-17T14:24:38","slug":"proyectos","status":"publish","type":"page","link":"https:\/\/carloscaballerosa.com\/en\/experiencia\/proyectos\/","title":{"rendered":"Proyectos"},"content":{"rendered":"<div data-elementor-type=\"wp-page\" data-elementor-id=\"3821\" class=\"elementor elementor-3821\" data-elementor-settings=\"[]\">\n\t\t\t\t\t\t\t<div class=\"elementor-section-wrap\">\n\t\t\t\t\t\t\t<div class=\"elementor-section elementor-top-section elementor-element elementor-element-80243c9 elementor-section-full_width elementor-section-stretched elementor-section-height-default elementor-section-height-default\" data-id=\"80243c9\" data-element_type=\"section\" data-settings=\"{&quot;stretch_section&quot;:&quot;section-stretched&quot;,&quot;background_background&quot;:&quot;classic&quot;}\">\n\t\t\t\t\t\t\t<div class=\"elementor-background-overlay\"><\/div>\n\t\t\t\t\t\t\t<div class=\"elementor-container elementor-column-gap-default\">\n\t\t\t\t\t<div class=\"elementor-column elementor-col-100 elementor-top-column elementor-element elementor-element-7a97222\" data-id=\"7a97222\" data-element_type=\"column\">\n\t\t\t<div class=\"elementor-widget-wrap elementor-element-populated\">\n\t\t\t\t\t\t\t\t<div class=\"elementor-section elementor-inner-section elementor-element elementor-element-ad311c7 elementor-section-boxed elementor-section-height-default elementor-section-height-default\" data-id=\"ad311c7\" data-element_type=\"section\">\n\t\t\t\t\t\t<div class=\"elementor-container elementor-column-gap-default\">\n\t\t\t\t\t<div class=\"elementor-column elementor-col-100 elementor-inner-column elementor-element elementor-element-c2f0b94\" data-id=\"c2f0b94\" data-element_type=\"column\">\n\t\t\t<div class=\"elementor-widget-wrap elementor-element-populated\">\n\t\t\t\t\t\t\t\t<div class=\"elementor-element elementor-element-5fc5590 elementor-widget elementor-widget-section_title\" data-id=\"5fc5590\" data-element_type=\"widget\" data-widget_type=\"section_title.default\">\n\t\t\t\t<div class=\"elementor-widget-container\">\n\t\t\t\r\n\r\n\r\n<div class=\"pt-section-title-box text-center\">   \r\n   \t\t<span class=\"pt-section-sub-title\">Experiencia<\/span>     \t<h5 class=\"pt-section-title\">Proyectos<\/h5>     \t   \r\n<\/div>\t\t<\/div>\n\t\t\t\t<\/div>\n\t\t\t\t\t<\/div>\n\t\t<\/div>\n\t\t\t\t\t\t\t<\/div>\n\t\t<\/div>\n\t\t\t\t\t<\/div>\n\t\t<\/div>\n\t\t\t\t\t\t\t<\/div>\n\t\t<\/div>\n\t\t\t\t<section class=\"elementor-section elementor-top-section elementor-element elementor-element-ba54bef elementor-section-full_width elementor-section-height-default elementor-section-height-default\" data-id=\"ba54bef\" data-element_type=\"section\">\n\t\t\t\t\t\t<div class=\"elementor-container elementor-column-gap-default\">\n\t\t\t\t\t<div class=\"elementor-column elementor-col-100 elementor-top-column elementor-element elementor-element-0f86b61\" data-id=\"0f86b61\" data-element_type=\"column\">\n\t\t\t<div class=\"elementor-widget-wrap elementor-element-populated\">\n\t\t\t\t\t\t\t\t<div class=\"elementor-element elementor-element-54ad77c elementor-widget elementor-widget-portfolio-mansory\" data-id=\"54ad77c\" data-element_type=\"widget\" data-widget_type=\"portfolio-mansory.default\">\n\t\t\t\t<div class=\"elementor-widget-container\">\n\t\t\t\r\n\r\n <div class=\"pt-filters\">  \r\n \r\n <div class=\"filters pt-filter-button-group\">\r\n        <ul>\r\n          \r\n          <li class=\"active pt-filter-btn\" data-filter=\"*\">Todos<\/li>\r\n                    <li class=\"pt-filter-btn\" data-filter=\".51\">Aceitera<\/li>\r\n                    <li class=\"pt-filter-btn\" data-filter=\".53\">Energetica<\/li>\r\n                    <li class=\"pt-filter-btn\" data-filter=\".56\">Minera<\/li>\r\n                    <li class=\"pt-filter-btn\" data-filter=\".13\">Petrolera<\/li>\r\n                    <li class=\"pt-filter-btn\" data-filter=\".57\">Sucroalcoholera<\/li>\r\n                  <\/ul>\r\n    <\/div>\r\n<\/div>\r\n\r\n\r\n \r\n <div class=\"pt-masonry no-padding\" data-next_items=\"6\" data-initial_items=\"6\">\r\n    <div class=\"grid-sizer pt-col-3\"><\/div>  \r\n                <div class=\"pt-masonry-item pt-filter-items  ipt-lg-6 51\" >\r\n            <div class=\"pt-portfolio-block-one\">\r\n              <div class=\"pt-portfolio-img\">\r\n                <a href=\"https:\/\/carloscaballerosa.com\/en\/portfolio\/montaje-de-planta-de-refinacion-de-aceite\/\">\r\n                  <img decoding=\"async\"  src=\"https:\/\/carloscaballerosa.com\/wp-content\/uploads\/2022\/02\/plantaaceitera_01-1140x549.png\" alt=\"\" \/>                  <\/a>\r\n              <\/div>\r\n              <div class=\"pt-portfolio-info\">\r\n                               <span>Aceitera<\/span>\r\n                              <h5><a href=\"https:\/\/carloscaballerosa.com\/en\/portfolio\/montaje-de-planta-de-refinacion-de-aceite\/\">Montaje de Planta de Refinaci\u00f3n de Aceite<\/a><\/h5>\r\n              <\/div>\r\n            <\/div>\r\n        <\/div>\r\n          \r\n          \r\n                <div class=\"pt-masonry-item pt-filter-items  ipt-lg-3 53\" >\r\n            <div class=\"pt-portfolio-block-one\">\r\n              <div class=\"pt-portfolio-img\">\r\n                <a href=\"https:\/\/carloscaballerosa.com\/en\/portfolio\/hidroelectrico-miguillas-lote-ii\/\">\r\n                  <img decoding=\"async\"  src=\"https:\/\/carloscaballerosa.com\/wp-content\/uploads\/2021\/12\/portada_miguillas-1140x1140.jpg\" alt=\"\" \/>                  <\/a>\r\n              <\/div>\r\n              <div class=\"pt-portfolio-info\">\r\n                               <span>Aceitera<\/span>\r\n                              <h5><a href=\"https:\/\/carloscaballerosa.com\/en\/portfolio\/hidroelectrico-miguillas-lote-ii\/\">Hidroel\u00e9ctrico MIGUILLAS (LOTE II)<\/a><\/h5>\r\n              <\/div>\r\n            <\/div>\r\n        <\/div>\r\n          \r\n          \r\n                <div class=\"pt-masonry-item pt-filter-items  ipt-lg-3 53\" >\r\n            <div class=\"pt-portfolio-block-one\">\r\n              <div class=\"pt-portfolio-img\">\r\n                <a href=\"https:\/\/carloscaballerosa.com\/en\/portfolio\/hidroelectrico-ivirizu\/\">\r\n                  <img decoding=\"async\"  src=\"https:\/\/carloscaballerosa.com\/wp-content\/uploads\/2021\/12\/portada_ivirizu-1140x1140.jpg\" alt=\"\" \/>                  <\/a>\r\n              <\/div>\r\n              <div class=\"pt-portfolio-info\">\r\n                               <span>Aceitera<\/span>\r\n                              <h5><a href=\"https:\/\/carloscaballerosa.com\/en\/portfolio\/hidroelectrico-ivirizu\/\">Hidroel\u00e9ctrico IVIRIZU<\/a><\/h5>\r\n              <\/div>\r\n            <\/div>\r\n        <\/div>\r\n          \r\n          \r\n                <div class=\"pt-masonry-item pt-filter-items  ipt-lg-3 56\" >\r\n            <div class=\"pt-portfolio-block-one\">\r\n              <div class=\"pt-portfolio-img\">\r\n                <a href=\"https:\/\/carloscaballerosa.com\/en\/portfolio\/construccion-planta-concentradora-de-2000-tpd-colquiri\/\">\r\n                  <img decoding=\"async\"  src=\"https:\/\/carloscaballerosa.com\/wp-content\/uploads\/2021\/12\/portada_colquiri-1140x1140.jpg\" alt=\"\" \/>                  <\/a>\r\n              <\/div>\r\n              <div class=\"pt-portfolio-info\">\r\n                               <span>Aceitera<\/span>\r\n                              <h5><a href=\"https:\/\/carloscaballerosa.com\/en\/portfolio\/construccion-planta-concentradora-de-2000-tpd-colquiri\/\">Planta Concentradora Colquiri<\/a><\/h5>\r\n              <\/div>\r\n            <\/div>\r\n        <\/div>\r\n          \r\n          \r\n                <div class=\"pt-masonry-item pt-filter-items  ipt-lg-3 53\" >\r\n            <div class=\"pt-portfolio-block-one\">\r\n              <div class=\"pt-portfolio-img\">\r\n                <a href=\"https:\/\/carloscaballerosa.com\/en\/portfolio\/proyecto-hidroelectrico-misicuni-ende-corporacion\/\">\r\n                  <img decoding=\"async\"  src=\"https:\/\/carloscaballerosa.com\/wp-content\/uploads\/2015\/08\/carloscaballerosa-proyectos-misicuni-1140x1140.jpg\" alt=\"\" \/>                  <\/a>\r\n              <\/div>\r\n              <div class=\"pt-portfolio-info\">\r\n                               <span>Aceitera<\/span>\r\n                              <h5><a href=\"https:\/\/carloscaballerosa.com\/en\/portfolio\/proyecto-hidroelectrico-misicuni-ende-corporacion\/\">Hidroel\u00e9ctrico Misicuni<\/a><\/h5>\r\n              <\/div>\r\n            <\/div>\r\n        <\/div>\r\n          \r\n          \r\n                <div class=\"pt-masonry-item pt-filter-items  ipt-lg-6 13\" >\r\n            <div class=\"pt-portfolio-block-one\">\r\n              <div class=\"pt-portfolio-img\">\r\n                <a href=\"https:\/\/carloscaballerosa.com\/en\/portfolio\/proyecto-nutanks-cba-ypfb-refinacion\/\">\r\n                  <img decoding=\"async\"  src=\"https:\/\/carloscaballerosa.com\/wp-content\/uploads\/2015\/08\/carloscaballerosa-proyectos-NUTANKS-SCZ-1140x549.jpg\" alt=\"\" \/>                  <\/a>\r\n              <\/div>\r\n              <div class=\"pt-portfolio-info\">\r\n                               <span>Aceitera<\/span>\r\n                              <h5><a href=\"https:\/\/carloscaballerosa.com\/en\/portfolio\/proyecto-nutanks-cba-ypfb-refinacion\/\">NUTANKS CBA<\/a><\/h5>\r\n              <\/div>\r\n            <\/div>\r\n        <\/div>\r\n          \r\n          \r\n                <div class=\"pt-masonry-item pt-filter-items  ipt-lg-6 13\" >\r\n            <div class=\"pt-portfolio-block-one\">\r\n              <div class=\"pt-portfolio-img\">\r\n                <a href=\"https:\/\/carloscaballerosa.com\/en\/portfolio\/epc-hornos-unidad-platforming-302-rscz\/\">\r\n                  <img decoding=\"async\"  src=\"https:\/\/carloscaballerosa.com\/wp-content\/uploads\/2017\/11\/carloscaballerosa-proyectos-epc-hornos-1140x549.jpg\" alt=\"\" \/>                  <\/a>\r\n              <\/div>\r\n              <div class=\"pt-portfolio-info\">\r\n                               <span>Aceitera<\/span>\r\n                              <h5><a href=\"https:\/\/carloscaballerosa.com\/en\/portfolio\/epc-hornos-unidad-platforming-302-rscz\/\">EPC Hornos Platforming -302<\/a><\/h5>\r\n              <\/div>\r\n            <\/div>\r\n        <\/div>\r\n          \r\n          \r\n                <div class=\"pt-masonry-item pt-filter-items  ipt-lg-3 13\" >\r\n            <div class=\"pt-portfolio-block-one\">\r\n              <div class=\"pt-portfolio-img\">\r\n                <a href=\"https:\/\/carloscaballerosa.com\/en\/portfolio\/proyecto-esferas-gran-chaco-felguera-ihi\/\">\r\n                  <img decoding=\"async\"  src=\"https:\/\/carloscaballerosa.com\/wp-content\/uploads\/2015\/08\/carloscaballerosa-proyectos-esferas-1140x1140.jpg\" alt=\"\" \/>                  <\/a>\r\n              <\/div>\r\n              <div class=\"pt-portfolio-info\">\r\n                               <span>Aceitera<\/span>\r\n                              <h5><a href=\"https:\/\/carloscaballerosa.com\/en\/portfolio\/proyecto-esferas-gran-chaco-felguera-ihi\/\">Esferas Gran Chaco<\/a><\/h5>\r\n              <\/div>\r\n            <\/div>\r\n        <\/div>\r\n          \r\n          \r\n                <div class=\"pt-masonry-item pt-filter-items  ipt-lg-3 56\" >\r\n            <div class=\"pt-portfolio-block-one\">\r\n              <div class=\"pt-portfolio-img\">\r\n                <a href=\"https:\/\/carloscaballerosa.com\/en\/portfolio\/proyecto-ausmelt-empresa-metalurgica-vinto\/\">\r\n                  <img decoding=\"async\"  src=\"https:\/\/carloscaballerosa.com\/wp-content\/uploads\/2015\/08\/carloscaballerosa-proyectos-AUSMELT-1140x1140.jpg\" alt=\"\" \/>                  <\/a>\r\n              <\/div>\r\n              <div class=\"pt-portfolio-info\">\r\n                               <span>Aceitera<\/span>\r\n                              <h5><a href=\"https:\/\/carloscaballerosa.com\/en\/portfolio\/proyecto-ausmelt-empresa-metalurgica-vinto\/\">Proyecto AUSMELT<\/a><\/h5>\r\n              <\/div>\r\n            <\/div>\r\n        <\/div>\r\n          \r\n          \r\n                <div class=\"pt-masonry-item pt-filter-items  ipt-lg-3 57\" >\r\n            <div class=\"pt-portfolio-block-one\">\r\n              <div class=\"pt-portfolio-img\">\r\n                <a href=\"https:\/\/carloscaballerosa.com\/en\/portfolio\/fabricacion-y-montaje-de-destileria-para-el-ingenio-sucroalcoholero-aguai\/\">\r\n                  <img decoding=\"async\"  src=\"https:\/\/carloscaballerosa.com\/wp-content\/uploads\/2020\/04\/aguai-ingenio-1140x1140.jpg\" alt=\"\" \/>                  <\/a>\r\n              <\/div>\r\n              <div class=\"pt-portfolio-info\">\r\n                               <span>Aceitera<\/span>\r\n                              <h5><a href=\"https:\/\/carloscaballerosa.com\/en\/portfolio\/fabricacion-y-montaje-de-destileria-para-el-ingenio-sucroalcoholero-aguai\/\">Fabricaci\u00f3n y Montaje Destiler\u00eda<\/a><\/h5>\r\n              <\/div>\r\n            <\/div>\r\n        <\/div>\r\n          \r\n          \r\n        \r\n    <\/div>\r\n\r\n    \r\n\r\n     <div class=\"pt-btn-load-container text-center\">\r\n                  \r\n                    <a id=\"showMore\" class=\"pt-button\" href=\"#\">\r\n                      <div class=\"pt-button-block\">\r\nCargar M\u00e1s<\/div>  \r\n                    <\/a>\r\n    <\/div>\t\t<\/div>\n\t\t\t\t<\/div>\n\t\t\t\t\t<\/div>\n\t\t<\/div>\n\t\t\t\t\t\t\t<\/div>\n\t\t<\/section>\n\t\t\t\t\t\t<\/div>\n\t\t\t\t\t<\/div>","protected":false},"excerpt":{"rendered":"<p>Experiencia Proyectos All Aceitera Energetica Minera Petrolera Sucroalcoholera Aceitera Montaje de Planta de Refinaci\u00f3n de Aceite Aceitera Hidroel\u00e9ctrico MIGUILLAS (LOTE II) Aceitera Hidroel\u00e9ctrico IVIRIZU Aceitera Planta Concentradora Colquiri Aceitera Hidroel\u00e9ctrico Misicuni Aceitera NUTANKS CBA Aceitera EPC Hornos Platforming -302 Aceitera Esferas Gran Chaco Aceitera Proyecto AUSMELT Aceitera Fabricaci\u00f3n y Montaje Destiler\u00eda Cargar M\u00e1s<\/p>","protected":false},"author":1,"featured_media":0,"parent":333,"menu_order":0,"comment_status":"closed","ping_status":"closed","template":"","meta":{"_acf_changed":false,"_monsterinsights_skip_tracking":false,"_monsterinsights_sitenote_active":false,"_monsterinsights_sitenote_note":"","_monsterinsights_sitenote_category":0,"footnotes":""},"class_list":["post-3821","page","type-page","status-publish","hentry"],"acf":[],"aioseo_notices":[],"_links":{"self":[{"href":"https:\/\/carloscaballerosa.com\/en\/wp-json\/wp\/v2\/pages\/3821","targetHints":{"allow":["GET"]}}],"collection":[{"href":"https:\/\/carloscaballerosa.com\/en\/wp-json\/wp\/v2\/pages"}],"about":[{"href":"https:\/\/carloscaballerosa.com\/en\/wp-json\/wp\/v2\/types\/page"}],"author":[{"embeddable":true,"href":"https:\/\/carloscaballerosa.com\/en\/wp-json\/wp\/v2\/users\/1"}],"replies":[{"embeddable":true,"href":"https:\/\/carloscaballerosa.com\/en\/wp-json\/wp\/v2\/comments?post=3821"}],"version-history":[{"count":25,"href":"https:\/\/carloscaballerosa.com\/en\/wp-json\/wp\/v2\/pages\/3821\/revisions"}],"predecessor-version":[{"id":5636,"href":"https:\/\/carloscaballerosa.com\/en\/wp-json\/wp\/v2\/pages\/3821\/revisions\/5636"}],"up":[{"embeddable":true,"href":"https:\/\/carloscaballerosa.com\/en\/wp-json\/wp\/v2\/pages\/333"}],"wp:attachment":[{"href":"https:\/\/carloscaballerosa.com\/en\/wp-json\/wp\/v2\/media?parent=3821"}],"curies":[{"name":"wp","href":"https:\/\/api.w.org\/{rel}","templated":true}]}}