{"id":3818,"date":"2021-11-24T23:26:51","date_gmt":"2021-11-24T23:26:51","guid":{"rendered":"https:\/\/carloscaballerosa.com\/?page_id=3818"},"modified":"2022-04-17T14:23:03","modified_gmt":"2022-04-17T14:23:03","slug":"rubros","status":"publish","type":"page","link":"https:\/\/carloscaballerosa.com\/en\/experiencia\/rubros\/","title":{"rendered":"Rubros"},"content":{"rendered":"<div data-elementor-type=\"wp-page\" data-elementor-id=\"3818\" class=\"elementor elementor-3818\" data-elementor-settings=\"[]\">\n\t\t\t\t\t\t\t<div class=\"elementor-section-wrap\">\n\t\t\t\t\t\t\t<section class=\"elementor-section elementor-top-section elementor-element elementor-element-853bdf4 elementor-section-boxed elementor-section-height-default elementor-section-height-default\" data-id=\"853bdf4\" data-element_type=\"section\">\n\t\t\t\t\t\t<div class=\"elementor-container elementor-column-gap-default\">\n\t\t\t\t\t<div class=\"elementor-column elementor-col-100 elementor-top-column elementor-element elementor-element-a2a04cb\" data-id=\"a2a04cb\" data-element_type=\"column\">\n\t\t\t<div class=\"elementor-widget-wrap elementor-element-populated\">\n\t\t\t\t\t\t\t\t<div class=\"elementor-element elementor-element-3ff2f83 elementor-widget elementor-widget-section_title\" data-id=\"3ff2f83\" data-element_type=\"widget\" data-widget_type=\"section_title.default\">\n\t\t\t\t<div class=\"elementor-widget-container\">\n\t\t\t\r\n\r\n\r\n<div class=\"pt-section-title-box text-center\">   \r\n   \t\t<span class=\"pt-section-sub-title\">experiencia<\/span>     \t<h5 class=\"pt-section-title\">Rubros<\/h5>     \t   \r\n<\/div>\t\t<\/div>\n\t\t\t\t<\/div>\n\t\t\t\t\t<\/div>\n\t\t<\/div>\n\t\t\t\t\t\t\t<\/div>\n\t\t<\/section>\n\t\t\t\t<section class=\"elementor-section elementor-top-section elementor-element elementor-element-abb87dd elementor-section-boxed elementor-section-height-default elementor-section-height-default\" data-id=\"abb87dd\" data-element_type=\"section\">\n\t\t\t\t\t\t<div class=\"elementor-container elementor-column-gap-default\">\n\t\t\t\t\t<div class=\"elementor-column elementor-col-25 elementor-top-column elementor-element elementor-element-69f047a\" data-id=\"69f047a\" data-element_type=\"column\">\n\t\t\t<div class=\"elementor-widget-wrap elementor-element-populated\">\n\t\t\t\t\t\t\t\t<div class=\"elementor-element elementor-element-1f5af1f elementor-widget elementor-widget-image\" data-id=\"1f5af1f\" data-element_type=\"widget\" data-widget_type=\"image.default\">\n\t\t\t\t<div class=\"elementor-widget-container\">\n\t\t\t\t\t\t\t\t\t\t\t\t\t\t\t<img loading=\"lazy\" decoding=\"async\" width=\"347\" height=\"347\" src=\"https:\/\/carloscaballerosa.com\/wp-content\/uploads\/2021\/11\/rbpetrolera.png\" class=\"attachment-large size-large\" alt=\"\" srcset=\"https:\/\/carloscaballerosa.com\/wp-content\/uploads\/2021\/11\/rbpetrolera.png 347w, https:\/\/carloscaballerosa.com\/wp-content\/uploads\/2021\/11\/rbpetrolera-300x300.png 300w, https:\/\/carloscaballerosa.com\/wp-content\/uploads\/2021\/11\/rbpetrolera-150x150.png 150w, https:\/\/carloscaballerosa.com\/wp-content\/uploads\/2021\/11\/rbpetrolera-120x120.png 120w, https:\/\/carloscaballerosa.com\/wp-content\/uploads\/2021\/11\/rbpetrolera-100x100.png 100w\" sizes=\"auto, (max-width: 347px) 100vw, 347px\" \/>\t\t\t\t\t\t\t\t\t\t\t\t\t\t\t<\/div>\n\t\t\t\t<\/div>\n\t\t\t\t\t<\/div>\n\t\t<\/div>\n\t\t\t\t<div class=\"elementor-column elementor-col-25 elementor-top-column elementor-element elementor-element-0886339\" data-id=\"0886339\" data-element_type=\"column\">\n\t\t\t<div class=\"elementor-widget-wrap elementor-element-populated\">\n\t\t\t\t\t\t\t\t<div class=\"elementor-element elementor-element-d9c07a3 elementor-view-default elementor-vertical-align-top elementor-widget elementor-widget-icon-box\" data-id=\"d9c07a3\" data-element_type=\"widget\" data-widget_type=\"icon-box.default\">\n\t\t\t\t<div class=\"elementor-widget-container\">\n\t\t\t\t\t<div class=\"elementor-icon-box-wrapper\">\n\t\t\t\t\t\t<div class=\"elementor-icon-box-content\">\n\t\t\t\t<h3 class=\"elementor-icon-box-title\">\n\t\t\t\t\t<a href=\"https:\/\/carloscaballerosa.com\/en\/experiencia\/rubros\/industria-petrolera\/\" >\n\t\t\t\t\t\tIndustria Petrolera\t\t\t\t\t<\/a>\n\t\t\t\t<\/h3>\n\t\t\t\t\t\t\t\t\t<p class=\"elementor-icon-box-description\">\n\t\t\t\t\t\tLa ejecuci\u00f3n llave en mano de diferentes tipos de instalaciones para el sector Petrolero\t\t\t\t\t<\/p>\n\t\t\t\t\t\t\t<\/div>\n\t\t<\/div>\n\t\t\t\t<\/div>\n\t\t\t\t<\/div>\n\t\t\t\t\t<\/div>\n\t\t<\/div>\n\t\t\t\t<div class=\"elementor-column elementor-col-25 elementor-top-column elementor-element elementor-element-c1606b4\" data-id=\"c1606b4\" data-element_type=\"column\">\n\t\t\t<div class=\"elementor-widget-wrap elementor-element-populated\">\n\t\t\t\t\t\t\t\t<div class=\"elementor-element elementor-element-a4558db elementor-widget elementor-widget-image\" data-id=\"a4558db\" data-element_type=\"widget\" data-widget_type=\"image.default\">\n\t\t\t\t<div class=\"elementor-widget-container\">\n\t\t\t\t\t\t\t\t\t\t\t\t\t\t\t<img loading=\"lazy\" decoding=\"async\" width=\"250\" height=\"250\" src=\"https:\/\/carloscaballerosa.com\/wp-content\/uploads\/2021\/11\/rbcementera.jpg\" class=\"attachment-large size-large\" alt=\"\" srcset=\"https:\/\/carloscaballerosa.com\/wp-content\/uploads\/2021\/11\/rbcementera.jpg 250w, https:\/\/carloscaballerosa.com\/wp-content\/uploads\/2021\/11\/rbcementera-150x150.jpg 150w, https:\/\/carloscaballerosa.com\/wp-content\/uploads\/2021\/11\/rbcementera-120x120.jpg 120w, https:\/\/carloscaballerosa.com\/wp-content\/uploads\/2021\/11\/rbcementera-100x100.jpg 100w\" sizes=\"auto, (max-width: 250px) 100vw, 250px\" \/>\t\t\t\t\t\t\t\t\t\t\t\t\t\t\t<\/div>\n\t\t\t\t<\/div>\n\t\t\t\t\t<\/div>\n\t\t<\/div>\n\t\t\t\t<div class=\"elementor-column elementor-col-25 elementor-top-column elementor-element elementor-element-21aa33d\" data-id=\"21aa33d\" data-element_type=\"column\">\n\t\t\t<div class=\"elementor-widget-wrap elementor-element-populated\">\n\t\t\t\t\t\t\t\t<div class=\"elementor-element elementor-element-0814537 elementor-view-default elementor-vertical-align-top elementor-widget elementor-widget-icon-box\" data-id=\"0814537\" data-element_type=\"widget\" data-widget_type=\"icon-box.default\">\n\t\t\t\t<div class=\"elementor-widget-container\">\n\t\t\t\t\t<div class=\"elementor-icon-box-wrapper\">\n\t\t\t\t\t\t<div class=\"elementor-icon-box-content\">\n\t\t\t\t<h3 class=\"elementor-icon-box-title\">\n\t\t\t\t\t<a href=\"https:\/\/carloscaballerosa.com\/en\/experiencia\/rubros\/industria-cementera\/\" >\n\t\t\t\t\t\tIndustria cementera\t\t\t\t\t<\/a>\n\t\t\t\t<\/h3>\n\t\t\t\t\t\t\t\t\t<p class=\"elementor-icon-box-description\">\n\t\t\t\t\t\tLa ejecuci\u00f3n llave en mano de diferentes tipos de instalaciones para el sector cementero.\t\t\t\t\t<\/p>\n\t\t\t\t\t\t\t<\/div>\n\t\t<\/div>\n\t\t\t\t<\/div>\n\t\t\t\t<\/div>\n\t\t\t\t\t<\/div>\n\t\t<\/div>\n\t\t\t\t\t\t\t<\/div>\n\t\t<\/section>\n\t\t\t\t<section class=\"elementor-section elementor-top-section elementor-element elementor-element-cc189cb elementor-section-boxed elementor-section-height-default elementor-section-height-default\" data-id=\"cc189cb\" data-element_type=\"section\">\n\t\t\t\t\t\t<div class=\"elementor-container elementor-column-gap-default\">\n\t\t\t\t\t<div class=\"elementor-column elementor-col-25 elementor-top-column elementor-element elementor-element-780c289\" data-id=\"780c289\" data-element_type=\"column\">\n\t\t\t<div class=\"elementor-widget-wrap elementor-element-populated\">\n\t\t\t\t\t\t\t\t<div class=\"elementor-element elementor-element-2a5d732 elementor-view-default elementor-vertical-align-top elementor-widget elementor-widget-icon-box\" data-id=\"2a5d732\" data-element_type=\"widget\" data-widget_type=\"icon-box.default\">\n\t\t\t\t<div class=\"elementor-widget-container\">\n\t\t\t\t\t<div class=\"elementor-icon-box-wrapper\">\n\t\t\t\t\t\t<div class=\"elementor-icon-box-content\">\n\t\t\t\t<h3 class=\"elementor-icon-box-title\">\n\t\t\t\t\t<a href=\"https:\/\/carloscaballerosa.com\/en\/experiencia\/rubros\/industria-energetica\/\" >\n\t\t\t\t\t\tIndustria Energ\u00e9tica\t\t\t\t\t<\/a>\n\t\t\t\t<\/h3>\n\t\t\t\t\t\t\t\t\t<p class=\"elementor-icon-box-description\">\n\t\t\t\t\t\tLa ejecuci\u00f3n llave en mano de diferentes tipos de instalaciones para el sector Energ\u00e9tico.\t\t\t\t\t<\/p>\n\t\t\t\t\t\t\t<\/div>\n\t\t<\/div>\n\t\t\t\t<\/div>\n\t\t\t\t<\/div>\n\t\t\t\t\t<\/div>\n\t\t<\/div>\n\t\t\t\t<div class=\"elementor-column elementor-col-25 elementor-top-column elementor-element elementor-element-f44bf38\" data-id=\"f44bf38\" data-element_type=\"column\">\n\t\t\t<div class=\"elementor-widget-wrap elementor-element-populated\">\n\t\t\t\t\t\t\t\t<div class=\"elementor-element elementor-element-4d80a7f elementor-widget elementor-widget-image\" data-id=\"4d80a7f\" data-element_type=\"widget\" data-widget_type=\"image.default\">\n\t\t\t\t<div class=\"elementor-widget-container\">\n\t\t\t\t\t\t\t\t\t\t\t\t\t\t\t<img loading=\"lazy\" decoding=\"async\" width=\"250\" height=\"250\" src=\"https:\/\/carloscaballerosa.com\/wp-content\/uploads\/2021\/11\/rbenergetica.png\" class=\"attachment-large size-large\" alt=\"\" srcset=\"https:\/\/carloscaballerosa.com\/wp-content\/uploads\/2021\/11\/rbenergetica.png 250w, https:\/\/carloscaballerosa.com\/wp-content\/uploads\/2021\/11\/rbenergetica-150x150.png 150w, https:\/\/carloscaballerosa.com\/wp-content\/uploads\/2021\/11\/rbenergetica-120x120.png 120w, https:\/\/carloscaballerosa.com\/wp-content\/uploads\/2021\/11\/rbenergetica-100x100.png 100w\" sizes=\"auto, (max-width: 250px) 100vw, 250px\" \/>\t\t\t\t\t\t\t\t\t\t\t\t\t\t\t<\/div>\n\t\t\t\t<\/div>\n\t\t\t\t\t<\/div>\n\t\t<\/div>\n\t\t\t\t<div class=\"elementor-column elementor-col-25 elementor-top-column elementor-element elementor-element-4f22352\" data-id=\"4f22352\" data-element_type=\"column\">\n\t\t\t<div class=\"elementor-widget-wrap elementor-element-populated\">\n\t\t\t\t\t\t\t\t<div class=\"elementor-element elementor-element-b388595 elementor-view-default elementor-vertical-align-top elementor-widget elementor-widget-icon-box\" data-id=\"b388595\" data-element_type=\"widget\" data-widget_type=\"icon-box.default\">\n\t\t\t\t<div class=\"elementor-widget-container\">\n\t\t\t\t\t<div class=\"elementor-icon-box-wrapper\">\n\t\t\t\t\t\t<div class=\"elementor-icon-box-content\">\n\t\t\t\t<h3 class=\"elementor-icon-box-title\">\n\t\t\t\t\t<a href=\"https:\/\/carloscaballerosa.com\/en\/experiencia\/rubros\/industria-ferroviaria\/\" >\n\t\t\t\t\t\tRubro Ferroviaria\t\t\t\t\t<\/a>\n\t\t\t\t<\/h3>\n\t\t\t\t\t\t\t\t\t<p class=\"elementor-icon-box-description\">\n\t\t\t\t\t\tLa ejecuci\u00f3n llave en mano de diferentes tipos de instalaciones para el sector Ferroviario.\t\t\t\t\t<\/p>\n\t\t\t\t\t\t\t<\/div>\n\t\t<\/div>\n\t\t\t\t<\/div>\n\t\t\t\t<\/div>\n\t\t\t\t\t<\/div>\n\t\t<\/div>\n\t\t\t\t<div class=\"elementor-column elementor-col-25 elementor-top-column elementor-element elementor-element-df08d4a\" data-id=\"df08d4a\" data-element_type=\"column\">\n\t\t\t<div class=\"elementor-widget-wrap elementor-element-populated\">\n\t\t\t\t\t\t\t\t<div class=\"elementor-element elementor-element-c12af94 elementor-widget elementor-widget-image\" data-id=\"c12af94\" data-element_type=\"widget\" data-widget_type=\"image.default\">\n\t\t\t\t<div class=\"elementor-widget-container\">\n\t\t\t\t\t\t\t\t\t\t\t\t\t\t\t<img loading=\"lazy\" decoding=\"async\" width=\"250\" height=\"250\" src=\"https:\/\/carloscaballerosa.com\/wp-content\/uploads\/2021\/11\/rbferroviaria.jpg\" class=\"attachment-large size-large\" alt=\"\" srcset=\"https:\/\/carloscaballerosa.com\/wp-content\/uploads\/2021\/11\/rbferroviaria.jpg 250w, https:\/\/carloscaballerosa.com\/wp-content\/uploads\/2021\/11\/rbferroviaria-150x150.jpg 150w, https:\/\/carloscaballerosa.com\/wp-content\/uploads\/2021\/11\/rbferroviaria-120x120.jpg 120w, https:\/\/carloscaballerosa.com\/wp-content\/uploads\/2021\/11\/rbferroviaria-100x100.jpg 100w\" sizes=\"auto, (max-width: 250px) 100vw, 250px\" \/>\t\t\t\t\t\t\t\t\t\t\t\t\t\t\t<\/div>\n\t\t\t\t<\/div>\n\t\t\t\t\t<\/div>\n\t\t<\/div>\n\t\t\t\t\t\t\t<\/div>\n\t\t<\/section>\n\t\t\t\t<section class=\"elementor-section elementor-top-section elementor-element elementor-element-7fd9605 elementor-section-boxed elementor-section-height-default elementor-section-height-default\" data-id=\"7fd9605\" data-element_type=\"section\">\n\t\t\t\t\t\t<div class=\"elementor-container elementor-column-gap-default\">\n\t\t\t\t\t<div class=\"elementor-column elementor-col-25 elementor-top-column elementor-element elementor-element-21313da\" data-id=\"21313da\" data-element_type=\"column\">\n\t\t\t<div class=\"elementor-widget-wrap elementor-element-populated\">\n\t\t\t\t\t\t\t\t<div class=\"elementor-element elementor-element-83f02fb elementor-widget elementor-widget-image\" data-id=\"83f02fb\" data-element_type=\"widget\" data-widget_type=\"image.default\">\n\t\t\t\t<div class=\"elementor-widget-container\">\n\t\t\t\t\t\t\t\t\t\t\t\t\t\t\t<img loading=\"lazy\" decoding=\"async\" width=\"255\" height=\"255\" src=\"https:\/\/carloscaballerosa.com\/wp-content\/uploads\/2021\/11\/rbindustrial.jpg\" class=\"attachment-large size-large\" alt=\"\" srcset=\"https:\/\/carloscaballerosa.com\/wp-content\/uploads\/2021\/11\/rbindustrial.jpg 255w, https:\/\/carloscaballerosa.com\/wp-content\/uploads\/2021\/11\/rbindustrial-150x150.jpg 150w, https:\/\/carloscaballerosa.com\/wp-content\/uploads\/2021\/11\/rbindustrial-120x120.jpg 120w, https:\/\/carloscaballerosa.com\/wp-content\/uploads\/2021\/11\/rbindustrial-100x100.jpg 100w\" sizes=\"auto, (max-width: 255px) 100vw, 255px\" \/>\t\t\t\t\t\t\t\t\t\t\t\t\t\t\t<\/div>\n\t\t\t\t<\/div>\n\t\t\t\t\t<\/div>\n\t\t<\/div>\n\t\t\t\t<div class=\"elementor-column elementor-col-25 elementor-top-column elementor-element elementor-element-78bf9fb\" data-id=\"78bf9fb\" data-element_type=\"column\">\n\t\t\t<div class=\"elementor-widget-wrap elementor-element-populated\">\n\t\t\t\t\t\t\t\t<div class=\"elementor-element elementor-element-d51d925 elementor-view-default elementor-vertical-align-top elementor-widget elementor-widget-icon-box\" data-id=\"d51d925\" data-element_type=\"widget\" data-widget_type=\"icon-box.default\">\n\t\t\t\t<div class=\"elementor-widget-container\">\n\t\t\t\t\t<div class=\"elementor-icon-box-wrapper\">\n\t\t\t\t\t\t<div class=\"elementor-icon-box-content\">\n\t\t\t\t<h3 class=\"elementor-icon-box-title\">\n\t\t\t\t\t<a href=\"https:\/\/carloscaballerosa.com\/en\/experiencia\/rubros\/rubro-industrial\/\" >\n\t\t\t\t\t\tRubro Industrial\t\t\t\t\t<\/a>\n\t\t\t\t<\/h3>\n\t\t\t\t\t\t\t\t\t<p class=\"elementor-icon-box-description\">\n\t\t\t\t\t\tLa ejecuci\u00f3n llave en mano de diferentes tipos de instalaciones para el sector Industrial.\t\t\t\t\t<\/p>\n\t\t\t\t\t\t\t<\/div>\n\t\t<\/div>\n\t\t\t\t<\/div>\n\t\t\t\t<\/div>\n\t\t\t\t\t<\/div>\n\t\t<\/div>\n\t\t\t\t<div class=\"elementor-column elementor-col-25 elementor-top-column elementor-element elementor-element-0b64294\" data-id=\"0b64294\" data-element_type=\"column\">\n\t\t\t<div class=\"elementor-widget-wrap elementor-element-populated\">\n\t\t\t\t\t\t\t\t<div class=\"elementor-element elementor-element-6b4bb76 elementor-widget elementor-widget-image\" data-id=\"6b4bb76\" data-element_type=\"widget\" data-widget_type=\"image.default\">\n\t\t\t\t<div class=\"elementor-widget-container\">\n\t\t\t\t\t\t\t\t\t\t\t\t\t\t\t<img loading=\"lazy\" decoding=\"async\" width=\"250\" height=\"250\" src=\"https:\/\/carloscaballerosa.com\/wp-content\/uploads\/2022\/01\/rbminera01.jpg\" class=\"attachment-large size-large\" alt=\"\" srcset=\"https:\/\/carloscaballerosa.com\/wp-content\/uploads\/2022\/01\/rbminera01.jpg 250w, https:\/\/carloscaballerosa.com\/wp-content\/uploads\/2022\/01\/rbminera01-150x150.jpg 150w, https:\/\/carloscaballerosa.com\/wp-content\/uploads\/2022\/01\/rbminera01-12x12.jpg 12w, https:\/\/carloscaballerosa.com\/wp-content\/uploads\/2022\/01\/rbminera01-120x120.jpg 120w, https:\/\/carloscaballerosa.com\/wp-content\/uploads\/2022\/01\/rbminera01-100x100.jpg 100w\" sizes=\"auto, (max-width: 250px) 100vw, 250px\" \/>\t\t\t\t\t\t\t\t\t\t\t\t\t\t\t<\/div>\n\t\t\t\t<\/div>\n\t\t\t\t\t<\/div>\n\t\t<\/div>\n\t\t\t\t<div class=\"elementor-column elementor-col-25 elementor-top-column elementor-element elementor-element-dc24037\" data-id=\"dc24037\" data-element_type=\"column\">\n\t\t\t<div class=\"elementor-widget-wrap elementor-element-populated\">\n\t\t\t\t\t\t\t\t<div class=\"elementor-element elementor-element-13c0054 elementor-view-default elementor-vertical-align-top elementor-widget elementor-widget-icon-box\" data-id=\"13c0054\" data-element_type=\"widget\" data-widget_type=\"icon-box.default\">\n\t\t\t\t<div class=\"elementor-widget-container\">\n\t\t\t\t\t<div class=\"elementor-icon-box-wrapper\">\n\t\t\t\t\t\t<div class=\"elementor-icon-box-content\">\n\t\t\t\t<h3 class=\"elementor-icon-box-title\">\n\t\t\t\t\t<a href=\"https:\/\/carloscaballerosa.com\/en\/experiencia\/rubros\/industria-minera\/\" >\n\t\t\t\t\t\tIndustria Minera\t\t\t\t\t<\/a>\n\t\t\t\t<\/h3>\n\t\t\t\t\t\t\t\t\t<p class=\"elementor-icon-box-description\">\n\t\t\t\t\t\tLa ejecuci\u00f3n llave en mano de diferentes tipos de instalaciones para el sector Minero.\t\t\t\t\t<\/p>\n\t\t\t\t\t\t\t<\/div>\n\t\t<\/div>\n\t\t\t\t<\/div>\n\t\t\t\t<\/div>\n\t\t\t\t\t<\/div>\n\t\t<\/div>\n\t\t\t\t\t\t\t<\/div>\n\t\t<\/section>\n\t\t\t\t<section class=\"elementor-section elementor-top-section elementor-element elementor-element-bf0bbdc elementor-section-boxed elementor-section-height-default elementor-section-height-default\" data-id=\"bf0bbdc\" data-element_type=\"section\">\n\t\t\t\t\t\t<div class=\"elementor-container elementor-column-gap-default\">\n\t\t\t\t\t<div class=\"elementor-column elementor-col-25 elementor-top-column elementor-element elementor-element-14db4ce\" data-id=\"14db4ce\" data-element_type=\"column\">\n\t\t\t<div class=\"elementor-widget-wrap elementor-element-populated\">\n\t\t\t\t\t\t\t\t<div class=\"elementor-element elementor-element-d9ab4ca elementor-view-default elementor-vertical-align-top elementor-widget elementor-widget-icon-box\" data-id=\"d9ab4ca\" data-element_type=\"widget\" data-widget_type=\"icon-box.default\">\n\t\t\t\t<div class=\"elementor-widget-container\">\n\t\t\t\t\t<div class=\"elementor-icon-box-wrapper\">\n\t\t\t\t\t\t<div class=\"elementor-icon-box-content\">\n\t\t\t\t<h3 class=\"elementor-icon-box-title\">\n\t\t\t\t\t<a href=\"https:\/\/carloscaballerosa.com\/en\/experiencia\/rubros\/industria-aceitera\/\" >\n\t\t\t\t\t\tIndustria Aceitera\t\t\t\t\t<\/a>\n\t\t\t\t<\/h3>\n\t\t\t\t\t\t\t\t\t<p class=\"elementor-icon-box-description\">\n\t\t\t\t\t\tLa ejecuci\u00f3n llave en mano de diferentes tipos de instalaciones para el sector Aceitero.\t\t\t\t\t<\/p>\n\t\t\t\t\t\t\t<\/div>\n\t\t<\/div>\n\t\t\t\t<\/div>\n\t\t\t\t<\/div>\n\t\t\t\t\t<\/div>\n\t\t<\/div>\n\t\t\t\t<div class=\"elementor-column elementor-col-25 elementor-top-column elementor-element elementor-element-1cf5c9a\" data-id=\"1cf5c9a\" data-element_type=\"column\">\n\t\t\t<div class=\"elementor-widget-wrap elementor-element-populated\">\n\t\t\t\t\t\t\t\t<div class=\"elementor-element elementor-element-4da6811 elementor-widget elementor-widget-image\" data-id=\"4da6811\" data-element_type=\"widget\" data-widget_type=\"image.default\">\n\t\t\t\t<div class=\"elementor-widget-container\">\n\t\t\t\t\t\t\t\t\t\t\t\t\t\t\t<img loading=\"lazy\" decoding=\"async\" width=\"250\" height=\"250\" src=\"https:\/\/carloscaballerosa.com\/wp-content\/uploads\/2021\/11\/rbaceitera.jpg\" class=\"attachment-large size-large\" alt=\"\" srcset=\"https:\/\/carloscaballerosa.com\/wp-content\/uploads\/2021\/11\/rbaceitera.jpg 250w, https:\/\/carloscaballerosa.com\/wp-content\/uploads\/2021\/11\/rbaceitera-150x150.jpg 150w, https:\/\/carloscaballerosa.com\/wp-content\/uploads\/2021\/11\/rbaceitera-120x120.jpg 120w, https:\/\/carloscaballerosa.com\/wp-content\/uploads\/2021\/11\/rbaceitera-100x100.jpg 100w\" sizes=\"auto, (max-width: 250px) 100vw, 250px\" \/>\t\t\t\t\t\t\t\t\t\t\t\t\t\t\t<\/div>\n\t\t\t\t<\/div>\n\t\t\t\t\t<\/div>\n\t\t<\/div>\n\t\t\t\t<div class=\"elementor-column elementor-col-25 elementor-top-column elementor-element elementor-element-aa873bf\" data-id=\"aa873bf\" data-element_type=\"column\">\n\t\t\t<div class=\"elementor-widget-wrap elementor-element-populated\">\n\t\t\t\t\t\t\t\t<div class=\"elementor-element elementor-element-d6f6446 elementor-view-default elementor-vertical-align-top elementor-widget elementor-widget-icon-box\" data-id=\"d6f6446\" data-element_type=\"widget\" data-widget_type=\"icon-box.default\">\n\t\t\t\t<div class=\"elementor-widget-container\">\n\t\t\t\t\t<div class=\"elementor-icon-box-wrapper\">\n\t\t\t\t\t\t<div class=\"elementor-icon-box-content\">\n\t\t\t\t<h3 class=\"elementor-icon-box-title\">\n\t\t\t\t\t<a href=\"https:\/\/carloscaballerosa.com\/en\/experiencia\/rubros\/industria-sucroalcoholera\/\" >\n\t\t\t\t\t\tIndustria Sucroalcoholera\t\t\t\t\t<\/a>\n\t\t\t\t<\/h3>\n\t\t\t\t\t\t\t\t\t<p class=\"elementor-icon-box-description\">\n\t\t\t\t\t\tLa ejecuci\u00f3n llave en mano de diferentes tipos de instalaciones para el sector Sucroalcoholero.\t\t\t\t\t<\/p>\n\t\t\t\t\t\t\t<\/div>\n\t\t<\/div>\n\t\t\t\t<\/div>\n\t\t\t\t<\/div>\n\t\t\t\t\t<\/div>\n\t\t<\/div>\n\t\t\t\t<div class=\"elementor-column elementor-col-25 elementor-top-column elementor-element elementor-element-b584b99\" data-id=\"b584b99\" data-element_type=\"column\">\n\t\t\t<div class=\"elementor-widget-wrap elementor-element-populated\">\n\t\t\t\t\t\t\t\t<div class=\"elementor-element elementor-element-dab2f77 elementor-widget elementor-widget-image\" data-id=\"dab2f77\" data-element_type=\"widget\" data-widget_type=\"image.default\">\n\t\t\t\t<div class=\"elementor-widget-container\">\n\t\t\t\t\t\t\t\t\t\t\t\t\t\t\t<img loading=\"lazy\" decoding=\"async\" width=\"250\" height=\"250\" src=\"https:\/\/carloscaballerosa.com\/wp-content\/uploads\/2021\/11\/rbsucroalcholera.jpg\" class=\"attachment-large size-large\" alt=\"\" srcset=\"https:\/\/carloscaballerosa.com\/wp-content\/uploads\/2021\/11\/rbsucroalcholera.jpg 250w, https:\/\/carloscaballerosa.com\/wp-content\/uploads\/2021\/11\/rbsucroalcholera-150x150.jpg 150w, https:\/\/carloscaballerosa.com\/wp-content\/uploads\/2021\/11\/rbsucroalcholera-120x120.jpg 120w, https:\/\/carloscaballerosa.com\/wp-content\/uploads\/2021\/11\/rbsucroalcholera-100x100.jpg 100w\" sizes=\"auto, (max-width: 250px) 100vw, 250px\" \/>\t\t\t\t\t\t\t\t\t\t\t\t\t\t\t<\/div>\n\t\t\t\t<\/div>\n\t\t\t\t\t<\/div>\n\t\t<\/div>\n\t\t\t\t\t\t\t<\/div>\n\t\t<\/section>\n\t\t\t\t\t\t<\/div>\n\t\t\t\t\t<\/div>","protected":false},"excerpt":{"rendered":"<p>experiencia Rubros Industria Petrolera La ejecuci\u00f3n llave en mano de diferentes tipos de instalaciones para el sector Petrolero Industria cementera La ejecuci\u00f3n llave en mano de diferentes tipos de instalaciones para el sector cementero. Industria Energ\u00e9tica La ejecuci\u00f3n llave en mano de diferentes tipos de instalaciones para el sector Energ\u00e9tico. Rubro Ferroviaria La ejecuci\u00f3n llave [&hellip;]<\/p>","protected":false},"author":1,"featured_media":0,"parent":333,"menu_order":0,"comment_status":"closed","ping_status":"closed","template":"","meta":{"_acf_changed":false,"_monsterinsights_skip_tracking":false,"_monsterinsights_sitenote_active":false,"_monsterinsights_sitenote_note":"","_monsterinsights_sitenote_category":0,"footnotes":""},"class_list":["post-3818","page","type-page","status-publish","hentry"],"acf":[],"aioseo_notices":[],"_links":{"self":[{"href":"https:\/\/carloscaballerosa.com\/en\/wp-json\/wp\/v2\/pages\/3818","targetHints":{"allow":["GET"]}}],"collection":[{"href":"https:\/\/carloscaballerosa.com\/en\/wp-json\/wp\/v2\/pages"}],"about":[{"href":"https:\/\/carloscaballerosa.com\/en\/wp-json\/wp\/v2\/types\/page"}],"author":[{"embeddable":true,"href":"https:\/\/carloscaballerosa.com\/en\/wp-json\/wp\/v2\/users\/1"}],"replies":[{"embeddable":true,"href":"https:\/\/carloscaballerosa.com\/en\/wp-json\/wp\/v2\/comments?post=3818"}],"version-history":[{"count":17,"href":"https:\/\/carloscaballerosa.com\/en\/wp-json\/wp\/v2\/pages\/3818\/revisions"}],"predecessor-version":[{"id":5630,"href":"https:\/\/carloscaballerosa.com\/en\/wp-json\/wp\/v2\/pages\/3818\/revisions\/5630"}],"up":[{"embeddable":true,"href":"https:\/\/carloscaballerosa.com\/en\/wp-json\/wp\/v2\/pages\/333"}],"wp:attachment":[{"href":"https:\/\/carloscaballerosa.com\/en\/wp-json\/wp\/v2\/media?parent=3818"}],"curies":[{"name":"wp","href":"https:\/\/api.w.org\/{rel}","templated":true}]}}