{"id":3433,"date":"2021-10-27T12:35:07","date_gmt":"2021-10-27T12:35:07","guid":{"rendered":"https:\/\/carloscaballerosa.com\/?page_id=3433"},"modified":"2022-02-25T15:15:16","modified_gmt":"2022-02-25T15:15:16","slug":"quienes-somos","status":"publish","type":"page","link":"https:\/\/carloscaballerosa.com\/en\/nosotros\/quienes-somos\/","title":{"rendered":"Qui\u00e9nes Somos"},"content":{"rendered":"<div data-elementor-type=\"wp-page\" data-elementor-id=\"3433\" class=\"elementor elementor-3433\" data-elementor-settings=\"[]\">\n\t\t\t\t\t\t\t<div class=\"elementor-section-wrap\">\n\t\t\t\t\t\t\t<section class=\"elementor-section elementor-top-section elementor-element elementor-element-1b4b90d elementor-section-boxed elementor-section-height-default elementor-section-height-default\" data-id=\"1b4b90d\" data-element_type=\"section\">\n\t\t\t\t\t\t<div class=\"elementor-container elementor-column-gap-default\">\n\t\t\t\t\t<div class=\"elementor-column elementor-col-100 elementor-top-column elementor-element elementor-element-8ac89e8\" data-id=\"8ac89e8\" data-element_type=\"column\">\n\t\t\t<div class=\"elementor-widget-wrap\">\n\t\t\t\t\t\t\t\t\t<\/div>\n\t\t<\/div>\n\t\t\t\t\t\t\t<\/div>\n\t\t<\/section>\n\t\t\t\t<div class=\"elementor-section elementor-top-section elementor-element elementor-element-2bb38a5 elementor-section-stretched elementor-section-boxed elementor-section-height-default elementor-section-height-default\" data-id=\"2bb38a5\" data-element_type=\"section\" data-settings=\"{&quot;stretch_section&quot;:&quot;section-stretched&quot;,&quot;background_background&quot;:&quot;classic&quot;}\">\n\t\t\t\t\t\t\t<div class=\"elementor-background-overlay\"><\/div>\n\t\t\t\t\t\t\t<div class=\"elementor-container elementor-column-gap-default\">\n\t\t\t\t\t<div class=\"elementor-column elementor-col-100 elementor-top-column elementor-element elementor-element-6b1206a\" data-id=\"6b1206a\" data-element_type=\"column\">\n\t\t\t<div class=\"elementor-widget-wrap elementor-element-populated\">\n\t\t\t\t\t\t\t\t<div class=\"elementor-section elementor-inner-section elementor-element elementor-element-38f7a29 elementor-section-boxed elementor-section-height-default elementor-section-height-default\" data-id=\"38f7a29\" data-element_type=\"section\">\n\t\t\t\t\t\t<div class=\"elementor-container elementor-column-gap-default\">\n\t\t\t\t\t<div class=\"elementor-column elementor-col-50 elementor-inner-column elementor-element elementor-element-47c9ca6\" data-id=\"47c9ca6\" data-element_type=\"column\">\n\t\t\t<div class=\"elementor-widget-wrap elementor-element-populated\">\n\t\t\t\t\t\t\t\t<div class=\"elementor-element elementor-element-dee5652 elementor-widget elementor-widget-image\" data-id=\"dee5652\" data-element_type=\"widget\" data-widget_type=\"image.default\">\n\t\t\t\t<div class=\"elementor-widget-container\">\n\t\t\t\t\t\t\t\t\t\t\t\t\t\t\t<img loading=\"lazy\" decoding=\"async\" width=\"400\" height=\"400\" src=\"https:\/\/carloscaballerosa.com\/wp-content\/uploads\/2021\/11\/qs-001-400x400-1.jpg\" class=\"attachment-large size-large\" alt=\"\" srcset=\"https:\/\/carloscaballerosa.com\/wp-content\/uploads\/2021\/11\/qs-001-400x400-1.jpg 400w, https:\/\/carloscaballerosa.com\/wp-content\/uploads\/2021\/11\/qs-001-400x400-1-300x300.jpg 300w, https:\/\/carloscaballerosa.com\/wp-content\/uploads\/2021\/11\/qs-001-400x400-1-150x150.jpg 150w, https:\/\/carloscaballerosa.com\/wp-content\/uploads\/2021\/11\/qs-001-400x400-1-120x120.jpg 120w, https:\/\/carloscaballerosa.com\/wp-content\/uploads\/2021\/11\/qs-001-400x400-1-100x100.jpg 100w\" sizes=\"auto, (max-width: 400px) 100vw, 400px\" \/>\t\t\t\t\t\t\t\t\t\t\t\t\t\t\t<\/div>\n\t\t\t\t<\/div>\n\t\t\t\t\t<\/div>\n\t\t<\/div>\n\t\t\t\t<div class=\"elementor-column elementor-col-50 elementor-inner-column elementor-element elementor-element-4bc4be4\" data-id=\"4bc4be4\" data-element_type=\"column\">\n\t\t\t<div class=\"elementor-widget-wrap elementor-element-populated\">\n\t\t\t\t\t\t\t\t<div class=\"elementor-element elementor-element-1801125 elementor-widget elementor-widget-section_title\" data-id=\"1801125\" data-element_type=\"widget\" data-widget_type=\"section_title.default\">\n\t\t\t\t<div class=\"elementor-widget-container\">\n\t\t\t\r\n\r\n\r\n<div class=\"pt-section-title-box\">   \r\n   \t\t<span class=\"pt-section-sub-title\">Qui\u00e9nes Somos<\/span>     \t<h5 class=\"pt-section-title\">INDUSTRIA METAL\u00daRGICA CARLOS CABALLERO S.A. <\/h5>     \t<p class=\"pt-section-description\"><p>Es una empresa metal\u00fargica especializada en fabricaci\u00f3n de equipos e infraestructura; provisi\u00f3n de servicios de construcci\u00f3n y montaje, y la ejecuci\u00f3n de proyectos llave en mano para los sectores petrolero, energ\u00e9tico, minero, ferroviario e industrial.<br \/><br \/>Forma parte de Caballero Grupo Corporativo y con 23 a\u00f1os de experiencia es la empresa l\u00edder en Bolivia brindando soluciones integrales en acero.<\/p>   \r\n<\/div>\t\t<\/div>\n\t\t\t\t<\/div>\n\t\t\t\t\t<\/div>\n\t\t<\/div>\n\t\t\t\t\t\t\t<\/div>\n\t\t<\/div>\n\t\t\t\t\t<\/div>\n\t\t<\/div>\n\t\t\t\t\t\t\t<\/div>\n\t\t<\/div>\n\t\t\t\t<section class=\"elementor-section elementor-top-section elementor-element elementor-element-156267e elementor-section-boxed elementor-section-height-default elementor-section-height-default\" data-id=\"156267e\" data-element_type=\"section\">\n\t\t\t\t\t\t<div class=\"elementor-container elementor-column-gap-default\">\n\t\t\t\t\t<div class=\"elementor-column elementor-col-100 elementor-top-column elementor-element elementor-element-fb36450\" data-id=\"fb36450\" data-element_type=\"column\">\n\t\t\t<div class=\"elementor-widget-wrap elementor-element-populated\">\n\t\t\t\t\t\t\t\t<div class=\"elementor-section elementor-inner-section elementor-element elementor-element-69b7b12 elementor-section-boxed elementor-section-height-default elementor-section-height-default\" data-id=\"69b7b12\" data-element_type=\"section\">\n\t\t\t\t\t\t<div class=\"elementor-container elementor-column-gap-default\">\n\t\t\t\t\t<div class=\"elementor-column elementor-col-50 elementor-inner-column elementor-element elementor-element-fccf3b9\" data-id=\"fccf3b9\" data-element_type=\"column\">\n\t\t\t<div class=\"elementor-widget-wrap elementor-element-populated\">\n\t\t\t\t\t\t\t\t<div class=\"elementor-element elementor-element-ca6a97e elementor-widget elementor-widget-section_title\" data-id=\"ca6a97e\" data-element_type=\"widget\" data-widget_type=\"section_title.default\">\n\t\t\t\t<div class=\"elementor-widget-container\">\n\t\t\t\r\n\r\n\r\n<div class=\"pt-section-title-box\">   \r\n   \t\t     \t<h5 class=\"pt-section-title\">CABALLERO GRUPO CORPORATIVO<\/h5>     \t<p class=\"pt-section-description\">   \r\n<\/div>\t\t<\/div>\n\t\t\t\t<\/div>\n\t\t\t\t\t<\/div>\n\t\t<\/div>\n\t\t\t\t<div class=\"elementor-column elementor-col-50 elementor-inner-column elementor-element elementor-element-0df9058\" data-id=\"0df9058\" data-element_type=\"column\">\n\t\t\t<div class=\"elementor-widget-wrap elementor-element-populated\">\n\t\t\t\t\t\t\t\t<div class=\"elementor-element elementor-element-3547914 elementor-widget elementor-widget-image\" data-id=\"3547914\" data-element_type=\"widget\" data-widget_type=\"image.default\">\n\t\t\t\t<div class=\"elementor-widget-container\">\n\t\t\t\t\t\t\t\t\t\t\t\t\t\t\t<img loading=\"lazy\" decoding=\"async\" width=\"400\" height=\"400\" src=\"https:\/\/carloscaballerosa.com\/wp-content\/uploads\/2021\/11\/qs-001-400x400-1.jpg\" class=\"attachment-large size-large\" alt=\"\" srcset=\"https:\/\/carloscaballerosa.com\/wp-content\/uploads\/2021\/11\/qs-001-400x400-1.jpg 400w, https:\/\/carloscaballerosa.com\/wp-content\/uploads\/2021\/11\/qs-001-400x400-1-300x300.jpg 300w, https:\/\/carloscaballerosa.com\/wp-content\/uploads\/2021\/11\/qs-001-400x400-1-150x150.jpg 150w, https:\/\/carloscaballerosa.com\/wp-content\/uploads\/2021\/11\/qs-001-400x400-1-120x120.jpg 120w, https:\/\/carloscaballerosa.com\/wp-content\/uploads\/2021\/11\/qs-001-400x400-1-100x100.jpg 100w\" sizes=\"auto, (max-width: 400px) 100vw, 400px\" \/>\t\t\t\t\t\t\t\t\t\t\t\t\t\t\t<\/div>\n\t\t\t\t<\/div>\n\t\t\t\t\t<\/div>\n\t\t<\/div>\n\t\t\t\t\t\t\t<\/div>\n\t\t<\/div>\n\t\t\t\t\t<\/div>\n\t\t<\/div>\n\t\t\t\t\t\t\t<\/div>\n\t\t<\/section>\n\t\t\t\t\t\t<\/div>\n\t\t\t\t\t<\/div>","protected":false},"excerpt":{"rendered":"<p>Qui\u00e9nes Somos INDUSTRIA METAL\u00daRGICA CARLOS CABALLERO S.A. Es una empresa metal\u00fargica especializada en fabricaci\u00f3n de equipos e infraestructura; provisi\u00f3n de servicios de construcci\u00f3n y montaje, y la ejecuci\u00f3n de proyectos llave en mano para los sectores petrolero, energ\u00e9tico, minero, ferroviario e industrial.Forma parte de Caballero Grupo Corporativo y con 23 a\u00f1os de experiencia es la [&hellip;]<\/p>","protected":false},"author":1,"featured_media":0,"parent":3436,"menu_order":0,"comment_status":"closed","ping_status":"closed","template":"","meta":{"_acf_changed":false,"_monsterinsights_skip_tracking":false,"_monsterinsights_sitenote_active":false,"_monsterinsights_sitenote_note":"","_monsterinsights_sitenote_category":0,"footnotes":""},"class_list":["post-3433","page","type-page","status-publish","hentry"],"acf":[],"aioseo_notices":[],"_links":{"self":[{"href":"https:\/\/carloscaballerosa.com\/en\/wp-json\/wp\/v2\/pages\/3433","targetHints":{"allow":["GET"]}}],"collection":[{"href":"https:\/\/carloscaballerosa.com\/en\/wp-json\/wp\/v2\/pages"}],"about":[{"href":"https:\/\/carloscaballerosa.com\/en\/wp-json\/wp\/v2\/types\/page"}],"author":[{"embeddable":true,"href":"https:\/\/carloscaballerosa.com\/en\/wp-json\/wp\/v2\/users\/1"}],"replies":[{"embeddable":true,"href":"https:\/\/carloscaballerosa.com\/en\/wp-json\/wp\/v2\/comments?post=3433"}],"version-history":[{"count":25,"href":"https:\/\/carloscaballerosa.com\/en\/wp-json\/wp\/v2\/pages\/3433\/revisions"}],"predecessor-version":[{"id":5554,"href":"https:\/\/carloscaballerosa.com\/en\/wp-json\/wp\/v2\/pages\/3433\/revisions\/5554"}],"up":[{"embeddable":true,"href":"https:\/\/carloscaballerosa.com\/en\/wp-json\/wp\/v2\/pages\/3436"}],"wp:attachment":[{"href":"https:\/\/carloscaballerosa.com\/en\/wp-json\/wp\/v2\/media?parent=3433"}],"curies":[{"name":"wp","href":"https:\/\/api.w.org\/{rel}","templated":true}]}}