{"id":3431,"date":"2021-10-27T12:33:20","date_gmt":"2021-10-27T12:33:20","guid":{"rendered":"https:\/\/carloscaballerosa.com\/?page_id=3431"},"modified":"2022-04-17T13:16:07","modified_gmt":"2022-04-17T13:16:07","slug":"historia","status":"publish","type":"page","link":"https:\/\/carloscaballerosa.com\/en\/nosotros\/historia\/","title":{"rendered":"Historia"},"content":{"rendered":"<div data-elementor-type=\"wp-page\" data-elementor-id=\"3431\" class=\"elementor elementor-3431\" data-elementor-settings=\"[]\">\n\t\t\t\t\t\t\t<div class=\"elementor-section-wrap\">\n\t\t\t\t\t\t\t<div class=\"elementor-section elementor-top-section elementor-element elementor-element-2bb38a5 elementor-section-stretched elementor-section-boxed elementor-section-height-default elementor-section-height-default\" data-id=\"2bb38a5\" data-element_type=\"section\" data-settings=\"{&quot;stretch_section&quot;:&quot;section-stretched&quot;,&quot;background_background&quot;:&quot;classic&quot;}\">\n\t\t\t\t\t\t\t<div class=\"elementor-background-overlay\"><\/div>\n\t\t\t\t\t\t\t<div class=\"elementor-container elementor-column-gap-default\">\n\t\t\t\t\t<div class=\"elementor-column elementor-col-100 elementor-top-column elementor-element elementor-element-6b1206a\" data-id=\"6b1206a\" data-element_type=\"column\">\n\t\t\t<div class=\"elementor-widget-wrap elementor-element-populated\">\n\t\t\t\t\t\t\t\t<div class=\"elementor-section elementor-inner-section elementor-element elementor-element-38f7a29 elementor-section-boxed elementor-section-height-default elementor-section-height-default\" data-id=\"38f7a29\" data-element_type=\"section\">\n\t\t\t\t\t\t<div class=\"elementor-container elementor-column-gap-default\">\n\t\t\t\t\t<div class=\"elementor-column elementor-col-50 elementor-inner-column elementor-element elementor-element-47c9ca6\" data-id=\"47c9ca6\" data-element_type=\"column\">\n\t\t\t<div class=\"elementor-widget-wrap elementor-element-populated\">\n\t\t\t\t\t\t\t\t<div class=\"elementor-element elementor-element-fd1d07e elementor-widget elementor-widget-image\" data-id=\"fd1d07e\" data-element_type=\"widget\" data-widget_type=\"image.default\">\n\t\t\t\t<div class=\"elementor-widget-container\">\n\t\t\t\t\t\t\t\t\t\t\t\t\t\t\t<img loading=\"lazy\" decoding=\"async\" width=\"525\" height=\"576\" src=\"https:\/\/carloscaballerosa.com\/wp-content\/uploads\/2021\/11\/his_001-912x1001-1.jpg\" class=\"attachment-large size-large\" alt=\"\" srcset=\"https:\/\/carloscaballerosa.com\/wp-content\/uploads\/2021\/11\/his_001-912x1001-1.jpg 912w, https:\/\/carloscaballerosa.com\/wp-content\/uploads\/2021\/11\/his_001-912x1001-1-273x300.jpg 273w, https:\/\/carloscaballerosa.com\/wp-content\/uploads\/2021\/11\/his_001-912x1001-1-768x843.jpg 768w\" sizes=\"auto, (max-width: 525px) 100vw, 525px\" \/>\t\t\t\t\t\t\t\t\t\t\t\t\t\t\t<\/div>\n\t\t\t\t<\/div>\n\t\t\t\t\t<\/div>\n\t\t<\/div>\n\t\t\t\t<div class=\"elementor-column elementor-col-50 elementor-inner-column elementor-element elementor-element-4bc4be4\" data-id=\"4bc4be4\" data-element_type=\"column\">\n\t\t\t<div class=\"elementor-widget-wrap elementor-element-populated\">\n\t\t\t\t\t\t\t\t<div class=\"elementor-element elementor-element-1801125 elementor-widget elementor-widget-section_title\" data-id=\"1801125\" data-element_type=\"widget\" data-widget_type=\"section_title.default\">\n\t\t\t\t<div class=\"elementor-widget-container\">\n\t\t\t\r\n\r\n\r\n<div class=\"pt-section-title-box\">   \r\n   \t\t<span class=\"pt-section-sub-title\">Nosotros<\/span>     \t<h5 class=\"pt-section-title\">HISTORIA<\/h5>     \t<p class=\"pt-section-description\"><p>Por el a\u00f1o 1,937 en Tucum\u00e1n \u2013 Argentina, Don Torcuato Caballero inicia a su familia y descendientes en una tradici\u00f3n que se mantiene hasta hoy: el forjar acero.<br \/>Reparando y construyendo equipos para la industria azucarera y con la ayuda de sus hijos Carlos y Jos\u00e9, logra crear una empresa metal\u00fargica en Tucum\u00e1n. En su visi\u00f3n de futuro, Carlos Caballero, expande los l\u00edmites de ventas llegando a Santa Cruz de la Sierra \u2013 Bolivia, donde luego de a\u00f1os de realizar proyectos importantes para la industria nacional de manera intermitente, en 1990, decide radicarse definitivamente junto a toda su familia, adoptando a Bolivia como su segundo hogar.<\/p>   \r\n<\/div>\t\t<\/div>\n\t\t\t\t<\/div>\n\t\t\t\t\t<\/div>\n\t\t<\/div>\n\t\t\t\t\t\t\t<\/div>\n\t\t<\/div>\n\t\t\t\t<div class=\"elementor-section elementor-inner-section elementor-element elementor-element-8ae97a6 elementor-section-boxed elementor-section-height-default elementor-section-height-default\" data-id=\"8ae97a6\" data-element_type=\"section\">\n\t\t\t\t\t\t<div class=\"elementor-container elementor-column-gap-default\">\n\t\t\t\t\t<div class=\"elementor-column elementor-col-50 elementor-inner-column elementor-element elementor-element-a78bb67\" data-id=\"a78bb67\" data-element_type=\"column\">\n\t\t\t<div class=\"elementor-widget-wrap elementor-element-populated\">\n\t\t\t\t\t\t\t\t<div class=\"elementor-element elementor-element-5101f62 elementor-widget elementor-widget-section_title\" data-id=\"5101f62\" data-element_type=\"widget\" data-widget_type=\"section_title.default\">\n\t\t\t\t<div class=\"elementor-widget-container\">\n\t\t\t\r\n\r\n\r\n<div class=\"pt-section-title-box\">   \r\n   \t\t<span class=\"pt-section-sub-title\"><\/span>     \t<h5 class=\"pt-section-title\"><\/h5>     \t<p class=\"pt-section-description\"><p>Luego de 9 a\u00f1os de trabajo junto a socios locales, el 1.999 marca el nacimiento de Carlos Caballero SA, empresa que encara merced a su experiencia y confianza en el pa\u00eds y su gente.<br \/><br \/><br \/><b>La industria creada por Don Carlos Caballero, teji\u00f3 su propio modelo de desarrollo, en sinton\u00eda con el crecimiento de la regi\u00f3n y la demanda del mercado; de un inicio con la construcci\u00f3n de chatas para el sector agr\u00edcola, pas\u00f3 a la producci\u00f3n de equipos y partes para la industria y el sector petrolero.<\/b><br \/><br \/><br \/><\/p><p>Hoy a 23 a\u00f1os de su creaci\u00f3n \u2013 gracias a una aleaci\u00f3n de experiencia, tecnolog\u00eda y el mejor equipo de trabajo \u2013 materializa los proyectos m\u00e1s osados en los rubros productivos industriales, brindando soluciones integrales en ingenier\u00eda, fabricaci\u00f3n y montaje en acero a trav\u00e9s de dos unidades de negocios: Carlos Caballero \u2013 Industria Metal\u00fargica y Carlos Caballero \u2013 Obras y Montaje.<\/p>   \r\n<\/div>\t\t<\/div>\n\t\t\t\t<\/div>\n\t\t\t\t\t<\/div>\n\t\t<\/div>\n\t\t\t\t<div class=\"elementor-column elementor-col-50 elementor-inner-column elementor-element elementor-element-0d9fc5c\" data-id=\"0d9fc5c\" data-element_type=\"column\">\n\t\t\t<div class=\"elementor-widget-wrap elementor-element-populated\">\n\t\t\t\t\t\t\t\t<div class=\"elementor-element elementor-element-ebeeb12 elementor-widget elementor-widget-image\" data-id=\"ebeeb12\" data-element_type=\"widget\" data-widget_type=\"image.default\">\n\t\t\t\t<div class=\"elementor-widget-container\">\n\t\t\t\t\t\t\t\t\t\t\t\t\t\t\t<img loading=\"lazy\" decoding=\"async\" width=\"525\" height=\"576\" src=\"https:\/\/carloscaballerosa.com\/wp-content\/uploads\/2021\/11\/his_002-912x1001-1.jpg\" class=\"attachment-large size-large\" alt=\"\" srcset=\"https:\/\/carloscaballerosa.com\/wp-content\/uploads\/2021\/11\/his_002-912x1001-1.jpg 912w, https:\/\/carloscaballerosa.com\/wp-content\/uploads\/2021\/11\/his_002-912x1001-1-273x300.jpg 273w, https:\/\/carloscaballerosa.com\/wp-content\/uploads\/2021\/11\/his_002-912x1001-1-768x843.jpg 768w\" sizes=\"auto, (max-width: 525px) 100vw, 525px\" \/>\t\t\t\t\t\t\t\t\t\t\t\t\t\t\t<\/div>\n\t\t\t\t<\/div>\n\t\t\t\t\t<\/div>\n\t\t<\/div>\n\t\t\t\t\t\t\t<\/div>\n\t\t<\/div>\n\t\t\t\t<div class=\"elementor-section elementor-inner-section elementor-element elementor-element-39cbc8c elementor-section-boxed elementor-section-height-default elementor-section-height-default\" data-id=\"39cbc8c\" data-element_type=\"section\">\n\t\t\t\t\t\t<div class=\"elementor-container elementor-column-gap-default\">\n\t\t\t\t\t<div class=\"elementor-column elementor-col-100 elementor-inner-column elementor-element elementor-element-448bf8c\" data-id=\"448bf8c\" data-element_type=\"column\">\n\t\t\t<div class=\"elementor-widget-wrap elementor-element-populated\">\n\t\t\t\t\t\t\t\t<div class=\"elementor-element elementor-element-7777341 elementor-widget elementor-widget-section_title\" data-id=\"7777341\" data-element_type=\"widget\" data-widget_type=\"section_title.default\">\n\t\t\t\t<div class=\"elementor-widget-container\">\n\t\t\t\r\n\r\n\r\n<div class=\"pt-section-title-box\">   \r\n   \t\t<span class=\"pt-section-sub-title\"><\/span>     \t<h5 class=\"pt-section-title\"><\/h5>     \t<p class=\"pt-section-description\"><br>\n\u201cHace 23 a\u00f1os asumimos el reto de hacer empresa, aprendiendo y compartiendo lo aprendido con nuestra gente; creemos que ense\u00f1ar a trabajar bien y generar fuentes de empleo digno y estable son las claves para aportar al crecimiento de un pa\u00eds. Pensamos en grande, por eso hoy estamos presentes en los proyectos que est\u00e1n cambiando la historia de Bolivia y que, en muchos casos, es la primera vez que son encarados por una empresa boliviana\u201d, afirma Carlos Diego Caballero, hijo del fundador y actual gerente general de la compa\u00f1\u00eda.\n\n   \r\n<\/div>\t\t<\/div>\n\t\t\t\t<\/div>\n\t\t\t\t\t<\/div>\n\t\t<\/div>\n\t\t\t\t\t\t\t<\/div>\n\t\t<\/div>\n\t\t\t\t\t<\/div>\n\t\t<\/div>\n\t\t\t\t\t\t\t<\/div>\n\t\t<\/div>\n\t\t\t\t\t\t<\/div>\n\t\t\t\t\t<\/div>","protected":false},"excerpt":{"rendered":"<p>Nosotros HISTORIA Por el a\u00f1o 1,937 en Tucum\u00e1n \u2013 Argentina, Don Torcuato Caballero inicia a su familia y descendientes en una tradici\u00f3n que se mantiene hasta hoy: el forjar acero.Reparando y construyendo equipos para la industria azucarera y con la ayuda de sus hijos Carlos y Jos\u00e9, logra crear una empresa metal\u00fargica en Tucum\u00e1n. En [&hellip;]<\/p>","protected":false},"author":1,"featured_media":0,"parent":3436,"menu_order":0,"comment_status":"closed","ping_status":"closed","template":"","meta":{"_acf_changed":false,"_monsterinsights_skip_tracking":false,"_monsterinsights_sitenote_active":false,"_monsterinsights_sitenote_note":"","_monsterinsights_sitenote_category":0,"footnotes":""},"class_list":["post-3431","page","type-page","status-publish","hentry"],"acf":[],"aioseo_notices":[],"_links":{"self":[{"href":"https:\/\/carloscaballerosa.com\/en\/wp-json\/wp\/v2\/pages\/3431","targetHints":{"allow":["GET"]}}],"collection":[{"href":"https:\/\/carloscaballerosa.com\/en\/wp-json\/wp\/v2\/pages"}],"about":[{"href":"https:\/\/carloscaballerosa.com\/en\/wp-json\/wp\/v2\/types\/page"}],"author":[{"embeddable":true,"href":"https:\/\/carloscaballerosa.com\/en\/wp-json\/wp\/v2\/users\/1"}],"replies":[{"embeddable":true,"href":"https:\/\/carloscaballerosa.com\/en\/wp-json\/wp\/v2\/comments?post=3431"}],"version-history":[{"count":43,"href":"https:\/\/carloscaballerosa.com\/en\/wp-json\/wp\/v2\/pages\/3431\/revisions"}],"predecessor-version":[{"id":5597,"href":"https:\/\/carloscaballerosa.com\/en\/wp-json\/wp\/v2\/pages\/3431\/revisions\/5597"}],"up":[{"embeddable":true,"href":"https:\/\/carloscaballerosa.com\/en\/wp-json\/wp\/v2\/pages\/3436"}],"wp:attachment":[{"href":"https:\/\/carloscaballerosa.com\/en\/wp-json\/wp\/v2\/media?parent=3431"}],"curies":[{"name":"wp","href":"https:\/\/api.w.org\/{rel}","templated":true}]}}