{"id":329,"date":"2020-09-07T10:51:38","date_gmt":"2020-09-07T10:51:38","guid":{"rendered":"http:\/\/industrie.peacefulqode.com\/?page_id=329"},"modified":"2022-04-17T13:16:57","modified_gmt":"2022-04-17T13:16:57","slug":"mision-vision-valores","status":"publish","type":"page","link":"https:\/\/carloscaballerosa.com\/en\/nosotros\/mision-vision-valores\/","title":{"rendered":"Misi\u00f3n, Visi\u00f3n, Valores"},"content":{"rendered":"<div data-elementor-type=\"wp-page\" data-elementor-id=\"329\" class=\"elementor elementor-329\" data-elementor-settings=\"[]\">\n\t\t\t\t\t\t\t<div class=\"elementor-section-wrap\">\n\t\t\t\t\t\t\t<div class=\"elementor-section elementor-top-section elementor-element elementor-element-2bb38a5 elementor-section-stretched elementor-section-boxed elementor-section-height-default elementor-section-height-default\" data-id=\"2bb38a5\" data-element_type=\"section\" data-settings=\"{&quot;stretch_section&quot;:&quot;section-stretched&quot;,&quot;background_background&quot;:&quot;classic&quot;}\">\n\t\t\t\t\t\t\t<div class=\"elementor-background-overlay\"><\/div>\n\t\t\t\t\t\t\t<div class=\"elementor-container elementor-column-gap-default\">\n\t\t\t\t\t<div class=\"elementor-column elementor-col-100 elementor-top-column elementor-element elementor-element-6b1206a\" data-id=\"6b1206a\" data-element_type=\"column\">\n\t\t\t<div class=\"elementor-widget-wrap elementor-element-populated\">\n\t\t\t\t\t\t\t\t<div class=\"elementor-section elementor-inner-section elementor-element elementor-element-38f7a29 elementor-section-boxed elementor-section-height-default elementor-section-height-default\" data-id=\"38f7a29\" data-element_type=\"section\">\n\t\t\t\t\t\t<div class=\"elementor-container elementor-column-gap-default\">\n\t\t\t\t\t<div class=\"elementor-column elementor-col-100 elementor-inner-column elementor-element elementor-element-4bc4be4\" data-id=\"4bc4be4\" data-element_type=\"column\">\n\t\t\t<div class=\"elementor-widget-wrap elementor-element-populated\">\n\t\t\t\t\t\t\t\t<div class=\"elementor-element elementor-element-1801125 elementor-widget elementor-widget-section_title\" data-id=\"1801125\" data-element_type=\"widget\" data-widget_type=\"section_title.default\">\n\t\t\t\t<div class=\"elementor-widget-container\">\n\t\t\t\r\n\r\n\r\n<div class=\"pt-section-title-box\">   \r\n   \t\t<span class=\"pt-section-sub-title\"><\/span>     \t<h5 class=\"pt-section-title\">MISI\u00d3N<\/h5>     \t<p class=\"pt-section-description\"><p><strong>Proveer soluciones integrales<\/strong> metal\u00fargicas en fabricaci\u00f3n, construcci\u00f3n y montaje, cumpliendo rigurosos est\u00e1ndares de calidad, seguridad, salud ocupacional y medio ambiente realizando nuestras actividades con eficiencia e innovaci\u00f3n en el marco de la \u00e9tica y respeto, aportando al desarrollo de nuestro entorno.<\/p>   \r\n<\/div>\t\t<\/div>\n\t\t\t\t<\/div>\n\t\t\t\t\t<\/div>\n\t\t<\/div>\n\t\t\t\t\t\t\t<\/div>\n\t\t<\/div>\n\t\t\t\t<div class=\"elementor-section elementor-inner-section elementor-element elementor-element-365921d elementor-section-boxed elementor-section-height-default elementor-section-height-default\" data-id=\"365921d\" data-element_type=\"section\">\n\t\t\t\t\t\t<div class=\"elementor-container elementor-column-gap-default\">\n\t\t\t\t\t<div class=\"elementor-column elementor-col-100 elementor-inner-column elementor-element elementor-element-e29f0a6\" data-id=\"e29f0a6\" data-element_type=\"column\">\n\t\t\t<div class=\"elementor-widget-wrap elementor-element-populated\">\n\t\t\t\t\t\t\t\t<div class=\"elementor-element elementor-element-1dfce79 elementor-widget elementor-widget-section_title\" data-id=\"1dfce79\" data-element_type=\"widget\" data-widget_type=\"section_title.default\">\n\t\t\t\t<div class=\"elementor-widget-container\">\n\t\t\t\r\n\r\n\r\n<div class=\"pt-section-title-box\">   \r\n   \t\t<span class=\"pt-section-sub-title\"><\/span>     \t<h5 class=\"pt-section-title\">VISI\u00d3N<\/h5>     \t<p class=\"pt-section-description\"><p><strong>Mantener el liderazgo<\/strong> como empresa metal\u00fargica modelo a trav\u00e9s de la innovaci\u00f3n, producci\u00f3n eficiente y sostenible, expandiendo nuestras actividades en el mercado regional.<\/p>   \r\n<\/div>\t\t<\/div>\n\t\t\t\t<\/div>\n\t\t\t\t\t<\/div>\n\t\t<\/div>\n\t\t\t\t\t\t\t<\/div>\n\t\t<\/div>\n\t\t\t\t\t<\/div>\n\t\t<\/div>\n\t\t\t\t\t\t\t<\/div>\n\t\t<\/div>\n\t\t\t\t\t\t<\/div>\n\t\t\t\t\t<\/div>","protected":false},"excerpt":{"rendered":"<p>MISI\u00d3N Proveer soluciones integrales metal\u00fargicas en fabricaci\u00f3n, construcci\u00f3n y montaje, cumpliendo rigurosos est\u00e1ndares de calidad, seguridad, salud ocupacional y medio ambiente realizando nuestras actividades con eficiencia e innovaci\u00f3n en el marco de la \u00e9tica y respeto, aportando al desarrollo de nuestro entorno. VISI\u00d3N Mantener el liderazgo como empresa metal\u00fargica modelo a trav\u00e9s de la innovaci\u00f3n, [&hellip;]<\/p>","protected":false},"author":1,"featured_media":0,"parent":3436,"menu_order":0,"comment_status":"closed","ping_status":"closed","template":"","meta":{"_acf_changed":false,"_monsterinsights_skip_tracking":false,"_monsterinsights_sitenote_active":false,"_monsterinsights_sitenote_note":"","_monsterinsights_sitenote_category":0,"footnotes":""},"class_list":["post-329","page","type-page","status-publish","hentry"],"acf":[],"aioseo_notices":[],"_links":{"self":[{"href":"https:\/\/carloscaballerosa.com\/en\/wp-json\/wp\/v2\/pages\/329","targetHints":{"allow":["GET"]}}],"collection":[{"href":"https:\/\/carloscaballerosa.com\/en\/wp-json\/wp\/v2\/pages"}],"about":[{"href":"https:\/\/carloscaballerosa.com\/en\/wp-json\/wp\/v2\/types\/page"}],"author":[{"embeddable":true,"href":"https:\/\/carloscaballerosa.com\/en\/wp-json\/wp\/v2\/users\/1"}],"replies":[{"embeddable":true,"href":"https:\/\/carloscaballerosa.com\/en\/wp-json\/wp\/v2\/comments?post=329"}],"version-history":[{"count":37,"href":"https:\/\/carloscaballerosa.com\/en\/wp-json\/wp\/v2\/pages\/329\/revisions"}],"predecessor-version":[{"id":5600,"href":"https:\/\/carloscaballerosa.com\/en\/wp-json\/wp\/v2\/pages\/329\/revisions\/5600"}],"up":[{"embeddable":true,"href":"https:\/\/carloscaballerosa.com\/en\/wp-json\/wp\/v2\/pages\/3436"}],"wp:attachment":[{"href":"https:\/\/carloscaballerosa.com\/en\/wp-json\/wp\/v2\/media?parent=329"}],"curies":[{"name":"wp","href":"https:\/\/api.w.org\/{rel}","templated":true}]}}