{"id":3004,"date":"2020-10-16T06:07:47","date_gmt":"2020-10-16T06:07:47","guid":{"rendered":"http:\/\/industrie.peacefulqode.com\/?page_id=3004"},"modified":"2022-04-17T14:15:20","modified_gmt":"2022-04-17T14:15:20","slug":"industria-metalurgica","status":"publish","type":"page","link":"https:\/\/carloscaballerosa.com\/en\/unidades-de-negocio\/industria-metalurgica\/","title":{"rendered":"Industria Metal\u00fargica"},"content":{"rendered":"<div data-elementor-type=\"wp-page\" data-elementor-id=\"3004\" class=\"elementor elementor-3004\" data-elementor-settings=\"[]\">\n\t\t\t\t\t\t\t<div class=\"elementor-section-wrap\">\n\t\t\t\t\t\t\t<div class=\"elementor-section elementor-inner-section elementor-element elementor-element-62cf29c6 elementor-section-boxed elementor-section-height-default elementor-section-height-default\" data-id=\"62cf29c6\" data-element_type=\"section\">\n\t\t\t\t\t\t<div class=\"elementor-container elementor-column-gap-default\">\n\t\t\t\t\t<div class=\"elementor-column elementor-col-100 elementor-inner-column elementor-element elementor-element-93ab036\" data-id=\"93ab036\" data-element_type=\"column\">\n\t\t\t<div class=\"elementor-widget-wrap elementor-element-populated\">\n\t\t\t\t\t\t\t\t<div class=\"elementor-element elementor-element-fcab56c elementor-widget elementor-widget-section_title\" data-id=\"fcab56c\" data-element_type=\"widget\" data-widget_type=\"section_title.default\">\n\t\t\t\t<div class=\"elementor-widget-container\">\n\t\t\t\r\n\r\n\r\n<div class=\"pt-section-title-box\">   \r\n   \t\t<span class=\"pt-section-sub-title\">unidades de negocio<\/span>     \t<h5 class=\"pt-section-title\">Fabricaci\u00f3n<\/h5>     \t<p class=\"pt-section-description\"><p>Unidad de negocios especializada en ingenier\u00eda, fabricaci\u00f3n y mantenimiento de equipos terminados y prefabricados para la industria petrolera, energ\u00e9tica, minera, cementera, sucroalcoholera, infraestructura, aceitera, l\u00e1cteos, etc.<\/p><p>Contamos con dos talleres de fabricaci\u00f3n de equipos e infraestructura en acero, con m\u00e1s de 45.000 m2 cubiertos y 100.000 m2 adicionales de \u00e1reas de procesos complementarios y administraci\u00f3n (almacenes, log\u00edstica, procesos de acabado, \u00e1reas de equipamiento para RRHH, laboratorio de ensayos no destructivos, talleres de mantenimiento, oficinas) equipados con tecnolog\u00eda de punta y certificados bajo 12 normas de calidad a sus productos y procesos.<\/p><p>La planta matriz, ubicada en Santa Cruz, tiene una capacidad instalada de procesamiento de acero de aprox. 1000 toneladas\/mes con equipamiento y tecnolog\u00eda de punta en fabricaci\u00f3n en acero.<\/p><p>Nuestro equipo humano de aproximadamente 300 integrantes, est\u00e1 compuesto por los mejores profesionales, t\u00e9cnicos y operadores, en permanente capacitaci\u00f3n y actualizaci\u00f3n certificadas, con amplia experiencia y compromiso con la calidad.<\/p>   \r\n<\/div>\t\t<\/div>\n\t\t\t\t<\/div>\n\t\t\t\t<div class=\"elementor-element elementor-element-38b11c7 elementor-widget elementor-widget-accordion\" data-id=\"38b11c7\" data-element_type=\"widget\" data-widget_type=\"accordion.default\">\n\t\t\t\t<div class=\"elementor-widget-container\">\n\t\t\t\t\t<div class=\"elementor-accordion\" role=\"tablist\">\n\t\t\t\t\t\t\t<div class=\"elementor-accordion-item\">\n\t\t\t\t\t<div id=\"elementor-tab-title-5941\" class=\"elementor-tab-title\" data-tab=\"1\" role=\"tab\" aria-controls=\"elementor-tab-content-5941\" aria-expanded=\"false\">\n\t\t\t\t\t\t\t\t\t\t\t\t\t<span class=\"elementor-accordion-icon elementor-accordion-icon-left\" aria-hidden=\"true\">\n\t\t\t\t\t\t\t\t\t\t\t\t\t\t\t<span class=\"elementor-accordion-icon-closed\"><i class=\"fas fa-angle-double-down\"><\/i><\/span>\n\t\t\t\t\t\t\t\t<span class=\"elementor-accordion-icon-opened\"><i class=\"fas fa-angle-double-up\"><\/i><\/span>\n\t\t\t\t\t\t\t\t\t\t\t\t\t\t<\/span>\n\t\t\t\t\t\t\t\t\t\t\t\t<a class=\"elementor-accordion-title\" href=\"\">Principales Procesos<\/a>\n\t\t\t\t\t<\/div>\n\t\t\t\t\t<div id=\"elementor-tab-content-5941\" class=\"elementor-tab-content elementor-clearfix\" data-tab=\"1\" role=\"tabpanel\" aria-labelledby=\"elementor-tab-title-5941\"><div class=\"wpb_wrapper\"><h4>Producci\u00f3n<\/h4><ul><li>Corte por Guillotina \/ Oxicorte \/ Plasma<\/li><li>Corte por Pant\u00f3grafo CNC Plasma \/ Oxicorte<\/li><li>Corte y perforado con brazo rob\u00f3tico \/ Plasma<\/li><li>Plegado<\/li><li>Cilindrado c\/pre-curvado hasta \u2260 100 mm \/ 4\u201d<\/li><li>Rebordeado de cabezales toriesf\u00e9ricos \/ semiesf\u00e9ricos \/ semiel\u00edpticos<\/li><li>Soldadura por Arco (SMAW) \/ MIG \/ MAG \/ TIG \/ Arco sumergido (SAW)<\/li><li>Punzonado mediante balancines<\/li><li>Prensado<\/li><li>Torneado<\/li><li>Fresado<\/li><li>Peddinghaus Machine\u2013 Procesos de trabajo en perfiles<\/li><li>Tratamiento t\u00e9rmico estacionario por horno<\/li><li>Tratamiento t\u00e9rmico resistivo e inductivo m\u00f3vil<\/li><li>Soldadura orbital para prefabricados de piping de \u00bd\u201d a 42\u201d y rieles para mayores di\u00e1metros.<\/li><li>Biseladoras hidr\u00e1ulicas\/el\u00e9ctricas<\/li><li>STT (Surface Tension Transfer)<\/li><li>GULCO<\/li><\/ul><h4>Procesos de Pintura y Recubrimientos<\/h4><ul><li>Pintado pulverizado con aire \/ Pulverizado sin aire 100% solido<\/li><li>Pintado electrost\u00e1tico en polvo<\/li><li>Galvanizado<\/li><li>Arenado \/ Granallado<\/li><li>Aplicado de P.U. expandido<\/li><\/ul><h4>Procesos de Calidad y Control<\/h4><ul><li>Inspecci\u00f3n visual, dimensional de soldadura, control de variables de soldadura<\/li><li>Inspector de soldadura nivel I y II (IRAM, AWS, FBTS)<\/li><li>Ensayos no destructivos END, RT (Gamma y Rayos X), UT, PT, AUT(Ultrasonido avanzado), Part\u00edculas Magn\u00e9ticas (MT), Medici\u00f3n de dureza (HT)<\/li><li>Medici\u00f3n de Condiciones Ambientales \/ Perfil de anclaje \/ Control de Pel\u00edcula Seca y H\u00fameda \/ Prueba de adherencia \/ Control de continuidad de pel\u00edcula \/ Prueba de MEC<\/li><li>Control de curado final de pel\u00edcula \/ Cloruro de sodio de abrasivos<\/li><li>Ensayo de impacto (Charpy) \/ Ensayo de plegado<\/li><li>PMI (Identificaci\u00f3n positiva de materiales)<\/li><li>Pruebas de presi\u00f3n<\/li><li>Inspecci\u00f3n de recipientes dentro y fuera de servicio seg\u00fan API 510 y NB 23<\/li><\/ul><\/div><\/div>\n\t\t\t\t<\/div>\n\t\t\t\t\t\t\t<div class=\"elementor-accordion-item\">\n\t\t\t\t\t<div id=\"elementor-tab-title-5942\" class=\"elementor-tab-title\" data-tab=\"2\" role=\"tab\" aria-controls=\"elementor-tab-content-5942\" aria-expanded=\"false\">\n\t\t\t\t\t\t\t\t\t\t\t\t\t<span class=\"elementor-accordion-icon elementor-accordion-icon-left\" aria-hidden=\"true\">\n\t\t\t\t\t\t\t\t\t\t\t\t\t\t\t<span class=\"elementor-accordion-icon-closed\"><i class=\"fas fa-angle-double-down\"><\/i><\/span>\n\t\t\t\t\t\t\t\t<span class=\"elementor-accordion-icon-opened\"><i class=\"fas fa-angle-double-up\"><\/i><\/span>\n\t\t\t\t\t\t\t\t\t\t\t\t\t\t<\/span>\n\t\t\t\t\t\t\t\t\t\t\t\t<a class=\"elementor-accordion-title\" href=\"\">Calidad<\/a>\n\t\t\t\t\t<\/div>\n\t\t\t\t\t<div id=\"elementor-tab-content-5942\" class=\"elementor-tab-content elementor-clearfix\" data-tab=\"2\" role=\"tabpanel\" aria-labelledby=\"elementor-tab-title-5942\"><div class=\"wpb_wrapper\">\n\t\t\t<p style=\"text-align: justify;\">Desarrollamos la fabricaci\u00f3n, construcci\u00f3n, montaje y actividades complementarias en planta y obra bajo est\u00e1ndares certificados de calidad, garantizando el cumplimiento estricto de los requerimientos de cada proyecto y buscando una respuesta competitiva y estandarizada a las expectativas de cada cliente.<\/p>\n<ul>\n<li><strong>API specification Q1-0817:<\/strong> for design, fabrication, erection of above ground storage tanks, pressure vessels.<\/li>\n<li><strong>ASME certificate of authorization and construction mark (stamp) U \u2013 Certificated number 36,907:<\/strong> Fabrication and assembly of pressure vessels at company and field sited under our control.<\/li>\n<li><strong>ASME certificate of authorization and construction mark (stamp) U2 \u2013 Certificated number 39,945:<\/strong> Fabrication and assembly of pressure vessels (high at company and field sited under our control<\/li>\n<li><strong>ASME certificate of authorization and construction mark (stamp) PP \u2013 Certificated number 36,905:<\/strong> fabrication and assembly of pressure piping at company and field sited under our control<\/li>\n<li><strong>ASME certificate of authorization and construction mark (stamp) S \u2013 Certificated number 36,906:<\/strong> fabrication and assembly of power boilers at company and field sited under our control<\/li>\n<li><strong>ASME certificate of authorization and construction mark (stamp) T \u2013 Certificated number 36,908:<\/strong> Fabrication and assembly of class 1 transport tanks at company and field sited under our control<\/li>\n<li><strong>ASME certificate of authorization and construction mark (stamp) R \u2013 Certificated number R-7244:<\/strong> Metallic repairs and\/or alterations at company and extended for field repairs and\/or alterations under our control<\/li>\n<li><strong>ISO 9001:2015\u2013 Certificated number 01 10006 062534:<\/strong> Design and manufacturing of pressure vessels, metallic structures, tanks, boiler Works, piping, and other small equipment and rolling equipment<\/li>\n<li><strong>ISO 14001:2015\u2013 Certificated number 07 10406 126280:<\/strong> Design and manufacturing of pressure vessels, metallic structures, tanks, boiler Works, piping, and other small equipment and rolling equipment<\/li>\n<li><strong>ISO 45001:2018 \u2013 Certificated number 01 113 2019777:<\/strong> design and manufacturing of pressure vessels, Steel structures and Steel Works equipment<\/li>\n<li><strong>API QR QMS Registered \u2013 ISO 9001:2015\u2013 Certificated number 1030:<\/strong> 2015 for design, fabrication and erection of above de ground storage tanks and pressure vessels without exclusion<\/li>\n<li><strong>API Q1 650-0005 Monogram:<\/strong> Fabricated Steel plates and shop built tanks (appendix J)<\/li>\n<\/ul>\n<p style=\"text-align: justify;\">Trabajamos seg\u00fan est\u00e1ndares y pr\u00e1cticas recomendadas de los principales organismos internacionales:<\/p>\n<ul>\n<li>ANSI American National Standard Institute<\/li>\n<li>API American Petroleum Institute<\/li>\n<li>ASME American Society of Mechanical Engineers<\/li>\n<li>ASTM American Society for Testing and Materials<\/li>\n<li>AWS American Welding Society<\/li>\n<li>IEEE Institute of Electrical and Electronics Engineers<\/li>\n<li>ISA Instrument Society of American<\/li>\n<li>NEC National Electrical Code<\/li>\n<li>NACE National Association Corrosion Engineers<\/li>\n<li>NEMA National Electrical Manufacturers Association<\/li>\n<li>NFPA National Fire Protection Association<\/li>\n<li>OSHA Occupational Safety and Health Administration<\/li>\n<li>ASNT American Society for Non destructive Testing<\/li>\n<li>NB National Board inspection code<\/li>\n<\/ul>\n\n\t\t<\/div><\/div>\n\t\t\t\t<\/div>\n\t\t\t\t\t\t\t<div class=\"elementor-accordion-item\">\n\t\t\t\t\t<div id=\"elementor-tab-title-5943\" class=\"elementor-tab-title\" data-tab=\"3\" role=\"tab\" aria-controls=\"elementor-tab-content-5943\" aria-expanded=\"false\">\n\t\t\t\t\t\t\t\t\t\t\t\t\t<span class=\"elementor-accordion-icon elementor-accordion-icon-left\" aria-hidden=\"true\">\n\t\t\t\t\t\t\t\t\t\t\t\t\t\t\t<span class=\"elementor-accordion-icon-closed\"><i class=\"fas fa-angle-double-down\"><\/i><\/span>\n\t\t\t\t\t\t\t\t<span class=\"elementor-accordion-icon-opened\"><i class=\"fas fa-angle-double-up\"><\/i><\/span>\n\t\t\t\t\t\t\t\t\t\t\t\t\t\t<\/span>\n\t\t\t\t\t\t\t\t\t\t\t\t<a class=\"elementor-accordion-title\" href=\"\">Productos<\/a>\n\t\t\t\t\t<\/div>\n\t\t\t\t\t<div id=\"elementor-tab-content-5943\" class=\"elementor-tab-content elementor-clearfix\" data-tab=\"3\" role=\"tabpanel\" aria-labelledby=\"elementor-tab-title-5943\"><section class=\"elementor-section elementor-top-section elementor-element elementor-element-f31a07b elementor-section-boxed elementor-section-height-default elementor-section-height-default\" data-id=\"f31a07b\" data-element_type=\"section\"><div class=\"elementor-container elementor-column-gap-default\"><div class=\"elementor-column elementor-col-33 elementor-top-column elementor-element elementor-element-2db09ce\" data-id=\"2db09ce\" data-element_type=\"column\"><div class=\"elementor-widget-wrap elementor-element-populated\"><div class=\"elementor-element elementor-element-ca196bc elementor-widget elementor-widget-image\" data-id=\"ca196bc\" data-element_type=\"widget\" data-widget_type=\"image.default\"><div class=\"elementor-widget-container\"><picture><source srcset=\"https:\/\/carloscaballerosa.com\/wp-content\/uploads\/2021\/11\/ccsa-ingenieria-diseno-.jpg.webp\" type=\"image\/webp\" \/><img loading=\"lazy\" decoding=\"async\" class=\"attachment-large size-large webpexpress-processed\" src=\"https:\/\/carloscaballerosa.com\/wp-content\/uploads\/2021\/11\/ccsa-ingenieria-diseno-.jpg\" alt=\"\" width=\"293\" height=\"300\" \/><\/picture><\/div><\/div><\/div><\/div><div class=\"elementor-column elementor-col-66 elementor-top-column elementor-element elementor-element-058bafb\" data-id=\"058bafb\" data-element_type=\"column\"><div class=\"elementor-widget-wrap elementor-element-populated\"><div class=\"elementor-element elementor-element-bace077 elementor-widget elementor-widget-text-editor\" data-id=\"bace077\" data-element_type=\"widget\" data-widget_type=\"text-editor.default\"><div class=\"elementor-widget-container\"><p><strong>Ingenier\u00eda y Dise\u00f1o<br \/><\/strong>El departamento de ingenier\u00eda brinda invaluable asistencia t\u00e9cnica y soluciones al cliente interno y externo, basados en una amplia y diversa experiencia. Proveemos diversos servicios de ingenier\u00eda a requerimiento del proyecto.<\/p><p><strong><a title=\"Ingenier\u00eda y Dise\u00f1o\" href=\"https:\/\/carloscaballerosa.com\/en\/unidades-de-negocio\/industria-metalurgica\/ingenieria-y-diseno\/\">Leer M\u00e1s&gt;&gt;<\/a><\/strong><\/p><\/div><\/div><\/div><\/div><\/div><\/section><section class=\"elementor-section elementor-top-section elementor-element elementor-element-0752fa9 elementor-section-boxed elementor-section-height-default elementor-section-height-default\" data-id=\"0752fa9\" data-element_type=\"section\"><div class=\"elementor-container elementor-column-gap-default\"><div class=\"elementor-column elementor-col-66 elementor-top-column elementor-element elementor-element-0da2aaf\" data-id=\"0da2aaf\" data-element_type=\"column\"><div class=\"elementor-widget-wrap elementor-element-populated\"><div class=\"elementor-element elementor-element-479da25 elementor-widget elementor-widget-text-editor\" data-id=\"479da25\" data-element_type=\"widget\" data-widget_type=\"text-editor.default\"><div class=\"elementor-widget-container\"><p><strong>Fabricaci\u00f3n de Equipos y Estructuras<\/strong><br \/>La capacidad instalada de procesamiento de 800 toneladas\/mes est\u00e1 distribuida en 5 l\u00edneas de producci\u00f3n.<\/p><p><strong><a title=\"Fabricaci\u00f3n de Equipos y Estructuras\" href=\"https:\/\/carloscaballerosa.com\/en\/unidades-de-negocio\/industria-metalurgica\/fabricacion-de-equipos-y-estructuras\/\">Leer M\u00e1s&gt;&gt;<\/a><\/strong><\/p><\/div><\/div><\/div><\/div><div class=\"elementor-column elementor-col-33 elementor-top-column elementor-element elementor-element-670b6cd\" data-id=\"670b6cd\" data-element_type=\"column\"><div class=\"elementor-widget-wrap elementor-element-populated\"><div class=\"elementor-element elementor-element-3471f2b elementor-widget elementor-widget-image\" data-id=\"3471f2b\" data-element_type=\"widget\" data-widget_type=\"image.default\"><div class=\"elementor-widget-container\"><picture><source srcset=\"https:\/\/carloscaballerosa.com\/wp-content\/uploads\/2021\/11\/ccsa-fab-equipos-estruc.jpg.webp\" type=\"image\/webp\" \/><img loading=\"lazy\" decoding=\"async\" class=\"attachment-large size-large webpexpress-processed\" src=\"https:\/\/carloscaballerosa.com\/wp-content\/uploads\/2021\/11\/ccsa-fab-equipos-estruc.jpg\" alt=\"\" width=\"300\" height=\"225\" \/><\/picture><\/div><\/div><\/div><\/div><\/div><\/section><div class=\"elementor-container elementor-column-gap-default\"><div class=\"elementor-column elementor-col-33 elementor-top-column elementor-element elementor-element-1d735f0\" data-id=\"1d735f0\" data-element_type=\"column\"><div class=\"elementor-widget-wrap elementor-element-populated\"><div class=\"elementor-element elementor-element-aec7be1 elementor-widget elementor-widget-image\" data-id=\"aec7be1\" data-element_type=\"widget\" data-widget_type=\"image.default\"><div class=\"elementor-widget-container\"><picture><source srcset=\"https:\/\/carloscaballerosa.com\/wp-content\/uploads\/2021\/11\/ccsa-servicio-pre-fabrica-spools.jpg.webp\" type=\"image\/webp\" \/><img loading=\"lazy\" decoding=\"async\" class=\"attachment-large size-large webpexpress-processed\" src=\"https:\/\/carloscaballerosa.com\/wp-content\/uploads\/2021\/11\/ccsa-servicio-pre-fabrica-spools.jpg\" alt=\"\" width=\"300\" height=\"225\" \/><\/picture><\/div><\/div><\/div><\/div><div class=\"elementor-column elementor-col-66 elementor-top-column elementor-element elementor-element-6d447c8\" data-id=\"6d447c8\" data-element_type=\"column\"><div class=\"elementor-widget-wrap elementor-element-populated\"><div class=\"elementor-element elementor-element-4568444 elementor-widget elementor-widget-text-editor\" data-id=\"4568444\" data-element_type=\"widget\" data-widget_type=\"text-editor.default\"><div class=\"elementor-widget-container\"><p><strong>Servicio de Pre-Fabricaci\u00f3n de Spools y M\u00f3dulos Paquetizados<br \/><\/strong>Tecnolog\u00eda y calidad para reducir costos y contratiempos en la construcci\u00f3n de tuber\u00edas. Los spools permiten dividir las tuber\u00edas en piezas y agruparlas en isom\u00e9tricos para su pre-fabricaci\u00f3n, acabado y facilidad para el transporte y montaje.<\/p><p><a title=\"Servicio de Pre-Fabricaci\u00f3n de Spools\" href=\"https:\/\/carloscaballerosa.com\/en\/unidades-de-negocio\/industria-metalurgica\/servicio-de-pre-fabricacion-de-spools\/\"><strong>Leer M\u00e1s&gt;&gt;<\/strong><\/a><\/p><\/div><\/div><\/div><\/div><\/div><section class=\"elementor-section elementor-top-section elementor-element elementor-element-997bd8f elementor-section-boxed elementor-section-height-default elementor-section-height-default\" data-id=\"997bd8f\" data-element_type=\"section\"><div class=\"elementor-container elementor-column-gap-default\"><div class=\"elementor-column elementor-col-66 elementor-top-column elementor-element elementor-element-aaa9937\" data-id=\"aaa9937\" data-element_type=\"column\"><div class=\"elementor-widget-wrap elementor-element-populated\"><div class=\"elementor-element elementor-element-691a6f8 elementor-widget elementor-widget-text-editor\" data-id=\"691a6f8\" data-element_type=\"widget\" data-widget_type=\"text-editor.default\"><div class=\"elementor-widget-container\"><p><strong>Servicio de Inspecci\u00f3n, Reparaci\u00f3n y Mantenimiento Certificado<br \/><\/strong>Mantenga la confiabilidad, rendimiento y valor de sus activos y equipos cr\u00edticos, a la vez que garantiza la seguridad de su personal, la comunidad y el medio ambiente.<\/p><p><strong><a title=\"Servicio de Inspecci\u00f3n, Reparaci\u00f3n y Mantenimiento Certificado\" href=\"https:\/\/carloscaballerosa.com\/en\/unidades-de-negocio\/industria-metalurgica\/servicio-de-inspeccion-reparacion-y-mantenimiento-certificado\/\">Leer M\u00e1s&gt;&gt;<\/a><\/strong><\/p><\/div><\/div><\/div><\/div><div class=\"elementor-column elementor-col-33 elementor-top-column elementor-element elementor-element-e8a1cfb\" data-id=\"e8a1cfb\" data-element_type=\"column\"><div class=\"elementor-widget-wrap elementor-element-populated\"><div class=\"elementor-element elementor-element-743d326 elementor-widget elementor-widget-image\" data-id=\"743d326\" data-element_type=\"widget\" data-widget_type=\"image.default\"><div class=\"elementor-widget-container\"><picture><source srcset=\"https:\/\/carloscaballerosa.com\/wp-content\/uploads\/2021\/11\/ccsa-servicio-de-inspeccion.jpg.webp\" type=\"image\/webp\" \/><img loading=\"lazy\" decoding=\"async\" class=\"attachment-large size-large webpexpress-processed\" src=\"https:\/\/carloscaballerosa.com\/wp-content\/uploads\/2021\/11\/ccsa-servicio-de-inspeccion.jpg\" alt=\"\" width=\"300\" height=\"225\" \/><\/picture><\/div><\/div><\/div><\/div><\/div><\/section><\/div>\n\t\t\t\t<\/div>\n\t\t\t\t\t\t\t\t<\/div>\n\t\t\t\t<\/div>\n\t\t\t\t<\/div>\n\t\t\t\t\t<\/div>\n\t\t<\/div>\n\t\t\t\t\t\t\t<\/div>\n\t\t<\/div>\n\t\t\t\t\t\t<\/div>\n\t\t\t\t\t<\/div>","protected":false},"excerpt":{"rendered":"<p>unidades de negocio Fabricaci\u00f3n Unidad de negocios especializada en ingenier\u00eda, fabricaci\u00f3n y mantenimiento de equipos terminados y prefabricados para la industria petrolera, energ\u00e9tica, minera, cementera, sucroalcoholera, infraestructura, aceitera, l\u00e1cteos, etc.Contamos con dos talleres de fabricaci\u00f3n de equipos e infraestructura en acero, con m\u00e1s de 45.000 m2 cubiertos y 100.000 m2 adicionales de \u00e1reas de procesos [&hellip;]<\/p>","protected":false},"author":1,"featured_media":0,"parent":331,"menu_order":0,"comment_status":"closed","ping_status":"closed","template":"","meta":{"_acf_changed":false,"_monsterinsights_skip_tracking":false,"_monsterinsights_sitenote_active":false,"_monsterinsights_sitenote_note":"","_monsterinsights_sitenote_category":0,"footnotes":""},"class_list":["post-3004","page","type-page","status-publish","hentry"],"acf":[],"aioseo_notices":[],"_links":{"self":[{"href":"https:\/\/carloscaballerosa.com\/en\/wp-json\/wp\/v2\/pages\/3004","targetHints":{"allow":["GET"]}}],"collection":[{"href":"https:\/\/carloscaballerosa.com\/en\/wp-json\/wp\/v2\/pages"}],"about":[{"href":"https:\/\/carloscaballerosa.com\/en\/wp-json\/wp\/v2\/types\/page"}],"author":[{"embeddable":true,"href":"https:\/\/carloscaballerosa.com\/en\/wp-json\/wp\/v2\/users\/1"}],"replies":[{"embeddable":true,"href":"https:\/\/carloscaballerosa.com\/en\/wp-json\/wp\/v2\/comments?post=3004"}],"version-history":[{"count":87,"href":"https:\/\/carloscaballerosa.com\/en\/wp-json\/wp\/v2\/pages\/3004\/revisions"}],"predecessor-version":[{"id":5624,"href":"https:\/\/carloscaballerosa.com\/en\/wp-json\/wp\/v2\/pages\/3004\/revisions\/5624"}],"up":[{"embeddable":true,"href":"https:\/\/carloscaballerosa.com\/en\/wp-json\/wp\/v2\/pages\/331"}],"wp:attachment":[{"href":"https:\/\/carloscaballerosa.com\/en\/wp-json\/wp\/v2\/media?parent=3004"}],"curies":[{"name":"wp","href":"https:\/\/api.w.org\/{rel}","templated":true}]}}