{"id":2028,"date":"2020-09-24T09:03:37","date_gmt":"2020-09-24T09:03:37","guid":{"rendered":"http:\/\/industrie.peacefulqode.com\/?page_id=2028"},"modified":"2022-04-17T14:25:26","modified_gmt":"2022-04-17T14:25:26","slug":"nuestro-equipo","status":"publish","type":"page","link":"https:\/\/carloscaballerosa.com\/en\/rr-hh\/nuestro-equipo\/","title":{"rendered":"Nuestro Equipo"},"content":{"rendered":"<div data-elementor-type=\"wp-page\" data-elementor-id=\"2028\" class=\"elementor elementor-2028\" data-elementor-settings=\"[]\">\n\t\t\t\t\t\t\t<div class=\"elementor-section-wrap\">\n\t\t\t\t\t\t\t<div class=\"elementor-section elementor-top-section elementor-element elementor-element-752e8f5 elementor-section-full_width elementor-section-stretched elementor-section-height-default elementor-section-height-default\" data-id=\"752e8f5\" data-element_type=\"section\" data-settings=\"{&quot;stretch_section&quot;:&quot;section-stretched&quot;,&quot;background_background&quot;:&quot;classic&quot;}\">\n\t\t\t\t\t\t\t<div class=\"elementor-background-overlay\"><\/div>\n\t\t\t\t\t\t\t<div class=\"elementor-container elementor-column-gap-default\">\n\t\t\t\t\t<div class=\"elementor-column elementor-col-100 elementor-top-column elementor-element elementor-element-6e1d9b2\" data-id=\"6e1d9b2\" data-element_type=\"column\">\n\t\t\t<div class=\"elementor-widget-wrap elementor-element-populated\">\n\t\t\t\t\t\t\t\t<div class=\"elementor-section elementor-inner-section elementor-element elementor-element-25e61db elementor-section-boxed elementor-section-height-default elementor-section-height-default\" data-id=\"25e61db\" data-element_type=\"section\">\n\t\t\t\t\t\t<div class=\"elementor-container elementor-column-gap-default\">\n\t\t\t\t\t<div class=\"elementor-column elementor-col-100 elementor-inner-column elementor-element elementor-element-47e80ce\" data-id=\"47e80ce\" data-element_type=\"column\">\n\t\t\t<div class=\"elementor-widget-wrap elementor-element-populated\">\n\t\t\t\t\t\t\t\t<div class=\"elementor-element elementor-element-b759eaa elementor-widget elementor-widget-section_title\" data-id=\"b759eaa\" data-element_type=\"widget\" data-widget_type=\"section_title.default\">\n\t\t\t\t<div class=\"elementor-widget-container\">\n\t\t\t\r\n\r\n\r\n<div class=\"pt-section-title-box text-center\">   \r\n   \t\t<span class=\"pt-section-sub-title\">NUESTRO EQUIPO<\/span>     \t<h5 class=\"pt-section-title\"> Excelente equipo, excelentes resultados<\/h5>     \t   \r\n<\/div>\t\t<\/div>\n\t\t\t\t<\/div>\n\t\t\t\t<div class=\"elementor-element elementor-element-c85ae6b elementor-widget elementor-widget-text-editor\" data-id=\"c85ae6b\" data-element_type=\"widget\" data-widget_type=\"text-editor.default\">\n\t\t\t\t<div class=\"elementor-widget-container\">\n\t\t\t\t\t\t\t<p>El \u00e9xito de una organizaci\u00f3n se sustenta a trav\u00e9s del capital humano que lo compone, por ello contamos con un plantel de profesionales certificados especializados en las distintas \u00e1reas de la ingenier\u00eda, producci\u00f3n, planificaci\u00f3n y construcci\u00f3n. Nuestra fuerza de trabajo est\u00e1 conformada por personal t\u00e9cnico con amplia experiencia liderando equipos operativos en capacitaci\u00f3n y evaluaci\u00f3n permanente, promoviendo el crecimiento profesional.<\/p><p>Nuestros planes de motivaci\u00f3n se sustentan del diagn\u00f3stico de cultura y clima organizacional.<\/p><p>El equipo de Desarrollo humano se encarga de aplicar herramientas de gesti\u00f3n a la medida de nuestras exigencias, cumpliendo con los est\u00e1ndares de identificaci\u00f3n del personal id\u00f3neo acorde a la cultura Caballero.<\/p><p>Nuestros planes de motivaci\u00f3n se sustentan del diagn\u00f3stico de cultura y clima. <span style=\"text-decoration: line-through;\">A<\/span> trav\u00e9s del mismo brindamos a nuestro personal una serie de beneficios sociales, compensaciones, planes de formaci\u00f3n continua, actividades de integraci\u00f3n, trabajo en equipo etc.\u00a0<\/p>\t\t\t\t\t\t<\/div>\n\t\t\t\t<\/div>\n\t\t\t\t<div class=\"elementor-element elementor-element-b3fe963 elementor-widget elementor-widget-text-editor\" data-id=\"b3fe963\" data-element_type=\"widget\" data-widget_type=\"text-editor.default\">\n\t\t\t\t<div class=\"elementor-widget-container\">\n\t\t\t\t\t\t\t\t\t\t\t\t\t<\/div>\n\t\t\t\t<\/div>\n\t\t\t\t\t<\/div>\n\t\t<\/div>\n\t\t\t\t\t\t\t<\/div>\n\t\t<\/div>\n\t\t\t\t\t<\/div>\n\t\t<\/div>\n\t\t\t\t\t\t\t<\/div>\n\t\t<\/div>\n\t\t\t\t\t\t<\/div>\n\t\t\t\t\t<\/div>","protected":false},"excerpt":{"rendered":"<p>NUESTRO EQUIPO Excelente equipo, excelentes resultados El \u00e9xito de una organizaci\u00f3n se sustenta a trav\u00e9s del capital humano que lo compone, por ello contamos con un plantel de profesionales certificados especializados en las distintas \u00e1reas de la ingenier\u00eda, producci\u00f3n, planificaci\u00f3n y construcci\u00f3n. Nuestra fuerza de trabajo est\u00e1 conformada por personal t\u00e9cnico con amplia experiencia liderando [&hellip;]<\/p>","protected":false},"author":1,"featured_media":0,"parent":1987,"menu_order":0,"comment_status":"closed","ping_status":"closed","template":"","meta":{"_acf_changed":false,"_monsterinsights_skip_tracking":false,"_monsterinsights_sitenote_active":false,"_monsterinsights_sitenote_note":"","_monsterinsights_sitenote_category":0,"footnotes":""},"class_list":["post-2028","page","type-page","status-publish","hentry"],"acf":[],"aioseo_notices":[],"_links":{"self":[{"href":"https:\/\/carloscaballerosa.com\/en\/wp-json\/wp\/v2\/pages\/2028","targetHints":{"allow":["GET"]}}],"collection":[{"href":"https:\/\/carloscaballerosa.com\/en\/wp-json\/wp\/v2\/pages"}],"about":[{"href":"https:\/\/carloscaballerosa.com\/en\/wp-json\/wp\/v2\/types\/page"}],"author":[{"embeddable":true,"href":"https:\/\/carloscaballerosa.com\/en\/wp-json\/wp\/v2\/users\/1"}],"replies":[{"embeddable":true,"href":"https:\/\/carloscaballerosa.com\/en\/wp-json\/wp\/v2\/comments?post=2028"}],"version-history":[{"count":23,"href":"https:\/\/carloscaballerosa.com\/en\/wp-json\/wp\/v2\/pages\/2028\/revisions"}],"predecessor-version":[{"id":5639,"href":"https:\/\/carloscaballerosa.com\/en\/wp-json\/wp\/v2\/pages\/2028\/revisions\/5639"}],"up":[{"embeddable":true,"href":"https:\/\/carloscaballerosa.com\/en\/wp-json\/wp\/v2\/pages\/1987"}],"wp:attachment":[{"href":"https:\/\/carloscaballerosa.com\/en\/wp-json\/wp\/v2\/media?parent=2028"}],"curies":[{"name":"wp","href":"https:\/\/api.w.org\/{rel}","templated":true}]}}